{"id":12,"date":"2024-04-01T22:17:32","date_gmt":"2024-04-02T01:17:32","guid":{"rendered":"https:\/\/mamajula.com.br\/?page_id=12"},"modified":"2024-11-08T18:47:23","modified_gmt":"2024-11-08T21:47:23","slug":"reembolso_devolucoes","status":"publish","type":"page","link":"https:\/\/mamajula.com.br\/index.php\/reembolso_devolucoes\/","title":{"rendered":"Pol\u00edtica de reembolso e devolu\u00e7\u00f5es"},"content":{"rendered":"\t\t<div data-elementor-type=\"wp-page\" data-elementor-id=\"12\" class=\"elementor elementor-12\" data-elementor-post-type=\"page\">\n\t\t\t\t<div class=\"elementor-element elementor-element-686913f2 e-flex e-con-boxed e-con e-parent\" data-id=\"686913f2\" data-element_type=\"container\">\n\t\t\t\t\t<div class=\"e-con-inner\">\n\t\t\t\t<div class=\"elementor-element elementor-element-9c00ef6 elementor-widget elementor-widget-html\" data-id=\"9c00ef6\" data-element_type=\"widget\" data-widget_type=\"html.default\">\n\t\t\t\t<div class=\"elementor-widget-container\">\n\t\t\t<strong><h5>QUAL O PRAZO PARA REALIZAR UMA TROCA ?<\/strong>\n\n\n\t\t<\/div>\n\t\t\t\t<\/div>\n\t\t\t\t<div class=\"elementor-element elementor-element-54383e3d elementor-widget elementor-widget-text-editor\" data-id=\"54383e3d\" data-element_type=\"widget\" data-widget_type=\"text-editor.default\">\n\t\t\t\t<div class=\"elementor-widget-container\">\n\t\t\t\t\t\t\t<p><!-- wp:paragraph --><\/p>\n<p><!-- \/wp:paragraph --><\/p>\n<p><!-- wp:paragraph --><\/p>\n<p>Voc\u00ea tem 7 (sete) dias corridos, a contar da data da entrega de sua compra, para manifestar-se sobre a desist\u00eancia ou defeito.<br \/>&#8211; Aceitamos a desist\u00eancia da compra do produto quando n\u00e3o h\u00e1 viola\u00e7\u00e3o da embalagem do produto e qualquer ind\u00edcio de uso do mesmo.<br \/>&#8211; O processo de restitui\u00e7\u00e3o por desist\u00eancia ou troca da compra s\u00f3 ser\u00e1 iniciado ap\u00f3s o recebimento do produto em nosso centro de distribui\u00e7\u00e3o e checagem de suas condi\u00e7\u00f5es, acompanhado de sua etiqueta.<br \/>&#8211; Caso n\u00e3o haja ind\u00edcios de uso, providenciaremos a restitui\u00e7\u00e3o da quantia paga pelo mesmo ou a troca.<br \/>&#8211; O prazo de substitui\u00e7\u00e3o do produto pode levar at\u00e9 30 dias para ocorrer por motivo de disponibilidade.<br \/>&#8211; Toda troca ou devolu\u00e7\u00e3o deve ser comunicada a nossa central de atendimento contato@mamajula.com.br\u00a0para que possamos fornecer instru\u00e7\u00f5es detalhadas sobre o processo.<br \/>&#8211; Todas as despesas de frete referente a troca ou devolu\u00e7\u00e3o de produtos por motivo de desist\u00eancia ser\u00e3o por conta do cliente.<br \/>&#8211; As despesas de frete referente a troca ou devolu\u00e7\u00e3o de produtos que sofreram avarias no transporte ser\u00e3o por conta da empresa.<br \/>&#8211; Caso seja verificado problemas como a viola\u00e7\u00e3o da embalagem ou produto avariado, o cliente deve recusar a encomenda no recebimento.<br \/>\u00c9 de responsabilidade do comprador entrar em contato conosco atrav\u00e9s do e-mail : contato@mamajula.com.br explicitando ocorrido, para que possamos realizar a troca<\/p>\n<p>N\u00f3s garantimos absolutamente que o decant de perfume que voc\u00ea compra \u00e9 genu\u00edno, aut\u00eantico, retirado diretamente do frasco do fabricante e decantado manualmente.<\/p>\n<p>Infelizmente, n\u00e3o podemos garantir que voc\u00ea ir\u00e1 gostar da fragr\u00e2ncia; voc\u00ea pode at\u00e9 mesmo odiar!<\/p>\n<p>Temos uma pol\u00edtica rigorosa para devolu\u00e7\u00f5es e reembolsos: apenas aceitamos devolu\u00e7\u00f5es de itens &#8216;n\u00e3o abertos&#8217;.<\/p>\n<p>Isso significa que n\u00e3o podemos aceitar devolu\u00e7\u00f5es se a embalagem externa ou caixa tiver sido aberta, independentemente das circunst\u00e2ncias.<\/p>\n<p>Lembre-se de que perfume \u00e9 altamente pessoal e subjetivo. Portanto, n\u00e3o podemos fornecer devolu\u00e7\u00f5es ou reembolsos para produtos que tenham sido abertos e usados simplesmente porque voc\u00ea n\u00e3o est\u00e1 satisfeito com a fragr\u00e2ncia.<\/p>\n<p>Para isso que servem os decants. Experimentar antes de comprar um frasco de perfume em tamanho grande.<\/p>\n<p>\u00a0<\/p>\n<p>\u00a0<\/p>\n<p><!-- \/wp:paragraph --><\/p>\t\t\t\t\t\t<\/div>\n\t\t\t\t<\/div>\n\t\t\t\t\t<\/div>\n\t\t\t\t<\/div>\n\t\t\t\t<\/div>\n\t\t","protected":false},"excerpt":{"rendered":"<p>QUAL O PRAZO PARA REALIZAR UMA TROCA ? Voc\u00ea tem 7 (sete) dias corridos, a contar da data da entrega de sua compra, para manifestar-se sobre a desist\u00eancia ou defeito.&#8211; Aceitamos a desist\u00eancia da compra do produto quando n\u00e3o h\u00e1 viola\u00e7\u00e3o da embalagem do produto e qualquer ind\u00edcio de uso do mesmo.&#8211; O processo de [&hellip;]<\/p>\n","protected":false},"author":1,"featured_media":0,"parent":0,"menu_order":0,"comment_status":"closed","ping_status":"closed","template":"","meta":{"footnotes":""},"class_list":["post-12","page","type-page","status-publish","hentry"],"_links":{"self":[{"href":"https:\/\/mamajula.com.br\/index.php\/wp-json\/wp\/v2\/pages\/12","targetHints":{"allow":["GET"]}}],"collection":[{"href":"https:\/\/mamajula.com.br\/index.php\/wp-json\/wp\/v2\/pages"}],"about":[{"href":"https:\/\/mamajula.com.br\/index.php\/wp-json\/wp\/v2\/types\/page"}],"author":[{"embeddable":true,"href":"https:\/\/mamajula.com.br\/index.php\/wp-json\/wp\/v2\/users\/1"}],"replies":[{"embeddable":true,"href":"https:\/\/mamajula.com.br\/index.php\/wp-json\/wp\/v2\/comments?post=12"}],"version-history":[{"count":4,"href":"https:\/\/mamajula.com.br\/index.php\/wp-json\/wp\/v2\/pages\/12\/revisions"}],"predecessor-version":[{"id":1016,"href":"https:\/\/mamajula.com.br\/index.php\/wp-json\/wp\/v2\/pages\/12\/revisions\/1016"}],"wp:attachment":[{"href":"https:\/\/mamajula.com.br\/index.php\/wp-json\/wp\/v2\/media?parent=12"}],"curies":[{"name":"wp","href":"https:\/\/api.w.org\/{rel}","templated":true}]}}