{"id":382,"date":"2024-04-01T21:18:04","date_gmt":"2024-04-02T00:18:04","guid":{"rendered":"https:\/\/mamajula.com.br\/?page_id=382"},"modified":"2024-04-01T22:50:35","modified_gmt":"2024-04-02T01:50:35","slug":"entregas-e-prazos","status":"publish","type":"page","link":"https:\/\/mamajula.com.br\/index.php\/entregas-e-prazos\/","title":{"rendered":"Pol\u00edticas de Entregas e Prazos"},"content":{"rendered":"\t\t<div data-elementor-type=\"wp-page\" data-elementor-id=\"382\" class=\"elementor elementor-382\" data-elementor-post-type=\"page\">\n\t\t\t\t<div class=\"elementor-element elementor-element-a96a23d e-flex e-con-boxed e-con e-parent\" data-id=\"a96a23d\" data-element_type=\"container\" data-settings=\"{&quot;background_background&quot;:&quot;classic&quot;}\">\n\t\t\t\t\t<div class=\"e-con-inner\">\n\t\t\t\t<div class=\"elementor-element elementor-element-5397f9e elementor-widget elementor-widget-heading\" data-id=\"5397f9e\" data-element_type=\"widget\" data-widget_type=\"heading.default\">\n\t\t\t\t<div class=\"elementor-widget-container\">\n\t\t\t<h2 class=\"elementor-heading-title elementor-size-default\">Pol\u00edtica de Entregas e Prazos<\/h2>\t\t<\/div>\n\t\t\t\t<\/div>\n\t\t\t\t\t<\/div>\n\t\t\t\t<\/div>\n\t\t<div class=\"elementor-element elementor-element-433e4cc e-flex e-con-boxed e-con e-parent\" data-id=\"433e4cc\" data-element_type=\"container\">\n\t\t\t\t\t<div class=\"e-con-inner\">\n\t\t\t\t<div class=\"elementor-element elementor-element-6f50b39 elementor-widget elementor-widget-text-editor\" data-id=\"6f50b39\" data-element_type=\"widget\" data-widget_type=\"text-editor.default\">\n\t\t\t\t<div class=\"elementor-widget-container\">\n\t\t\t\t\t\t\t<h3>Prazos para Processamento de Pedidos<\/h3><ul><li>Os pedidos s\u00e3o processados em at\u00e9 2 dias \u00fateis ap\u00f3s a confirma\u00e7\u00e3o do pagamento.<\/li><\/ul><h3>Condi\u00e7\u00f5es de Frete<\/h3><ul><li>Realizamos entregas em todo o territ\u00f3rio nacional.<\/li><li>Os custos de frete variam de acordo com a regi\u00e3o de entrega.<\/li><\/ul><h3>Custos de Frete<\/h3><ul><li>O Custo de frete pode variar conforme o local da entrega e meio escolhido.<\/li><\/ul><h3>Op\u00e7\u00f5es de Entrega<\/h3><ul><li>Transportadora: Prazo m\u00e9dio de 3 a 5 dias \u00fateis.<\/li><li>Retirada na Loja: Dispon\u00edvel apenas para clientes locais.<\/li><\/ul><h3>Devolu\u00e7\u00f5es e Trocas<\/h3><ul><li>Aceitamos devolu\u00e7\u00f5es dentro de 7 dias ap\u00f3s o recebimento do produto.<\/li><li>Trocas podem ser solicitadas em at\u00e9 15 dias ap\u00f3s o recebimento.<\/li><\/ul><h3>Interrup\u00e7\u00f5es no Servi\u00e7o<\/h3><ul><li>Em caso de greves ou feriados, os prazos de entrega podem ser afetados<\/li><\/ul>\t\t\t\t\t\t<\/div>\n\t\t\t\t<\/div>\n\t\t\t\t\t<\/div>\n\t\t\t\t<\/div>\n\t\t\t\t<\/div>\n\t\t","protected":false},"excerpt":{"rendered":"<p>Pol\u00edtica de Entregas e Prazos Prazos para Processamento de Pedidos Os pedidos s\u00e3o processados em at\u00e9 2 dias \u00fateis ap\u00f3s a confirma\u00e7\u00e3o do pagamento. Condi\u00e7\u00f5es de Frete Realizamos entregas em todo o territ\u00f3rio nacional. Os custos de frete variam de acordo com a regi\u00e3o de entrega. Custos de Frete O Custo de frete pode variar [&hellip;]<\/p>\n","protected":false},"author":1,"featured_media":0,"parent":0,"menu_order":0,"comment_status":"closed","ping_status":"closed","template":"elementor_header_footer","meta":{"footnotes":""},"class_list":["post-382","page","type-page","status-publish","hentry"],"_links":{"self":[{"href":"https:\/\/mamajula.com.br\/index.php\/wp-json\/wp\/v2\/pages\/382","targetHints":{"allow":["GET"]}}],"collection":[{"href":"https:\/\/mamajula.com.br\/index.php\/wp-json\/wp\/v2\/pages"}],"about":[{"href":"https:\/\/mamajula.com.br\/index.php\/wp-json\/wp\/v2\/types\/page"}],"author":[{"embeddable":true,"href":"https:\/\/mamajula.com.br\/index.php\/wp-json\/wp\/v2\/users\/1"}],"replies":[{"embeddable":true,"href":"https:\/\/mamajula.com.br\/index.php\/wp-json\/wp\/v2\/comments?post=382"}],"version-history":[{"count":11,"href":"https:\/\/mamajula.com.br\/index.php\/wp-json\/wp\/v2\/pages\/382\/revisions"}],"predecessor-version":[{"id":417,"href":"https:\/\/mamajula.com.br\/index.php\/wp-json\/wp\/v2\/pages\/382\/revisions\/417"}],"wp:attachment":[{"href":"https:\/\/mamajula.com.br\/index.php\/wp-json\/wp\/v2\/media?parent=382"}],"curies":[{"name":"wp","href":"https:\/\/api.w.org\/{rel}","templated":true}]}}