{"id":1033,"date":"2024-11-12T21:42:15","date_gmt":"2024-11-13T00:42:15","guid":{"rendered":"https:\/\/mamajula.com.br\/?post_type=product&#038;p=1033"},"modified":"2025-08-30T10:43:52","modified_gmt":"2025-08-30T13:43:52","slug":"perfume-para-cabelo-bacarat-rouge","status":"publish","type":"product","link":"https:\/\/mamajula.com.br\/index.php\/produto\/perfume-para-cabelo-bacarat-rouge\/","title":{"rendered":"Perfume para cabelo Bacarat Rouge"},"content":{"rendered":"<p>Al\u00e9m de perfumar deliciosamente os fios, esse produto oferece benef\u00edcios adicionais para a sa\u00fade e beleza do cabelo:<\/p>\n<p><\/p>\n<p>Prote\u00e7\u00e3o T\u00e9rmica: Ajuda a prevenir danos causados \u200b\u200bpor secadores, chapinhas e outros aparelhos de calor, mantendo os fios el\u00e1sticos e el\u00e1sticos, prevenindo o aparecimento de pontas duplas.<\/p>\n<p>Fragr\u00e2ncia Duradoura: fragr\u00e2ncia de uma fragr\u00e2ncia agrad\u00e1vel que perdura em seus cabelos ao longo do dia, proporcionando uma sensa\u00e7\u00e3o fresca e perfumada instantaneamente, eliminando odores indesej\u00e1veis.<\/p>\n<p>Versatilidade de Uso: Pode ser aplicado em cabelos secos ou \u00famidos, oferecendo praticidade para seu uso di\u00e1rio.<\/p>\n<p>Hidrata\u00e7\u00e3o Profunda: Sua f\u00f3rmula enriquecida com ingredientes nutritivos nutre e hidrata os cabelos, deixando-os macios e sedosos ao toque e protegidos das agress\u00f5es do dia a dia causados \u200b\u200bpela polui\u00e7\u00e3o e raios solares.<\/p>\n<p>Brilho Intenso: Real\u00e7a o brilho natural dos fios, proporcionando uma apar\u00eancia saud\u00e1vel e radiante.<\/p>\n<p>Efeito Anti-Est\u00e1tico: Ajuda a controlar o frizz e o efeito est\u00e1tico, mantendo os cabelos alinhados e disciplinados.<\/p>\n","protected":false},"excerpt":{"rendered":"<p>Uma fragr\u00e2ncia irresist\u00edvel e de longa dura\u00e7\u00e3o que deixar\u00e1 seus fios com um aroma encantador o dia todo! Desenvolvido com ingredientes de alta qualidade, esse perfume n\u00e3o apenas perfuma, mas tamb\u00e9m ajuda a nutrir e suavizar os cabelos, proporcionando um toque de frescor e leveza sem pesar. E o melhor de tudo? Ele possui um pre\u00e7o superacess\u00edvel, pensado para voc\u00ea que ama cuidar de si sem gastar muito. Experimente e se apaixone pela sensa\u00e7\u00e3o de cabelos sempre cheirosos e bem cuidados \u2014 uma experi\u00eancia \u00fanica que s\u00f3 a Mamajula oferece!<\/p>\n","protected":false},"featured_media":1023,"comment_status":"open","ping_status":"closed","template":"","meta":[],"product_brand":[],"product_cat":[116,43],"product_tag":[],"class_list":{"0":"post-1033","1":"product","2":"type-product","3":"status-publish","4":"has-post-thumbnail","6":"product_cat-perfume-para-cabelo","7":"product_cat-perfumes","9":"first","10":"instock","11":"shipping-taxable","12":"purchasable","13":"product-type-simple"},"_links":{"self":[{"href":"https:\/\/mamajula.com.br\/index.php\/wp-json\/wp\/v2\/product\/1033","targetHints":{"allow":["GET"]}}],"collection":[{"href":"https:\/\/mamajula.com.br\/index.php\/wp-json\/wp\/v2\/product"}],"about":[{"href":"https:\/\/mamajula.com.br\/index.php\/wp-json\/wp\/v2\/types\/product"}],"replies":[{"embeddable":true,"href":"https:\/\/mamajula.com.br\/index.php\/wp-json\/wp\/v2\/comments?post=1033"}],"wp:featuredmedia":[{"embeddable":true,"href":"https:\/\/mamajula.com.br\/index.php\/wp-json\/wp\/v2\/media\/1023"}],"wp:attachment":[{"href":"https:\/\/mamajula.com.br\/index.php\/wp-json\/wp\/v2\/media?parent=1033"}],"wp:term":[{"taxonomy":"product_brand","embeddable":true,"href":"https:\/\/mamajula.com.br\/index.php\/wp-json\/wp\/v2\/product_brand?post=1033"},{"taxonomy":"product_cat","embeddable":true,"href":"https:\/\/mamajula.com.br\/index.php\/wp-json\/wp\/v2\/product_cat?post=1033"},{"taxonomy":"product_tag","embeddable":true,"href":"https:\/\/mamajula.com.br\/index.php\/wp-json\/wp\/v2\/product_tag?post=1033"}],"curies":[{"name":"wp","href":"https:\/\/api.w.org\/{rel}","templated":true}]}}