{"id":1054,"date":"2024-12-09T21:43:23","date_gmt":"2024-12-10T00:43:23","guid":{"rendered":"https:\/\/mamajula.com.br\/index.php\/produto\/marca-montanne-parfums\/"},"modified":"2024-12-09T21:43:39","modified_gmt":"2024-12-10T00:43:39","slug":"marca-montanne-parfums","status":"publish","type":"product","link":"https:\/\/mamajula.com.br\/index.php\/produto\/marca-montanne-parfums\/","title":{"rendered":"Marca Mont\u2019Anne Parfums &#8211;"},"content":{"rendered":"<p><\/p>\n","protected":false},"excerpt":{"rendered":"<p>Marca Mont\u2019Anne Parfums<\/p>\n<p>Forma do produto Aerossol, L\u00edquido<\/p>\n<p>Volume do produto 100 Mililitros<\/p>\n<p>Aroma Frutado, Floral<\/p>\n<p>Faixa et\u00e1ria (descri\u00e7\u00e3o) Adulto<\/p>\n<p>Peso do produto 500 Gramas<\/p>\n<p>Pir\u00e2mide Olfativa: Floral Frutal Sofisticado Notas de Cabe\u00e7a: Laranja Verde, Salty, Baunilha<\/p>\n<p>Notas de Cora\u00e7\u00e3o: \u00c1gua de Jasmim e Alm\u00edscar<\/p>\n<p>Notas de Base: Flor de Gengibre e Ambergris<\/p>\n<p>Marca: Montanne<\/p>\n<p>Marca: Montanne<\/p>\n","protected":false},"featured_media":1047,"comment_status":"open","ping_status":"closed","template":"","meta":[],"product_brand":[],"product_cat":[43],"product_tag":[],"class_list":{"0":"post-1054","1":"product","2":"type-product","3":"status-publish","4":"has-post-thumbnail","6":"product_cat-perfumes","8":"first","9":"instock","10":"shipping-taxable","11":"purchasable","12":"product-type-simple"},"_links":{"self":[{"href":"https:\/\/mamajula.com.br\/index.php\/wp-json\/wp\/v2\/product\/1054","targetHints":{"allow":["GET"]}}],"collection":[{"href":"https:\/\/mamajula.com.br\/index.php\/wp-json\/wp\/v2\/product"}],"about":[{"href":"https:\/\/mamajula.com.br\/index.php\/wp-json\/wp\/v2\/types\/product"}],"replies":[{"embeddable":true,"href":"https:\/\/mamajula.com.br\/index.php\/wp-json\/wp\/v2\/comments?post=1054"}],"wp:featuredmedia":[{"embeddable":true,"href":"https:\/\/mamajula.com.br\/index.php\/wp-json\/wp\/v2\/media\/1047"}],"wp:attachment":[{"href":"https:\/\/mamajula.com.br\/index.php\/wp-json\/wp\/v2\/media?parent=1054"}],"wp:term":[{"taxonomy":"product_brand","embeddable":true,"href":"https:\/\/mamajula.com.br\/index.php\/wp-json\/wp\/v2\/product_brand?post=1054"},{"taxonomy":"product_cat","embeddable":true,"href":"https:\/\/mamajula.com.br\/index.php\/wp-json\/wp\/v2\/product_cat?post=1054"},{"taxonomy":"product_tag","embeddable":true,"href":"https:\/\/mamajula.com.br\/index.php\/wp-json\/wp\/v2\/product_tag?post=1054"}],"curies":[{"name":"wp","href":"https:\/\/api.w.org\/{rel}","templated":true}]}}