{"id":1070,"date":"2024-12-09T21:56:58","date_gmt":"2024-12-10T00:56:58","guid":{"rendered":"https:\/\/mamajula.com.br\/?post_type=product&#038;p=1070"},"modified":"2024-12-09T21:58:15","modified_gmt":"2024-12-10T00:58:15","slug":"pokaloka-amore","status":"publish","type":"product","link":"https:\/\/mamajula.com.br\/index.php\/produto\/pokaloka-amore\/","title":{"rendered":"Pokaloka &#8211; Amore"},"content":{"rendered":"<p><\/p>\n","protected":false},"excerpt":{"rendered":"<p>PokoLoka KIT Amore ; Oferecemos uma linha de Indica\u00e7\u00f5es do produto: Este produto \u00e9 recomendado para pessoas que desejam uma experi\u00eancia de cuidado com a pele, proporcionando hidrata\u00e7\u00e3o e fragr\u00e2ncia agrad\u00e1vel. Produtos sem teste em animais, incluindo refrescantes body splash e hidratantes. Cuide de si mesmo enquanto protege os animais.<\/p>\n","protected":false},"featured_media":1065,"comment_status":"open","ping_status":"closed","template":"","meta":[],"product_brand":[],"product_cat":[43],"product_tag":[],"class_list":{"0":"post-1070","1":"product","2":"type-product","3":"status-publish","4":"has-post-thumbnail","6":"product_cat-perfumes","8":"first","9":"instock","10":"shipping-taxable","11":"purchasable","12":"product-type-simple"},"_links":{"self":[{"href":"https:\/\/mamajula.com.br\/index.php\/wp-json\/wp\/v2\/product\/1070","targetHints":{"allow":["GET"]}}],"collection":[{"href":"https:\/\/mamajula.com.br\/index.php\/wp-json\/wp\/v2\/product"}],"about":[{"href":"https:\/\/mamajula.com.br\/index.php\/wp-json\/wp\/v2\/types\/product"}],"replies":[{"embeddable":true,"href":"https:\/\/mamajula.com.br\/index.php\/wp-json\/wp\/v2\/comments?post=1070"}],"wp:featuredmedia":[{"embeddable":true,"href":"https:\/\/mamajula.com.br\/index.php\/wp-json\/wp\/v2\/media\/1065"}],"wp:attachment":[{"href":"https:\/\/mamajula.com.br\/index.php\/wp-json\/wp\/v2\/media?parent=1070"}],"wp:term":[{"taxonomy":"product_brand","embeddable":true,"href":"https:\/\/mamajula.com.br\/index.php\/wp-json\/wp\/v2\/product_brand?post=1070"},{"taxonomy":"product_cat","embeddable":true,"href":"https:\/\/mamajula.com.br\/index.php\/wp-json\/wp\/v2\/product_cat?post=1070"},{"taxonomy":"product_tag","embeddable":true,"href":"https:\/\/mamajula.com.br\/index.php\/wp-json\/wp\/v2\/product_tag?post=1070"}],"curies":[{"name":"wp","href":"https:\/\/api.w.org\/{rel}","templated":true}]}}