{"id":1076,"date":"2024-12-22T20:04:39","date_gmt":"2024-12-22T23:04:39","guid":{"rendered":"https:\/\/mamajula.com.br\/index.php\/produto\/body-splash-la-rive-bright-grow-com-gliter\/"},"modified":"2024-12-22T20:04:39","modified_gmt":"2024-12-22T23:04:39","slug":"body-splash-la-rive-bright-grow-com-gliter","status":"publish","type":"product","link":"https:\/\/mamajula.com.br\/index.php\/produto\/body-splash-la-rive-bright-grow-com-gliter\/","title":{"rendered":"Body Splash La Rive Bright Grow &#8211; Com Gl\u00edter"},"content":{"rendered":"<p><br data-mce-bogus=\"1\"><\/p>\n","protected":false},"excerpt":{"rendered":"<p>BENEF\u00cdCIOS<\/p>\n<p>Excelente custo-benef\u00edcio;<\/p>\n<p>\u00d3tima qualidade de embalagem e frasco;<\/p>\n<p>Perfuma o corpo deixando uma agrad\u00e1vel sensa\u00e7\u00e3o de frescor e brilho;<\/p>\n<p>Perfuma e proporciona sensa\u00e7\u00e3o de leveza;<\/p>\n<p>Disfar\u00e7a os odores desagrad\u00e1veis do dia a dia;<\/p>\n<p>Excelente tamb\u00e9m para ser usado em dias de praia e calor;<\/p>\n<p>Perfeito para levar na bolsa ou mala;<\/p>\n<p>Fragr\u00e2ncia leve agrad\u00e1vel;<\/p>\n<p>Uma incr\u00edvel op\u00e7\u00e3o para presentear.<\/p>\n<p><\/p>\n<p>COMO APLICAR<\/p>\n<p>Borrife o Body Mist diretamente na pele.<\/p>\n<p>Os especialistas em fragr\u00e2ncias afirmam que os pontos ideais s\u00e3o aqueles em que h\u00e1 maior circula\u00e7\u00e3o sangu\u00ednea, o que ajuda a difundir o cheiro bom.<\/p>\n","protected":false},"featured_media":1073,"comment_status":"open","ping_status":"closed","template":"","meta":[],"product_brand":[],"product_cat":[46,43],"product_tag":[],"class_list":{"0":"post-1076","1":"product","2":"type-product","3":"status-publish","4":"has-post-thumbnail","6":"product_cat-geral","7":"product_cat-perfumes","9":"first","10":"instock","11":"shipping-taxable","12":"purchasable","13":"product-type-simple"},"_links":{"self":[{"href":"https:\/\/mamajula.com.br\/index.php\/wp-json\/wp\/v2\/product\/1076","targetHints":{"allow":["GET"]}}],"collection":[{"href":"https:\/\/mamajula.com.br\/index.php\/wp-json\/wp\/v2\/product"}],"about":[{"href":"https:\/\/mamajula.com.br\/index.php\/wp-json\/wp\/v2\/types\/product"}],"replies":[{"embeddable":true,"href":"https:\/\/mamajula.com.br\/index.php\/wp-json\/wp\/v2\/comments?post=1076"}],"wp:featuredmedia":[{"embeddable":true,"href":"https:\/\/mamajula.com.br\/index.php\/wp-json\/wp\/v2\/media\/1073"}],"wp:attachment":[{"href":"https:\/\/mamajula.com.br\/index.php\/wp-json\/wp\/v2\/media?parent=1076"}],"wp:term":[{"taxonomy":"product_brand","embeddable":true,"href":"https:\/\/mamajula.com.br\/index.php\/wp-json\/wp\/v2\/product_brand?post=1076"},{"taxonomy":"product_cat","embeddable":true,"href":"https:\/\/mamajula.com.br\/index.php\/wp-json\/wp\/v2\/product_cat?post=1076"},{"taxonomy":"product_tag","embeddable":true,"href":"https:\/\/mamajula.com.br\/index.php\/wp-json\/wp\/v2\/product_tag?post=1076"}],"curies":[{"name":"wp","href":"https:\/\/api.w.org\/{rel}","templated":true}]}}