{"id":1092,"date":"2025-01-10T07:36:11","date_gmt":"2025-01-10T10:36:11","guid":{"rendered":"https:\/\/mamajula.com.br\/index.php\/produto\/brand-collection-027-hipnoctic-poison-inspiracao\/"},"modified":"2025-08-30T10:43:52","modified_gmt":"2025-08-30T13:43:52","slug":"brand-collection-027-hipnoctic-poison-inspiracao","status":"publish","type":"product","link":"https:\/\/mamajula.com.br\/index.php\/produto\/brand-collection-027-hipnoctic-poison-inspiracao\/","title":{"rendered":"Brand collection 027 &#8211; hipnoctic poison inspira\u00e7\u00e3o"},"content":{"rendered":"<p><br data-mce-bogus=\"1\"><\/p>\n","protected":false},"excerpt":{"rendered":"<p>Concentra\u00e7\u00e3o: PARFUM<\/p>\n<p><\/p>\n<p>Familia Olfativa: Oriental<\/p>\n<p><\/p>\n<p>Notas de Topo: Damasco, Ameixa e Coco<\/p>\n<p><\/p>\n<p>Notas de Cora\u00e7\u00e3o: Tuberosa, Jasmim, L\u00edrio-do-Vale, Rosa e Alcar\u00e1via<\/p>\n<p><\/p>\n<p>Notas de Fundo: S\u00e2ndalo, Am\u00eandoa, Baunilha e Alm\u00edscar<\/p>\n<p><\/p>\n<p>Ocasi\u00e3o Sofisticada<\/p>\n","protected":false},"featured_media":1091,"comment_status":"open","ping_status":"closed","template":"","meta":[],"product_brand":[],"product_cat":[46,116,43],"product_tag":[],"class_list":{"0":"post-1092","1":"product","2":"type-product","3":"status-publish","4":"has-post-thumbnail","6":"product_cat-geral","7":"product_cat-perfume-para-cabelo","8":"product_cat-perfumes","10":"first","11":"instock","12":"shipping-taxable","13":"purchasable","14":"product-type-simple"},"_links":{"self":[{"href":"https:\/\/mamajula.com.br\/index.php\/wp-json\/wp\/v2\/product\/1092","targetHints":{"allow":["GET"]}}],"collection":[{"href":"https:\/\/mamajula.com.br\/index.php\/wp-json\/wp\/v2\/product"}],"about":[{"href":"https:\/\/mamajula.com.br\/index.php\/wp-json\/wp\/v2\/types\/product"}],"replies":[{"embeddable":true,"href":"https:\/\/mamajula.com.br\/index.php\/wp-json\/wp\/v2\/comments?post=1092"}],"wp:featuredmedia":[{"embeddable":true,"href":"https:\/\/mamajula.com.br\/index.php\/wp-json\/wp\/v2\/media\/1091"}],"wp:attachment":[{"href":"https:\/\/mamajula.com.br\/index.php\/wp-json\/wp\/v2\/media?parent=1092"}],"wp:term":[{"taxonomy":"product_brand","embeddable":true,"href":"https:\/\/mamajula.com.br\/index.php\/wp-json\/wp\/v2\/product_brand?post=1092"},{"taxonomy":"product_cat","embeddable":true,"href":"https:\/\/mamajula.com.br\/index.php\/wp-json\/wp\/v2\/product_cat?post=1092"},{"taxonomy":"product_tag","embeddable":true,"href":"https:\/\/mamajula.com.br\/index.php\/wp-json\/wp\/v2\/product_tag?post=1092"}],"curies":[{"name":"wp","href":"https:\/\/api.w.org\/{rel}","templated":true}]}}