{"id":1111,"date":"2025-02-06T21:01:44","date_gmt":"2025-02-07T00:01:44","guid":{"rendered":"https:\/\/mamajula.com.br\/index.php\/produto\/tubete-dream-brand-collection-scandal\/"},"modified":"2025-08-30T10:42:11","modified_gmt":"2025-08-30T13:42:11","slug":"tubete-dream-brand-collection-scandal","status":"publish","type":"product","link":"https:\/\/mamajula.com.br\/index.php\/produto\/tubete-dream-brand-collection-scandal\/","title":{"rendered":"Tubete Dream brand collection Scandal"},"content":{"rendered":"<p><br data-mce-bogus=\"1\"><\/p>\n","protected":false},"excerpt":{"rendered":"<p>Brand Collection &#8211; 136 Scandal &#8211; Tubete 30ml por apenas R$59,90\u00a0<\/p>\n<p>Brand Collection &#8211; 136 Scandal &#8211; Tubete 30ml \u00e9 para mulheres poderosas, que sabem o que querem e n\u00e3o t\u00eam medo de mostrar sua verdadeira ess\u00eancia. A fragr\u00e2ncia floral chipre, com toques de do\u00e7ura, frescor e quente atratividade, \u00e9 a escolha perfeita para aquelas que buscam uma fragr\u00e2ncia que combine com sua personalidade forte e cativante.<\/p>\n<p><\/p>\n<p>O Scandal vai deixar voc\u00ea envolvida por uma experi\u00eancia \u00fanica a cada uso, destacando sua presen\u00e7a de maneira inesquec\u00edvel.<\/p>\n<p><\/p>\n<p>Familia Olfativa: Chipre, Floral\u00a0<\/p>\n<p>Notas de Topo: Laranja sang\u00fc\u00ednea e Tangerina.<\/p>\n<p>Notas de Cora\u00e7\u00e3o: Mel, Gard\u00eania, Jasmim, Flor de Laranjeira e P\u00eassego<\/p>\n<p>Notas de Fundo: Patchouli ou Oriza, Cera de Abelha, Caramelo e Alca\u00e7uz.<\/p>\n","protected":false},"featured_media":1102,"comment_status":"open","ping_status":"closed","template":"","meta":[],"product_brand":[],"product_cat":[43,124],"product_tag":[],"class_list":{"0":"post-1111","1":"product","2":"type-product","3":"status-publish","4":"has-post-thumbnail","6":"product_cat-perfumes","7":"product_cat-perfumes-brand-collection-tubetes","9":"first","10":"instock","11":"shipping-taxable","12":"purchasable","13":"product-type-simple"},"_links":{"self":[{"href":"https:\/\/mamajula.com.br\/index.php\/wp-json\/wp\/v2\/product\/1111","targetHints":{"allow":["GET"]}}],"collection":[{"href":"https:\/\/mamajula.com.br\/index.php\/wp-json\/wp\/v2\/product"}],"about":[{"href":"https:\/\/mamajula.com.br\/index.php\/wp-json\/wp\/v2\/types\/product"}],"replies":[{"embeddable":true,"href":"https:\/\/mamajula.com.br\/index.php\/wp-json\/wp\/v2\/comments?post=1111"}],"wp:featuredmedia":[{"embeddable":true,"href":"https:\/\/mamajula.com.br\/index.php\/wp-json\/wp\/v2\/media\/1102"}],"wp:attachment":[{"href":"https:\/\/mamajula.com.br\/index.php\/wp-json\/wp\/v2\/media?parent=1111"}],"wp:term":[{"taxonomy":"product_brand","embeddable":true,"href":"https:\/\/mamajula.com.br\/index.php\/wp-json\/wp\/v2\/product_brand?post=1111"},{"taxonomy":"product_cat","embeddable":true,"href":"https:\/\/mamajula.com.br\/index.php\/wp-json\/wp\/v2\/product_cat?post=1111"},{"taxonomy":"product_tag","embeddable":true,"href":"https:\/\/mamajula.com.br\/index.php\/wp-json\/wp\/v2\/product_tag?post=1111"}],"curies":[{"name":"wp","href":"https:\/\/api.w.org\/{rel}","templated":true}]}}