{"id":1113,"date":"2025-02-06T21:07:43","date_gmt":"2025-02-07T00:07:43","guid":{"rendered":"https:\/\/mamajula.com.br\/index.php\/produto\/sabah-al-ward\/"},"modified":"2025-08-30T10:40:53","modified_gmt":"2025-08-30T13:40:53","slug":"sabah-al-ward","status":"publish","type":"product","link":"https:\/\/mamajula.com.br\/index.php\/produto\/sabah-al-ward\/","title":{"rendered":"Sabah Al Ward"},"content":{"rendered":"<p><\/p>\n","protected":false},"excerpt":{"rendered":"<p>Sabah Al Ward \u00e9 um perfume Al Wataniah feminino oriental floral. Um aroma que desperta o mist\u00e9rio e desejo atrav\u00e9s de uma fragr\u00e2ncia verdadeiramente feminina. O Perfume Sabah Al Ward, de Al Wataniah, faz jus a tradu\u00e7\u00e3o do seu nome, pois reluz o frescor de uma &#8220;rosa matinal coberta de carvalho&#8221;.<\/p>\n<p>100 mls 289,90\u00a0<\/p>\n<p>5 mls decant 29,90<\/p>\n","protected":false},"featured_media":1105,"comment_status":"open","ping_status":"closed","template":"","meta":[],"product_brand":[],"product_cat":[125,43],"product_tag":[],"class_list":{"0":"post-1113","1":"product","2":"type-product","3":"status-publish","4":"has-post-thumbnail","6":"product_cat-miniaturas-arabes","7":"product_cat-perfumes","9":"first","10":"instock","11":"shipping-taxable","12":"product-type-simple"},"_links":{"self":[{"href":"https:\/\/mamajula.com.br\/index.php\/wp-json\/wp\/v2\/product\/1113","targetHints":{"allow":["GET"]}}],"collection":[{"href":"https:\/\/mamajula.com.br\/index.php\/wp-json\/wp\/v2\/product"}],"about":[{"href":"https:\/\/mamajula.com.br\/index.php\/wp-json\/wp\/v2\/types\/product"}],"replies":[{"embeddable":true,"href":"https:\/\/mamajula.com.br\/index.php\/wp-json\/wp\/v2\/comments?post=1113"}],"wp:featuredmedia":[{"embeddable":true,"href":"https:\/\/mamajula.com.br\/index.php\/wp-json\/wp\/v2\/media\/1105"}],"wp:attachment":[{"href":"https:\/\/mamajula.com.br\/index.php\/wp-json\/wp\/v2\/media?parent=1113"}],"wp:term":[{"taxonomy":"product_brand","embeddable":true,"href":"https:\/\/mamajula.com.br\/index.php\/wp-json\/wp\/v2\/product_brand?post=1113"},{"taxonomy":"product_cat","embeddable":true,"href":"https:\/\/mamajula.com.br\/index.php\/wp-json\/wp\/v2\/product_cat?post=1113"},{"taxonomy":"product_tag","embeddable":true,"href":"https:\/\/mamajula.com.br\/index.php\/wp-json\/wp\/v2\/product_tag?post=1113"}],"curies":[{"name":"wp","href":"https:\/\/api.w.org\/{rel}","templated":true}]}}