{"id":1192,"date":"2025-03-27T20:34:29","date_gmt":"2025-03-27T23:34:29","guid":{"rendered":"https:\/\/mamajula.com.br\/?post_type=product&#038;p=1192"},"modified":"2025-08-30T10:38:41","modified_gmt":"2025-08-30T13:38:41","slug":"kharah-miniatura-15ml-perfume-arabe","status":"publish","type":"product","link":"https:\/\/mamajula.com.br\/index.php\/produto\/kharah-miniatura-15ml-perfume-arabe\/","title":{"rendered":"Kharah Miniatura 15ml &#8211; Perfume \u00c1rabe"},"content":{"rendered":"<p><\/p>\n","protected":false},"excerpt":{"rendered":"<p>Perfumes \u00e1rabes Miniaturas &#8211; 15 ml &#8211; 8 horas de fixa\u00e7\u00e3o<\/p>\n","protected":false},"featured_media":1167,"comment_status":"open","ping_status":"closed","template":"","meta":[],"product_brand":[],"product_cat":[46,125,117],"product_tag":[],"class_list":{"0":"post-1192","1":"product","2":"type-product","3":"status-publish","4":"has-post-thumbnail","6":"product_cat-geral","7":"product_cat-miniaturas-arabes","8":"product_cat-perfume-miniatura","10":"first","11":"instock","12":"shipping-taxable","13":"purchasable","14":"product-type-simple"},"_links":{"self":[{"href":"https:\/\/mamajula.com.br\/index.php\/wp-json\/wp\/v2\/product\/1192","targetHints":{"allow":["GET"]}}],"collection":[{"href":"https:\/\/mamajula.com.br\/index.php\/wp-json\/wp\/v2\/product"}],"about":[{"href":"https:\/\/mamajula.com.br\/index.php\/wp-json\/wp\/v2\/types\/product"}],"replies":[{"embeddable":true,"href":"https:\/\/mamajula.com.br\/index.php\/wp-json\/wp\/v2\/comments?post=1192"}],"wp:featuredmedia":[{"embeddable":true,"href":"https:\/\/mamajula.com.br\/index.php\/wp-json\/wp\/v2\/media\/1167"}],"wp:attachment":[{"href":"https:\/\/mamajula.com.br\/index.php\/wp-json\/wp\/v2\/media?parent=1192"}],"wp:term":[{"taxonomy":"product_brand","embeddable":true,"href":"https:\/\/mamajula.com.br\/index.php\/wp-json\/wp\/v2\/product_brand?post=1192"},{"taxonomy":"product_cat","embeddable":true,"href":"https:\/\/mamajula.com.br\/index.php\/wp-json\/wp\/v2\/product_cat?post=1192"},{"taxonomy":"product_tag","embeddable":true,"href":"https:\/\/mamajula.com.br\/index.php\/wp-json\/wp\/v2\/product_tag?post=1192"}],"curies":[{"name":"wp","href":"https:\/\/api.w.org\/{rel}","templated":true}]}}