{"id":1213,"date":"2025-03-27T21:44:32","date_gmt":"2025-03-28T00:44:32","guid":{"rendered":"https:\/\/mamajula.com.br\/index.php\/produto\/brand-collection-coco-madeimossele\/"},"modified":"2025-08-30T10:36:35","modified_gmt":"2025-08-30T13:36:35","slug":"brand-collection-coco-madeimossele","status":"publish","type":"product","link":"https:\/\/mamajula.com.br\/index.php\/produto\/brand-collection-coco-madeimossele\/","title":{"rendered":"Brand collection coco madeimossele"},"content":{"rendered":"<p><\/p>\n","protected":false},"excerpt":{"rendered":"<p>Inspira\u00e7\u00e3o perfume Coco Mademoiselle\u2665\ufe0f<\/p>\n<p>Kit n\u00famero 1 tubete e 1 hidratante 200 mls, Brand collection coco madeimossele apenas 129,90\u00a0<\/p>\n<p>Fam\u00edlia olfativa.<\/p>\n<p>\ud83d\udd38Notas de topo s\u00e3o : Laranja, Mandarina, Bergamota e Flor de Laranjeira<\/p>\n<p>\ud83d\udd38Notas de cora\u00e7\u00e3o s\u00e3o Rosa Turca, Jasmim, Mimosa e Ylang Ylang<\/p>\n<p>\ud83d\udd38Notas de fundo s\u00e3o Patchouli ou Oriza, Alm\u00edscar Branco, Baunilha, Vetiver, Fava Tonka e Opoponax<\/p>\n<p>Brand Collection- N\u00b0021\ud83e\udd29\ud83d\udecd\ufe0f<\/p>\n","protected":false},"featured_media":1211,"comment_status":"open","ping_status":"closed","template":"","meta":[],"product_brand":[],"product_cat":[43,123,113,91],"product_tag":[],"class_list":{"0":"post-1213","1":"product","2":"type-product","3":"status-publish","4":"has-post-thumbnail","6":"product_cat-perfumes","7":"product_cat-perfumes-brand-collection","8":"product_cat-promocao-dia-das-maes","9":"product_cat-promocoes","11":"first","12":"instock","13":"shipping-taxable","14":"purchasable","15":"product-type-simple"},"_links":{"self":[{"href":"https:\/\/mamajula.com.br\/index.php\/wp-json\/wp\/v2\/product\/1213","targetHints":{"allow":["GET"]}}],"collection":[{"href":"https:\/\/mamajula.com.br\/index.php\/wp-json\/wp\/v2\/product"}],"about":[{"href":"https:\/\/mamajula.com.br\/index.php\/wp-json\/wp\/v2\/types\/product"}],"replies":[{"embeddable":true,"href":"https:\/\/mamajula.com.br\/index.php\/wp-json\/wp\/v2\/comments?post=1213"}],"wp:featuredmedia":[{"embeddable":true,"href":"https:\/\/mamajula.com.br\/index.php\/wp-json\/wp\/v2\/media\/1211"}],"wp:attachment":[{"href":"https:\/\/mamajula.com.br\/index.php\/wp-json\/wp\/v2\/media?parent=1213"}],"wp:term":[{"taxonomy":"product_brand","embeddable":true,"href":"https:\/\/mamajula.com.br\/index.php\/wp-json\/wp\/v2\/product_brand?post=1213"},{"taxonomy":"product_cat","embeddable":true,"href":"https:\/\/mamajula.com.br\/index.php\/wp-json\/wp\/v2\/product_cat?post=1213"},{"taxonomy":"product_tag","embeddable":true,"href":"https:\/\/mamajula.com.br\/index.php\/wp-json\/wp\/v2\/product_tag?post=1213"}],"curies":[{"name":"wp","href":"https:\/\/api.w.org\/{rel}","templated":true}]}}