{"id":1214,"date":"2025-03-27T21:44:48","date_gmt":"2025-03-28T00:44:48","guid":{"rendered":"https:\/\/mamajula.com.br\/?post_type=product&#038;p=1214"},"modified":"2025-08-30T10:36:34","modified_gmt":"2025-08-30T13:36:34","slug":"la-vie-est-belle","status":"publish","type":"product","link":"https:\/\/mamajula.com.br\/index.php\/produto\/la-vie-est-belle\/","title":{"rendered":"La Vie est belle"},"content":{"rendered":"<p><\/p>\n","protected":false},"excerpt":{"rendered":"<p>Inspira\u00e7\u00e3o : La Vie est belle \ud83d\ude0d<\/p>\n<p>\ud83d\ude0d La Vie est belle, um perfume extremamente sensual e Sedutor \ud83d\udc83 deixando voc\u00ea ainda mais poderosa deixando sua assinatura por onde passar \ud83e\udd70<\/p>\n<p>\ud83d\udd38Familia Olfativa: Floral, Frutal, Gustativo<\/p>\n<p>\ud83d\udd38Notas de Topo: Cassis ou groselha preta e P\u00eara<\/p>\n<p>\ud83d\udd38Notas de Cora\u00e7\u00e3o: \u00cdris, Jasmin e Flor de Laranjeira<\/p>\n<p>\ud83d\udd38Notas de Fundo: Patchouli, Fava Tonka, Baunilha e Pralin\u00ea<\/p>\n<p>Brand Collection- N\u00b0012\ud83e\udd70.<\/p>\n","protected":false},"featured_media":1207,"comment_status":"open","ping_status":"closed","template":"","meta":[],"product_brand":[],"product_cat":[43,123,91],"product_tag":[],"class_list":{"0":"post-1214","1":"product","2":"type-product","3":"status-publish","4":"has-post-thumbnail","6":"product_cat-perfumes","7":"product_cat-perfumes-brand-collection","8":"product_cat-promocoes","10":"first","11":"instock","12":"shipping-taxable","13":"purchasable","14":"product-type-simple"},"_links":{"self":[{"href":"https:\/\/mamajula.com.br\/index.php\/wp-json\/wp\/v2\/product\/1214","targetHints":{"allow":["GET"]}}],"collection":[{"href":"https:\/\/mamajula.com.br\/index.php\/wp-json\/wp\/v2\/product"}],"about":[{"href":"https:\/\/mamajula.com.br\/index.php\/wp-json\/wp\/v2\/types\/product"}],"replies":[{"embeddable":true,"href":"https:\/\/mamajula.com.br\/index.php\/wp-json\/wp\/v2\/comments?post=1214"}],"wp:featuredmedia":[{"embeddable":true,"href":"https:\/\/mamajula.com.br\/index.php\/wp-json\/wp\/v2\/media\/1207"}],"wp:attachment":[{"href":"https:\/\/mamajula.com.br\/index.php\/wp-json\/wp\/v2\/media?parent=1214"}],"wp:term":[{"taxonomy":"product_brand","embeddable":true,"href":"https:\/\/mamajula.com.br\/index.php\/wp-json\/wp\/v2\/product_brand?post=1214"},{"taxonomy":"product_cat","embeddable":true,"href":"https:\/\/mamajula.com.br\/index.php\/wp-json\/wp\/v2\/product_cat?post=1214"},{"taxonomy":"product_tag","embeddable":true,"href":"https:\/\/mamajula.com.br\/index.php\/wp-json\/wp\/v2\/product_tag?post=1214"}],"curies":[{"name":"wp","href":"https:\/\/api.w.org\/{rel}","templated":true}]}}