{"id":1216,"date":"2025-03-27T21:45:13","date_gmt":"2025-03-28T00:45:13","guid":{"rendered":"https:\/\/mamajula.com.br\/?post_type=product&#038;p=1216"},"modified":"2025-08-30T10:36:34","modified_gmt":"2025-08-30T13:36:34","slug":"brand-collection-inspirado-dior-jadore","status":"publish","type":"product","link":"https:\/\/mamajula.com.br\/index.php\/produto\/brand-collection-inspirado-dior-jadore\/","title":{"rendered":"Brand collection Inspirado Dior J&#8217;adore."},"content":{"rendered":"<p><\/p>\n","protected":false},"excerpt":{"rendered":"<p>Kit n\u00famero 3 Perfume Brand Collection N\u00b0 007 25ml + Creme Hidratante 200ml &#8211; Inspirado Dior J&#8217;adore.<\/p>\n<p>129,90\u00a0<\/p>\n<p>Inspira\u00e7\u00e3o Hidratante J&#8217;adore \ud83d\ude0d<\/p>\n<p>\ud83d\ude0d J&#8217;adore, a ess\u00eancia Ylang Ylang das Ilhas Comores revela as suas notas florais-frutadas e exala uma do\u00e7ura ex\u00f3tica<\/p>\n<p>\ud83d\udd38Notas de Topo: Magn\u00f3lia, Mel\u00e3o, P\u00eassego, P\u00eara, Bergamota e Tangerina<\/p>\n<p>\ud83d\udd38Notas de Cora\u00e7\u00e3o: Tuberosa, Ameixa, Violeta, Orqu\u00eddea, Fr\u00e9sia, Jasmin, L\u00edrio-do-vale e Rosa<\/p>\n<p>\ud83d\udd38Notas de Fundo: Alm\u00edscar, Baunilha, Cedro e Amora<\/p>\n<p>Brand Collection- N\u00b0007\ud83e\udd70<\/p>\n","protected":false},"featured_media":1209,"comment_status":"open","ping_status":"closed","template":"","meta":[],"product_brand":[],"product_cat":[43,123,113,91],"product_tag":[],"class_list":{"0":"post-1216","1":"product","2":"type-product","3":"status-publish","4":"has-post-thumbnail","6":"product_cat-perfumes","7":"product_cat-perfumes-brand-collection","8":"product_cat-promocao-dia-das-maes","9":"product_cat-promocoes","11":"first","12":"instock","13":"shipping-taxable","14":"purchasable","15":"product-type-simple"},"_links":{"self":[{"href":"https:\/\/mamajula.com.br\/index.php\/wp-json\/wp\/v2\/product\/1216","targetHints":{"allow":["GET"]}}],"collection":[{"href":"https:\/\/mamajula.com.br\/index.php\/wp-json\/wp\/v2\/product"}],"about":[{"href":"https:\/\/mamajula.com.br\/index.php\/wp-json\/wp\/v2\/types\/product"}],"replies":[{"embeddable":true,"href":"https:\/\/mamajula.com.br\/index.php\/wp-json\/wp\/v2\/comments?post=1216"}],"wp:featuredmedia":[{"embeddable":true,"href":"https:\/\/mamajula.com.br\/index.php\/wp-json\/wp\/v2\/media\/1209"}],"wp:attachment":[{"href":"https:\/\/mamajula.com.br\/index.php\/wp-json\/wp\/v2\/media?parent=1216"}],"wp:term":[{"taxonomy":"product_brand","embeddable":true,"href":"https:\/\/mamajula.com.br\/index.php\/wp-json\/wp\/v2\/product_brand?post=1216"},{"taxonomy":"product_cat","embeddable":true,"href":"https:\/\/mamajula.com.br\/index.php\/wp-json\/wp\/v2\/product_cat?post=1216"},{"taxonomy":"product_tag","embeddable":true,"href":"https:\/\/mamajula.com.br\/index.php\/wp-json\/wp\/v2\/product_tag?post=1216"}],"curies":[{"name":"wp","href":"https:\/\/api.w.org\/{rel}","templated":true}]}}