{"id":1264,"date":"2025-05-28T21:52:03","date_gmt":"2025-05-29T00:52:03","guid":{"rendered":"https:\/\/mamajula.com.br\/index.php\/produto\/body-splash-coconut-passion\/"},"modified":"2025-08-30T10:31:43","modified_gmt":"2025-08-30T13:31:43","slug":"body-splash-coconut-passion","status":"publish","type":"product","link":"https:\/\/mamajula.com.br\/index.php\/produto\/body-splash-coconut-passion\/","title":{"rendered":"Body Splash &#8211; Coconut Passion"},"content":{"rendered":"<p><\/p>\n","protected":false},"excerpt":{"rendered":"<p>Uma fragr\u00e2ncia sedutora e quente. Seduce com Paix\u00e3o de coco , um encontro de coco de baunilha e quente rico. Experimente o luxo da fragr\u00e2ncia. Refrescante f\u00f3rmula \u00e9 infundida com aloe vera e camomila condicionado calmante. Spray sobre para um toque sexy de perfume.\u00a0<\/p>\n<p>250 mls creme hidratante\u00a0<\/p>\n<p>230 Body splash<\/p>\n","protected":false},"featured_media":1262,"comment_status":"open","ping_status":"closed","template":"","meta":[],"product_brand":[],"product_cat":[119,114,43],"product_tag":[],"class_list":{"0":"post-1264","1":"product","2":"type-product","3":"status-publish","4":"has-post-thumbnail","6":"product_cat-body-splash","7":"product_cat-namorados","8":"product_cat-perfumes","10":"first","11":"instock","12":"sale","13":"shipping-taxable","14":"purchasable","15":"product-type-simple"},"_links":{"self":[{"href":"https:\/\/mamajula.com.br\/index.php\/wp-json\/wp\/v2\/product\/1264","targetHints":{"allow":["GET"]}}],"collection":[{"href":"https:\/\/mamajula.com.br\/index.php\/wp-json\/wp\/v2\/product"}],"about":[{"href":"https:\/\/mamajula.com.br\/index.php\/wp-json\/wp\/v2\/types\/product"}],"replies":[{"embeddable":true,"href":"https:\/\/mamajula.com.br\/index.php\/wp-json\/wp\/v2\/comments?post=1264"}],"wp:featuredmedia":[{"embeddable":true,"href":"https:\/\/mamajula.com.br\/index.php\/wp-json\/wp\/v2\/media\/1262"}],"wp:attachment":[{"href":"https:\/\/mamajula.com.br\/index.php\/wp-json\/wp\/v2\/media?parent=1264"}],"wp:term":[{"taxonomy":"product_brand","embeddable":true,"href":"https:\/\/mamajula.com.br\/index.php\/wp-json\/wp\/v2\/product_brand?post=1264"},{"taxonomy":"product_cat","embeddable":true,"href":"https:\/\/mamajula.com.br\/index.php\/wp-json\/wp\/v2\/product_cat?post=1264"},{"taxonomy":"product_tag","embeddable":true,"href":"https:\/\/mamajula.com.br\/index.php\/wp-json\/wp\/v2\/product_tag?post=1264"}],"curies":[{"name":"wp","href":"https:\/\/api.w.org\/{rel}","templated":true}]}}