{"id":1265,"date":"2025-05-28T21:53:31","date_gmt":"2025-05-29T00:53:31","guid":{"rendered":"https:\/\/mamajula.com.br\/index.php\/produto\/body-splash-love-spell\/"},"modified":"2025-08-30T10:31:43","modified_gmt":"2025-08-30T13:31:43","slug":"body-splash-love-spell","status":"publish","type":"product","link":"https:\/\/mamajula.com.br\/index.php\/produto\/body-splash-love-spell\/","title":{"rendered":"Body splash &#8211; Love Spell"},"content":{"rendered":"<p><\/p>\n","protected":false},"excerpt":{"rendered":"<p>A fragr\u00e2ncia \u00e9 uma das mais vendidas da marca.<\/p>\n<p>Love Spell \u00e9 uma mistura exuberante de Flor de Cereja e P\u00eassego. Como a embalagem, \u00e9 uma leve n\u00e9voa refrescante com Aloe Vera hidratante e Camomila Calmante para um toque de suavidade irresist\u00edvel.<\/p>\n<p>250 mls creme hidratante\u00a0<\/p>\n<p>230 Body splash<\/p>\n","protected":false},"featured_media":1259,"comment_status":"open","ping_status":"closed","template":"","meta":[],"product_brand":[],"product_cat":[119,114,43],"product_tag":[],"class_list":{"0":"post-1265","1":"product","2":"type-product","3":"status-publish","4":"has-post-thumbnail","6":"product_cat-body-splash","7":"product_cat-namorados","8":"product_cat-perfumes","10":"first","11":"instock","12":"sale","13":"shipping-taxable","14":"purchasable","15":"product-type-simple"},"_links":{"self":[{"href":"https:\/\/mamajula.com.br\/index.php\/wp-json\/wp\/v2\/product\/1265","targetHints":{"allow":["GET"]}}],"collection":[{"href":"https:\/\/mamajula.com.br\/index.php\/wp-json\/wp\/v2\/product"}],"about":[{"href":"https:\/\/mamajula.com.br\/index.php\/wp-json\/wp\/v2\/types\/product"}],"replies":[{"embeddable":true,"href":"https:\/\/mamajula.com.br\/index.php\/wp-json\/wp\/v2\/comments?post=1265"}],"wp:featuredmedia":[{"embeddable":true,"href":"https:\/\/mamajula.com.br\/index.php\/wp-json\/wp\/v2\/media\/1259"}],"wp:attachment":[{"href":"https:\/\/mamajula.com.br\/index.php\/wp-json\/wp\/v2\/media?parent=1265"}],"wp:term":[{"taxonomy":"product_brand","embeddable":true,"href":"https:\/\/mamajula.com.br\/index.php\/wp-json\/wp\/v2\/product_brand?post=1265"},{"taxonomy":"product_cat","embeddable":true,"href":"https:\/\/mamajula.com.br\/index.php\/wp-json\/wp\/v2\/product_cat?post=1265"},{"taxonomy":"product_tag","embeddable":true,"href":"https:\/\/mamajula.com.br\/index.php\/wp-json\/wp\/v2\/product_tag?post=1265"}],"curies":[{"name":"wp","href":"https:\/\/api.w.org\/{rel}","templated":true}]}}