{"id":1266,"date":"2025-05-28T21:55:01","date_gmt":"2025-05-29T00:55:01","guid":{"rendered":"https:\/\/mamajula.com.br\/index.php\/produto\/body-splash-amber-romance\/"},"modified":"2025-08-30T10:31:43","modified_gmt":"2025-08-30T13:31:43","slug":"body-splash-amber-romance","status":"publish","type":"product","link":"https:\/\/mamajula.com.br\/index.php\/produto\/body-splash-amber-romance\/","title":{"rendered":"Body Splash &#8211; Amber Romance"},"content":{"rendered":"<p><\/p>\n","protected":false},"excerpt":{"rendered":"<p>Descri\u00e7\u00e3o da fragr\u00e2ncia: Cereja Preta, Baunilha e S\u00e2ndalo A fragr\u00e2ncia do Spray Refrescante Body Splash Amber Romance \u00e9 a mistura elegante de Cereja Preta, Baunilha e S\u00e2ndalo em uma col\u00f4nia para todo o corpo. Com leve poder de hidrata\u00e7\u00e3o e com um perfume maravilhoso, deixa a pele com uma fragr\u00e2ncia irresist\u00edvel. Sua f\u00f3rmula re\u00fane aloe vera, aveia, extrato de semente de uva, oxidantes e as vitaminas C e E para hidratar e perfumar sua pele com frescor e leveza. Ideal para mulheres din\u00e2micas que desejam manter a eleg\u00e2ncia e sensualidade durante o dia.<\/p>\n<p>250 mls creme hidratante\u00a0<\/p>\n<p>230 Body splash<\/p>\n","protected":false},"featured_media":1261,"comment_status":"open","ping_status":"closed","template":"","meta":[],"product_brand":[],"product_cat":[119,114,43],"product_tag":[],"class_list":{"0":"post-1266","1":"product","2":"type-product","3":"status-publish","4":"has-post-thumbnail","6":"product_cat-body-splash","7":"product_cat-namorados","8":"product_cat-perfumes","10":"first","11":"instock","12":"sale","13":"shipping-taxable","14":"purchasable","15":"product-type-simple"},"_links":{"self":[{"href":"https:\/\/mamajula.com.br\/index.php\/wp-json\/wp\/v2\/product\/1266","targetHints":{"allow":["GET"]}}],"collection":[{"href":"https:\/\/mamajula.com.br\/index.php\/wp-json\/wp\/v2\/product"}],"about":[{"href":"https:\/\/mamajula.com.br\/index.php\/wp-json\/wp\/v2\/types\/product"}],"replies":[{"embeddable":true,"href":"https:\/\/mamajula.com.br\/index.php\/wp-json\/wp\/v2\/comments?post=1266"}],"wp:featuredmedia":[{"embeddable":true,"href":"https:\/\/mamajula.com.br\/index.php\/wp-json\/wp\/v2\/media\/1261"}],"wp:attachment":[{"href":"https:\/\/mamajula.com.br\/index.php\/wp-json\/wp\/v2\/media?parent=1266"}],"wp:term":[{"taxonomy":"product_brand","embeddable":true,"href":"https:\/\/mamajula.com.br\/index.php\/wp-json\/wp\/v2\/product_brand?post=1266"},{"taxonomy":"product_cat","embeddable":true,"href":"https:\/\/mamajula.com.br\/index.php\/wp-json\/wp\/v2\/product_cat?post=1266"},{"taxonomy":"product_tag","embeddable":true,"href":"https:\/\/mamajula.com.br\/index.php\/wp-json\/wp\/v2\/product_tag?post=1266"}],"curies":[{"name":"wp","href":"https:\/\/api.w.org\/{rel}","templated":true}]}}