{"id":1303,"date":"2025-07-13T09:36:55","date_gmt":"2025-07-13T12:36:55","guid":{"rendered":"https:\/\/mamajula.com.br\/index.php\/produto\/perfume-assad\/"},"modified":"2025-08-30T10:34:49","modified_gmt":"2025-08-30T13:34:49","slug":"perfume-assad","status":"publish","type":"product","link":"https:\/\/mamajula.com.br\/index.php\/produto\/perfume-assad\/","title":{"rendered":"Perfume ASSAD"},"content":{"rendered":"<p><br data-mce-bogus=\"1\"><\/p>\n","protected":false},"excerpt":{"rendered":"<p>Asad de\u00a0 Lattafa\u00a0 Perfumes \u00e9 um perfume Oriental Masculino. As notas de topo s\u00e3o: Pimenta Preta, Tabaco e Abacaxi. As notas de cora\u00e7\u00e3o s\u00e3o: Patchouli, Caf\u00e9 e \u00cdris. As notas de fundo s\u00e3o: Baunilha, \u00c2mbar, Madeira Seca, Benjoim e L\u00e1dano.<\/p>\n","protected":false},"featured_media":1302,"comment_status":"open","ping_status":"closed","template":"","meta":[],"product_brand":[],"product_cat":[120,115,43],"product_tag":[],"class_list":{"0":"post-1303","1":"product","2":"type-product","3":"status-publish","4":"has-post-thumbnail","6":"product_cat-originais-arabes","7":"product_cat-pais","8":"product_cat-perfumes","10":"first","11":"instock","12":"sale","13":"shipping-taxable","14":"purchasable","15":"product-type-simple"},"_links":{"self":[{"href":"https:\/\/mamajula.com.br\/index.php\/wp-json\/wp\/v2\/product\/1303","targetHints":{"allow":["GET"]}}],"collection":[{"href":"https:\/\/mamajula.com.br\/index.php\/wp-json\/wp\/v2\/product"}],"about":[{"href":"https:\/\/mamajula.com.br\/index.php\/wp-json\/wp\/v2\/types\/product"}],"replies":[{"embeddable":true,"href":"https:\/\/mamajula.com.br\/index.php\/wp-json\/wp\/v2\/comments?post=1303"}],"wp:featuredmedia":[{"embeddable":true,"href":"https:\/\/mamajula.com.br\/index.php\/wp-json\/wp\/v2\/media\/1302"}],"wp:attachment":[{"href":"https:\/\/mamajula.com.br\/index.php\/wp-json\/wp\/v2\/media?parent=1303"}],"wp:term":[{"taxonomy":"product_brand","embeddable":true,"href":"https:\/\/mamajula.com.br\/index.php\/wp-json\/wp\/v2\/product_brand?post=1303"},{"taxonomy":"product_cat","embeddable":true,"href":"https:\/\/mamajula.com.br\/index.php\/wp-json\/wp\/v2\/product_cat?post=1303"},{"taxonomy":"product_tag","embeddable":true,"href":"https:\/\/mamajula.com.br\/index.php\/wp-json\/wp\/v2\/product_tag?post=1303"}],"curies":[{"name":"wp","href":"https:\/\/api.w.org\/{rel}","templated":true}]}}