{"id":1317,"date":"2025-07-13T09:47:29","date_gmt":"2025-07-13T12:47:29","guid":{"rendered":"https:\/\/mamajula.com.br\/index.php\/produto\/kit-beijavel-blow-girl\/"},"modified":"2025-07-13T09:47:30","modified_gmt":"2025-07-13T12:47:30","slug":"kit-beijavel-blow-girl","status":"publish","type":"product","link":"https:\/\/mamajula.com.br\/index.php\/produto\/kit-beijavel-blow-girl\/","title":{"rendered":"Kit Beij\u00e1vel Blow Girl"},"content":{"rendered":"<p><br data-mce-bogus=\"1\"><\/p>\n","protected":false},"excerpt":{"rendered":"<p>Kit Beij\u00e1vel da\u00a0 Blow Girl Hidratante Aveludado\u00a0 para Regi\u00e3o P\u00e9lvica e Virilha e Perfume com Feromonios (2 Produtos)<\/p>\n<p>Blow Girl Gel Aromatizante Beij\u00e1vel Para Virilha 320ml Hot Flowers<\/p>\n<p>Transforme seus momentos \u00edntimos com o Blow Girl, um Gel Aromatizante Beij\u00e1vel Para Virilha da Hot Flowers. Este gel hidratante aveludado \u00e9 a escolha ideal para deixar o toque entre parceiros mais prazeroso e irresist\u00edvel.<\/p>\n","protected":false},"featured_media":1315,"comment_status":"open","ping_status":"closed","template":"","meta":[],"product_brand":[],"product_cat":[46],"product_tag":[],"class_list":{"0":"post-1317","1":"product","2":"type-product","3":"status-publish","4":"has-post-thumbnail","6":"product_cat-geral","8":"first","9":"instock","10":"shipping-taxable","11":"purchasable","12":"product-type-simple"},"_links":{"self":[{"href":"https:\/\/mamajula.com.br\/index.php\/wp-json\/wp\/v2\/product\/1317","targetHints":{"allow":["GET"]}}],"collection":[{"href":"https:\/\/mamajula.com.br\/index.php\/wp-json\/wp\/v2\/product"}],"about":[{"href":"https:\/\/mamajula.com.br\/index.php\/wp-json\/wp\/v2\/types\/product"}],"replies":[{"embeddable":true,"href":"https:\/\/mamajula.com.br\/index.php\/wp-json\/wp\/v2\/comments?post=1317"}],"wp:featuredmedia":[{"embeddable":true,"href":"https:\/\/mamajula.com.br\/index.php\/wp-json\/wp\/v2\/media\/1315"}],"wp:attachment":[{"href":"https:\/\/mamajula.com.br\/index.php\/wp-json\/wp\/v2\/media?parent=1317"}],"wp:term":[{"taxonomy":"product_brand","embeddable":true,"href":"https:\/\/mamajula.com.br\/index.php\/wp-json\/wp\/v2\/product_brand?post=1317"},{"taxonomy":"product_cat","embeddable":true,"href":"https:\/\/mamajula.com.br\/index.php\/wp-json\/wp\/v2\/product_cat?post=1317"},{"taxonomy":"product_tag","embeddable":true,"href":"https:\/\/mamajula.com.br\/index.php\/wp-json\/wp\/v2\/product_tag?post=1317"}],"curies":[{"name":"wp","href":"https:\/\/api.w.org\/{rel}","templated":true}]}}