{"id":1332,"date":"2025-08-20T17:52:47","date_gmt":"2025-08-20T20:52:47","guid":{"rendered":"https:\/\/mamajula.com.br\/?post_type=product&#038;p=1332"},"modified":"2025-08-30T10:33:44","modified_gmt":"2025-08-30T13:33:44","slug":"secrets-parfum-15ml-musaman-white-feminino","status":"publish","type":"product","link":"https:\/\/mamajula.com.br\/index.php\/produto\/secrets-parfum-15ml-musaman-white-feminino\/","title":{"rendered":"Secret&#8217;s Parfum 15ml &#8211; Musaman White (feminino)"},"content":{"rendered":"<p><\/p>\n","protected":false},"excerpt":{"rendered":"<h3>Musamam White 15ml &#8211; Perfume Feminino\u00a0<\/h3>\n<\/p>\n<p>Musamam White Intense \u00e9 uma fragr\u00e2ncia que evoca a sensa\u00e7\u00e3o de um para\u00edso tropical luxuoso e sofisticado. Perfeito para a mulher que busca um aroma marcante, mas com uma suavidade envolvente e uma aura de mist\u00e9rio e sensualidade.<\/p>\n","protected":false},"featured_media":1321,"comment_status":"open","ping_status":"closed","template":"","meta":[],"product_brand":[],"product_cat":[117,43],"product_tag":[],"class_list":{"0":"post-1332","1":"product","2":"type-product","3":"status-publish","4":"has-post-thumbnail","6":"product_cat-perfume-miniatura","7":"product_cat-perfumes","9":"first","10":"instock","11":"shipping-taxable","12":"purchasable","13":"product-type-simple"},"_links":{"self":[{"href":"https:\/\/mamajula.com.br\/index.php\/wp-json\/wp\/v2\/product\/1332","targetHints":{"allow":["GET"]}}],"collection":[{"href":"https:\/\/mamajula.com.br\/index.php\/wp-json\/wp\/v2\/product"}],"about":[{"href":"https:\/\/mamajula.com.br\/index.php\/wp-json\/wp\/v2\/types\/product"}],"replies":[{"embeddable":true,"href":"https:\/\/mamajula.com.br\/index.php\/wp-json\/wp\/v2\/comments?post=1332"}],"wp:featuredmedia":[{"embeddable":true,"href":"https:\/\/mamajula.com.br\/index.php\/wp-json\/wp\/v2\/media\/1321"}],"wp:attachment":[{"href":"https:\/\/mamajula.com.br\/index.php\/wp-json\/wp\/v2\/media?parent=1332"}],"wp:term":[{"taxonomy":"product_brand","embeddable":true,"href":"https:\/\/mamajula.com.br\/index.php\/wp-json\/wp\/v2\/product_brand?post=1332"},{"taxonomy":"product_cat","embeddable":true,"href":"https:\/\/mamajula.com.br\/index.php\/wp-json\/wp\/v2\/product_cat?post=1332"},{"taxonomy":"product_tag","embeddable":true,"href":"https:\/\/mamajula.com.br\/index.php\/wp-json\/wp\/v2\/product_tag?post=1332"}],"curies":[{"name":"wp","href":"https:\/\/api.w.org\/{rel}","templated":true}]}}