{"id":1333,"date":"2025-08-20T17:57:39","date_gmt":"2025-08-20T20:57:39","guid":{"rendered":"https:\/\/mamajula.com.br\/index.php\/produto\/secrets-parfum-15ml-glacier-bella-feminino\/"},"modified":"2025-08-30T10:33:44","modified_gmt":"2025-08-30T13:33:44","slug":"secrets-parfum-15ml-glacier-bella-feminino","status":"publish","type":"product","link":"https:\/\/mamajula.com.br\/index.php\/produto\/secrets-parfum-15ml-glacier-bella-feminino\/","title":{"rendered":"Secret&#8217;s Parfum 15ml &#8211; Glacier Bella (feminino)"},"content":{"rendered":"<p><\/p>\n","protected":false},"excerpt":{"rendered":"<h3>Glacier Bella &#8211; Perfume Feminino<\/h3>\n<p>Glacier Bella \u00e9 uma fragr\u00e2ncia que captura a ess\u00eancia da eleg\u00e2ncia gelada e do encanto atemporal. Inspirado pela beleza da natureza e pela for\u00e7a da mulher moderna, este perfume de 15ml \u00e9 um convite para desvendar sua pr\u00f3pria beleza e poder, com uma aura refrescante e cativante.<\/p>\n","protected":false},"featured_media":1320,"comment_status":"open","ping_status":"closed","template":"","meta":[],"product_brand":[],"product_cat":[46,117,43],"product_tag":[],"class_list":{"0":"post-1333","1":"product","2":"type-product","3":"status-publish","4":"has-post-thumbnail","6":"product_cat-geral","7":"product_cat-perfume-miniatura","8":"product_cat-perfumes","10":"first","11":"instock","12":"shipping-taxable","13":"purchasable","14":"product-type-simple"},"_links":{"self":[{"href":"https:\/\/mamajula.com.br\/index.php\/wp-json\/wp\/v2\/product\/1333","targetHints":{"allow":["GET"]}}],"collection":[{"href":"https:\/\/mamajula.com.br\/index.php\/wp-json\/wp\/v2\/product"}],"about":[{"href":"https:\/\/mamajula.com.br\/index.php\/wp-json\/wp\/v2\/types\/product"}],"replies":[{"embeddable":true,"href":"https:\/\/mamajula.com.br\/index.php\/wp-json\/wp\/v2\/comments?post=1333"}],"wp:featuredmedia":[{"embeddable":true,"href":"https:\/\/mamajula.com.br\/index.php\/wp-json\/wp\/v2\/media\/1320"}],"wp:attachment":[{"href":"https:\/\/mamajula.com.br\/index.php\/wp-json\/wp\/v2\/media?parent=1333"}],"wp:term":[{"taxonomy":"product_brand","embeddable":true,"href":"https:\/\/mamajula.com.br\/index.php\/wp-json\/wp\/v2\/product_brand?post=1333"},{"taxonomy":"product_cat","embeddable":true,"href":"https:\/\/mamajula.com.br\/index.php\/wp-json\/wp\/v2\/product_cat?post=1333"},{"taxonomy":"product_tag","embeddable":true,"href":"https:\/\/mamajula.com.br\/index.php\/wp-json\/wp\/v2\/product_tag?post=1333"}],"curies":[{"name":"wp","href":"https:\/\/api.w.org\/{rel}","templated":true}]}}