{"id":1335,"date":"2025-08-20T18:00:18","date_gmt":"2025-08-20T21:00:18","guid":{"rendered":"https:\/\/mamajula.com.br\/index.php\/produto\/secrets-parfum-15ml-shagaf-al-ward-feminino\/"},"modified":"2025-08-30T10:33:43","modified_gmt":"2025-08-30T13:33:43","slug":"secrets-parfum-15ml-shagaf-al-ward-feminino","status":"publish","type":"product","link":"https:\/\/mamajula.com.br\/index.php\/produto\/secrets-parfum-15ml-shagaf-al-ward-feminino\/","title":{"rendered":"Secret&#8217;s Parfum 15ml &#8211; Shagaf al Ward (feminino)"},"content":{"rendered":"<p><br data-mce-bogus=\"1\"><\/p>\n","protected":false},"excerpt":{"rendered":"<h3>Shagaf al Ward &#8211; Perfume Feminino<\/h3>\n<\/p>\n<p>Shagaf al Ward, que em \u00e1rabe significa &#8220;paix\u00e3o pela rosa&#8221;, \u00e9 uma fragr\u00e2ncia que celebra o romance e a feminilidade em sua forma mais pura. Em um frasco de 15ml, este perfume \u00e9 um convite para mergulhar em um jardim de flores exuberantes, capturando a ess\u00eancia de um amor apaixonado e a delicadeza de um abra\u00e7o floral.<\/p>\n","protected":false},"featured_media":1322,"comment_status":"open","ping_status":"closed","template":"","meta":[],"product_brand":[],"product_cat":[46,117,43],"product_tag":[],"class_list":{"0":"post-1335","1":"product","2":"type-product","3":"status-publish","4":"has-post-thumbnail","6":"product_cat-geral","7":"product_cat-perfume-miniatura","8":"product_cat-perfumes","10":"first","11":"instock","12":"shipping-taxable","13":"purchasable","14":"product-type-simple"},"_links":{"self":[{"href":"https:\/\/mamajula.com.br\/index.php\/wp-json\/wp\/v2\/product\/1335","targetHints":{"allow":["GET"]}}],"collection":[{"href":"https:\/\/mamajula.com.br\/index.php\/wp-json\/wp\/v2\/product"}],"about":[{"href":"https:\/\/mamajula.com.br\/index.php\/wp-json\/wp\/v2\/types\/product"}],"replies":[{"embeddable":true,"href":"https:\/\/mamajula.com.br\/index.php\/wp-json\/wp\/v2\/comments?post=1335"}],"wp:featuredmedia":[{"embeddable":true,"href":"https:\/\/mamajula.com.br\/index.php\/wp-json\/wp\/v2\/media\/1322"}],"wp:attachment":[{"href":"https:\/\/mamajula.com.br\/index.php\/wp-json\/wp\/v2\/media?parent=1335"}],"wp:term":[{"taxonomy":"product_brand","embeddable":true,"href":"https:\/\/mamajula.com.br\/index.php\/wp-json\/wp\/v2\/product_brand?post=1335"},{"taxonomy":"product_cat","embeddable":true,"href":"https:\/\/mamajula.com.br\/index.php\/wp-json\/wp\/v2\/product_cat?post=1335"},{"taxonomy":"product_tag","embeddable":true,"href":"https:\/\/mamajula.com.br\/index.php\/wp-json\/wp\/v2\/product_tag?post=1335"}],"curies":[{"name":"wp","href":"https:\/\/api.w.org\/{rel}","templated":true}]}}