{"id":1337,"date":"2025-08-20T18:06:08","date_gmt":"2025-08-20T21:06:08","guid":{"rendered":"https:\/\/mamajula.com.br\/index.php\/produto\/secrets-parfum-15ml-ammia-unissex\/"},"modified":"2025-08-30T10:33:43","modified_gmt":"2025-08-30T13:33:43","slug":"secrets-parfum-15ml-ammia-unissex","status":"publish","type":"product","link":"https:\/\/mamajula.com.br\/index.php\/produto\/secrets-parfum-15ml-ammia-unissex\/","title":{"rendered":"Secret&#8217;s Parfum 15ml &#8211; Ammia (Unissex)"},"content":{"rendered":"<p><br data-mce-bogus=\"1\"><\/p>\n","protected":false},"excerpt":{"rendered":"<h3>Ammia &#8211; Perfume Unissex<\/h3>\n<\/p>\n<p>Ammia \u00e9 uma fragr\u00e2ncia que borra as fronteiras entre o masculino e o feminino, celebrando a individualidade e a liberdade. Em seu frasco de 15ml, este perfume unissex \u00e9 uma composi\u00e7\u00e3o que equilibra a for\u00e7a e a do\u00e7ura, criando uma experi\u00eancia olfativa moderna e inesquec\u00edvel para quem o usa.<\/p>\n","protected":false},"featured_media":1336,"comment_status":"open","ping_status":"closed","template":"","meta":[],"product_brand":[],"product_cat":[46,117,43],"product_tag":[],"class_list":{"0":"post-1337","1":"product","2":"type-product","3":"status-publish","4":"has-post-thumbnail","6":"product_cat-geral","7":"product_cat-perfume-miniatura","8":"product_cat-perfumes","10":"first","11":"instock","12":"shipping-taxable","13":"purchasable","14":"product-type-simple"},"_links":{"self":[{"href":"https:\/\/mamajula.com.br\/index.php\/wp-json\/wp\/v2\/product\/1337","targetHints":{"allow":["GET"]}}],"collection":[{"href":"https:\/\/mamajula.com.br\/index.php\/wp-json\/wp\/v2\/product"}],"about":[{"href":"https:\/\/mamajula.com.br\/index.php\/wp-json\/wp\/v2\/types\/product"}],"replies":[{"embeddable":true,"href":"https:\/\/mamajula.com.br\/index.php\/wp-json\/wp\/v2\/comments?post=1337"}],"wp:featuredmedia":[{"embeddable":true,"href":"https:\/\/mamajula.com.br\/index.php\/wp-json\/wp\/v2\/media\/1336"}],"wp:attachment":[{"href":"https:\/\/mamajula.com.br\/index.php\/wp-json\/wp\/v2\/media?parent=1337"}],"wp:term":[{"taxonomy":"product_brand","embeddable":true,"href":"https:\/\/mamajula.com.br\/index.php\/wp-json\/wp\/v2\/product_brand?post=1337"},{"taxonomy":"product_cat","embeddable":true,"href":"https:\/\/mamajula.com.br\/index.php\/wp-json\/wp\/v2\/product_cat?post=1337"},{"taxonomy":"product_tag","embeddable":true,"href":"https:\/\/mamajula.com.br\/index.php\/wp-json\/wp\/v2\/product_tag?post=1337"}],"curies":[{"name":"wp","href":"https:\/\/api.w.org\/{rel}","templated":true}]}}