{"id":1338,"date":"2025-08-20T18:09:21","date_gmt":"2025-08-20T21:09:21","guid":{"rendered":"https:\/\/mamajula.com.br\/index.php\/produto\/secrets-parfum-15ml-badee-al-oud-for-glory-masculino\/"},"modified":"2025-08-30T10:33:43","modified_gmt":"2025-08-30T13:33:43","slug":"secrets-parfum-15ml-badee-al-oud-for-glory-masculino","status":"publish","type":"product","link":"https:\/\/mamajula.com.br\/index.php\/produto\/secrets-parfum-15ml-badee-al-oud-for-glory-masculino\/","title":{"rendered":"Secret&#8217;s Parfum 15ml &#8211; Bade&#8217;e Al Oud for Glory (Masculino)"},"content":{"rendered":"<p><br data-mce-bogus=\"1\"><\/p>\n","protected":false},"excerpt":{"rendered":"<h3>Bade&#8217;e Al Oud For Glory &#8211; Perfume Masculino<\/h3>\n<\/p>\n<p>Bade&#8217;e Al Oud For Glory \u00e9 uma fragr\u00e2ncia que celebra o poder e a tradi\u00e7\u00e3o em um aroma moderno e impactante. Em seu frasco de 15ml, este perfume \u00e9 a escolha ideal para o homem que busca uma fragr\u00e2ncia marcante, com a nobreza do <b>oud<\/b>, mas com um toque de especiarias que a torna irresistivelmente elegante.<\/p>\n","protected":false},"featured_media":1325,"comment_status":"open","ping_status":"closed","template":"","meta":[],"product_brand":[],"product_cat":[46,117,43],"product_tag":[],"class_list":{"0":"post-1338","1":"product","2":"type-product","3":"status-publish","4":"has-post-thumbnail","6":"product_cat-geral","7":"product_cat-perfume-miniatura","8":"product_cat-perfumes","10":"first","11":"instock","12":"shipping-taxable","13":"purchasable","14":"product-type-simple"},"_links":{"self":[{"href":"https:\/\/mamajula.com.br\/index.php\/wp-json\/wp\/v2\/product\/1338","targetHints":{"allow":["GET"]}}],"collection":[{"href":"https:\/\/mamajula.com.br\/index.php\/wp-json\/wp\/v2\/product"}],"about":[{"href":"https:\/\/mamajula.com.br\/index.php\/wp-json\/wp\/v2\/types\/product"}],"replies":[{"embeddable":true,"href":"https:\/\/mamajula.com.br\/index.php\/wp-json\/wp\/v2\/comments?post=1338"}],"wp:featuredmedia":[{"embeddable":true,"href":"https:\/\/mamajula.com.br\/index.php\/wp-json\/wp\/v2\/media\/1325"}],"wp:attachment":[{"href":"https:\/\/mamajula.com.br\/index.php\/wp-json\/wp\/v2\/media?parent=1338"}],"wp:term":[{"taxonomy":"product_brand","embeddable":true,"href":"https:\/\/mamajula.com.br\/index.php\/wp-json\/wp\/v2\/product_brand?post=1338"},{"taxonomy":"product_cat","embeddable":true,"href":"https:\/\/mamajula.com.br\/index.php\/wp-json\/wp\/v2\/product_cat?post=1338"},{"taxonomy":"product_tag","embeddable":true,"href":"https:\/\/mamajula.com.br\/index.php\/wp-json\/wp\/v2\/product_tag?post=1338"}],"curies":[{"name":"wp","href":"https:\/\/api.w.org\/{rel}","templated":true}]}}