{"id":1339,"date":"2025-08-20T18:11:03","date_gmt":"2025-08-20T21:11:03","guid":{"rendered":"https:\/\/mamajula.com.br\/index.php\/produto\/secrets-parfum-15ml-durrat-al-aroos-feminino\/"},"modified":"2025-08-30T10:33:43","modified_gmt":"2025-08-30T13:33:43","slug":"secrets-parfum-15ml-durrat-al-aroos-feminino","status":"publish","type":"product","link":"https:\/\/mamajula.com.br\/index.php\/produto\/secrets-parfum-15ml-durrat-al-aroos-feminino\/","title":{"rendered":"Secret&#8217;s Parfum 15ml &#8211; Durrat Al Aroos (feminino)"},"content":{"rendered":"<p><br data-mce-bogus=\"1\"><\/p>\n","protected":false},"excerpt":{"rendered":"<h3>Durrat Al Aroos &#8211; Perfume Feminino<\/h3>\n<\/p>\n<p>Durrat Al Aroos, que se traduz como &#8220;A P\u00e9rola da Noiva&#8221;, \u00e9 uma fragr\u00e2ncia que evoca a pureza, a beleza e a promessa de um amor eterno. Em seu frasco de 15ml, este perfume celebra a mulher em seus momentos mais especiais, com uma composi\u00e7\u00e3o delicada e, ao mesmo tempo, rica, que deixa um rastro de encanto e sofistica\u00e7\u00e3o.<\/p>\n","protected":false},"featured_media":1328,"comment_status":"open","ping_status":"closed","template":"","meta":[],"product_brand":[],"product_cat":[46,117,43],"product_tag":[],"class_list":{"0":"post-1339","1":"product","2":"type-product","3":"status-publish","4":"has-post-thumbnail","6":"product_cat-geral","7":"product_cat-perfume-miniatura","8":"product_cat-perfumes","10":"first","11":"instock","12":"shipping-taxable","13":"purchasable","14":"product-type-simple"},"_links":{"self":[{"href":"https:\/\/mamajula.com.br\/index.php\/wp-json\/wp\/v2\/product\/1339","targetHints":{"allow":["GET"]}}],"collection":[{"href":"https:\/\/mamajula.com.br\/index.php\/wp-json\/wp\/v2\/product"}],"about":[{"href":"https:\/\/mamajula.com.br\/index.php\/wp-json\/wp\/v2\/types\/product"}],"replies":[{"embeddable":true,"href":"https:\/\/mamajula.com.br\/index.php\/wp-json\/wp\/v2\/comments?post=1339"}],"wp:featuredmedia":[{"embeddable":true,"href":"https:\/\/mamajula.com.br\/index.php\/wp-json\/wp\/v2\/media\/1328"}],"wp:attachment":[{"href":"https:\/\/mamajula.com.br\/index.php\/wp-json\/wp\/v2\/media?parent=1339"}],"wp:term":[{"taxonomy":"product_brand","embeddable":true,"href":"https:\/\/mamajula.com.br\/index.php\/wp-json\/wp\/v2\/product_brand?post=1339"},{"taxonomy":"product_cat","embeddable":true,"href":"https:\/\/mamajula.com.br\/index.php\/wp-json\/wp\/v2\/product_cat?post=1339"},{"taxonomy":"product_tag","embeddable":true,"href":"https:\/\/mamajula.com.br\/index.php\/wp-json\/wp\/v2\/product_tag?post=1339"}],"curies":[{"name":"wp","href":"https:\/\/api.w.org\/{rel}","templated":true}]}}