{"id":1341,"date":"2025-08-20T18:15:43","date_gmt":"2025-08-20T21:15:43","guid":{"rendered":"https:\/\/mamajula.com.br\/index.php\/produto\/secrets-parfum-15ml-leonie-feminino\/"},"modified":"2025-08-30T10:33:43","modified_gmt":"2025-08-30T13:33:43","slug":"secrets-parfum-15ml-leonie-feminino","status":"publish","type":"product","link":"https:\/\/mamajula.com.br\/index.php\/produto\/secrets-parfum-15ml-leonie-feminino\/","title":{"rendered":"Secret&#8217;s Parfum 15ml &#8211; L\u00e9onie (feminino)"},"content":{"rendered":"<p><br data-mce-bogus=\"1\"><\/p>\n","protected":false},"excerpt":{"rendered":"<h3>L\u00e9onie &#8211; Perfume Feminino<\/h3>\n<\/p>\n<p>L\u00e9onie \u00e9 uma fragr\u00e2ncia que personifica a gra\u00e7a e a eleg\u00e2ncia atemporal, feita para a mulher que exala confian\u00e7a com uma do\u00e7ura irresist\u00edvel. Em seu frasco de 15ml, este perfume \u00e9 uma homenagem \u00e0 feminilidade, com uma composi\u00e7\u00e3o floral e frutada que se equilibra perfeitamente, deixando um rastro de encanto e sofistica\u00e7\u00e3o.<\/p>\n","protected":false},"featured_media":1326,"comment_status":"open","ping_status":"closed","template":"","meta":[],"product_brand":[],"product_cat":[46,117,43],"product_tag":[],"class_list":{"0":"post-1341","1":"product","2":"type-product","3":"status-publish","4":"has-post-thumbnail","6":"product_cat-geral","7":"product_cat-perfume-miniatura","8":"product_cat-perfumes","10":"first","11":"instock","12":"shipping-taxable","13":"purchasable","14":"product-type-simple"},"_links":{"self":[{"href":"https:\/\/mamajula.com.br\/index.php\/wp-json\/wp\/v2\/product\/1341","targetHints":{"allow":["GET"]}}],"collection":[{"href":"https:\/\/mamajula.com.br\/index.php\/wp-json\/wp\/v2\/product"}],"about":[{"href":"https:\/\/mamajula.com.br\/index.php\/wp-json\/wp\/v2\/types\/product"}],"replies":[{"embeddable":true,"href":"https:\/\/mamajula.com.br\/index.php\/wp-json\/wp\/v2\/comments?post=1341"}],"wp:featuredmedia":[{"embeddable":true,"href":"https:\/\/mamajula.com.br\/index.php\/wp-json\/wp\/v2\/media\/1326"}],"wp:attachment":[{"href":"https:\/\/mamajula.com.br\/index.php\/wp-json\/wp\/v2\/media?parent=1341"}],"wp:term":[{"taxonomy":"product_brand","embeddable":true,"href":"https:\/\/mamajula.com.br\/index.php\/wp-json\/wp\/v2\/product_brand?post=1341"},{"taxonomy":"product_cat","embeddable":true,"href":"https:\/\/mamajula.com.br\/index.php\/wp-json\/wp\/v2\/product_cat?post=1341"},{"taxonomy":"product_tag","embeddable":true,"href":"https:\/\/mamajula.com.br\/index.php\/wp-json\/wp\/v2\/product_tag?post=1341"}],"curies":[{"name":"wp","href":"https:\/\/api.w.org\/{rel}","templated":true}]}}