{"id":1348,"date":"2025-08-20T18:21:14","date_gmt":"2025-08-20T21:21:14","guid":{"rendered":"https:\/\/mamajula.com.br\/index.php\/produto\/perfume-capilar-secrets-hair-alien-60ml\/"},"modified":"2025-08-30T10:29:35","modified_gmt":"2025-08-30T13:29:35","slug":"perfume-capilar-secrets-hair-alien-60ml","status":"publish","type":"product","link":"https:\/\/mamajula.com.br\/index.php\/produto\/perfume-capilar-secrets-hair-alien-60ml\/","title":{"rendered":"Perfume Capilar Secret&#8217;s Hair Alien 60ml"},"content":{"rendered":"<p><br data-mce-bogus=\"1\"><\/p>\n","protected":false},"excerpt":{"rendered":"<h3>Perfume Capilar Secret&#8217;s Hair Alien<\/h3>\n<\/p>\n<p>O Perfume Capilar Secret&#8217;s Hair Alien \u00e9 a solu\u00e7\u00e3o perfeita para quem busca fios perfumados, com brilho e protegidos. Com uma fragr\u00e2ncia ic\u00f4nica, este produto de 60ml \u00e9 o toque final de luxo para a sua rotina de cuidados capilares.<\/p>\n","protected":false},"featured_media":1345,"comment_status":"open","ping_status":"closed","template":"","meta":[],"product_brand":[],"product_cat":[46,116,43],"product_tag":[],"class_list":{"0":"post-1348","1":"product","2":"type-product","3":"status-publish","4":"has-post-thumbnail","6":"product_cat-geral","7":"product_cat-perfume-para-cabelo","8":"product_cat-perfumes","10":"first","11":"instock","12":"shipping-taxable","13":"purchasable","14":"product-type-simple"},"_links":{"self":[{"href":"https:\/\/mamajula.com.br\/index.php\/wp-json\/wp\/v2\/product\/1348","targetHints":{"allow":["GET"]}}],"collection":[{"href":"https:\/\/mamajula.com.br\/index.php\/wp-json\/wp\/v2\/product"}],"about":[{"href":"https:\/\/mamajula.com.br\/index.php\/wp-json\/wp\/v2\/types\/product"}],"replies":[{"embeddable":true,"href":"https:\/\/mamajula.com.br\/index.php\/wp-json\/wp\/v2\/comments?post=1348"}],"wp:featuredmedia":[{"embeddable":true,"href":"https:\/\/mamajula.com.br\/index.php\/wp-json\/wp\/v2\/media\/1345"}],"wp:attachment":[{"href":"https:\/\/mamajula.com.br\/index.php\/wp-json\/wp\/v2\/media?parent=1348"}],"wp:term":[{"taxonomy":"product_brand","embeddable":true,"href":"https:\/\/mamajula.com.br\/index.php\/wp-json\/wp\/v2\/product_brand?post=1348"},{"taxonomy":"product_cat","embeddable":true,"href":"https:\/\/mamajula.com.br\/index.php\/wp-json\/wp\/v2\/product_cat?post=1348"},{"taxonomy":"product_tag","embeddable":true,"href":"https:\/\/mamajula.com.br\/index.php\/wp-json\/wp\/v2\/product_tag?post=1348"}],"curies":[{"name":"wp","href":"https:\/\/api.w.org\/{rel}","templated":true}]}}