{"id":1349,"date":"2025-08-20T18:22:07","date_gmt":"2025-08-20T21:22:07","guid":{"rendered":"https:\/\/mamajula.com.br\/index.php\/produto\/perfume-capilar-secrets-hair-delina-blanc-60ml\/"},"modified":"2025-08-30T10:29:35","modified_gmt":"2025-08-30T13:29:35","slug":"perfume-capilar-secrets-hair-delina-blanc-60ml","status":"publish","type":"product","link":"https:\/\/mamajula.com.br\/index.php\/produto\/perfume-capilar-secrets-hair-delina-blanc-60ml\/","title":{"rendered":"Perfume Capilar Secret&#8217;s Hair Delina Blanc 60ml"},"content":{"rendered":"<p><br data-mce-bogus=\"1\"><\/p>\n","protected":false},"excerpt":{"rendered":"<h3>Perfume Capilar Secret&#8217;s Hair Delina Blanc<\/h3>\n<\/p>\n<p>O Perfume Capilar Secret&#8217;s Hair Delina Blanc \u00e9 um toque de luxo e sofistica\u00e7\u00e3o para os seus fios. Em um pr\u00e1tico frasco de 60ml, ele n\u00e3o apenas perfuma, mas tamb\u00e9m neutraliza odores e confere um brilho natural, deixando o seu cabelo com uma fragr\u00e2ncia delicada e uma apar\u00eancia impec\u00e1vel.<\/p>\n","protected":false},"featured_media":1344,"comment_status":"open","ping_status":"closed","template":"","meta":[],"product_brand":[],"product_cat":[46,116,43],"product_tag":[],"class_list":{"0":"post-1349","1":"product","2":"type-product","3":"status-publish","4":"has-post-thumbnail","6":"product_cat-geral","7":"product_cat-perfume-para-cabelo","8":"product_cat-perfumes","10":"first","11":"instock","12":"shipping-taxable","13":"purchasable","14":"product-type-simple"},"_links":{"self":[{"href":"https:\/\/mamajula.com.br\/index.php\/wp-json\/wp\/v2\/product\/1349","targetHints":{"allow":["GET"]}}],"collection":[{"href":"https:\/\/mamajula.com.br\/index.php\/wp-json\/wp\/v2\/product"}],"about":[{"href":"https:\/\/mamajula.com.br\/index.php\/wp-json\/wp\/v2\/types\/product"}],"replies":[{"embeddable":true,"href":"https:\/\/mamajula.com.br\/index.php\/wp-json\/wp\/v2\/comments?post=1349"}],"wp:featuredmedia":[{"embeddable":true,"href":"https:\/\/mamajula.com.br\/index.php\/wp-json\/wp\/v2\/media\/1344"}],"wp:attachment":[{"href":"https:\/\/mamajula.com.br\/index.php\/wp-json\/wp\/v2\/media?parent=1349"}],"wp:term":[{"taxonomy":"product_brand","embeddable":true,"href":"https:\/\/mamajula.com.br\/index.php\/wp-json\/wp\/v2\/product_brand?post=1349"},{"taxonomy":"product_cat","embeddable":true,"href":"https:\/\/mamajula.com.br\/index.php\/wp-json\/wp\/v2\/product_cat?post=1349"},{"taxonomy":"product_tag","embeddable":true,"href":"https:\/\/mamajula.com.br\/index.php\/wp-json\/wp\/v2\/product_tag?post=1349"}],"curies":[{"name":"wp","href":"https:\/\/api.w.org\/{rel}","templated":true}]}}