{"id":1404,"date":"2025-11-17T14:18:02","date_gmt":"2025-11-17T17:18:02","guid":{"rendered":"https:\/\/mamajula.com.br\/index.php\/produto\/sabah-al-ward-2\/"},"modified":"2025-11-17T14:18:02","modified_gmt":"2025-11-17T17:18:02","slug":"sabah-al-ward-2","status":"publish","type":"product","link":"https:\/\/mamajula.com.br\/index.php\/produto\/sabah-al-ward-2\/","title":{"rendered":"Sabah Al Ward"},"content":{"rendered":"<p><br data-mce-bogus=\"1\"><\/p>\n","protected":false},"excerpt":{"rendered":"<p>Sabah Al Ward \u00e9 um perfume \u00e1rabe feminino da marca Al Wataniah, classificado como oriental floral. A fragr\u00e2ncia \u00e9 descrita como misteriosa e sedutora, com notas de topo de pimenta rosa e tangerina, um cora\u00e7\u00e3o de cacau, flor de laranjeira e jasmim sambac, e uma base de baunilha, fava tonka e patchouli. O nome significa &#8220;rosa da manh\u00e3&#8221; e a composi\u00e7\u00e3o busca combinar o frescor com uma profundidade enigm\u00e1tica<\/p>\n","protected":false},"featured_media":1401,"comment_status":"open","ping_status":"closed","template":"","meta":[],"product_brand":[],"product_cat":[43],"product_tag":[],"class_list":{"0":"post-1404","1":"product","2":"type-product","3":"status-publish","4":"has-post-thumbnail","6":"product_cat-perfumes","8":"first","9":"instock","10":"shipping-taxable","11":"purchasable","12":"product-type-simple"},"_links":{"self":[{"href":"https:\/\/mamajula.com.br\/index.php\/wp-json\/wp\/v2\/product\/1404","targetHints":{"allow":["GET"]}}],"collection":[{"href":"https:\/\/mamajula.com.br\/index.php\/wp-json\/wp\/v2\/product"}],"about":[{"href":"https:\/\/mamajula.com.br\/index.php\/wp-json\/wp\/v2\/types\/product"}],"replies":[{"embeddable":true,"href":"https:\/\/mamajula.com.br\/index.php\/wp-json\/wp\/v2\/comments?post=1404"}],"wp:featuredmedia":[{"embeddable":true,"href":"https:\/\/mamajula.com.br\/index.php\/wp-json\/wp\/v2\/media\/1401"}],"wp:attachment":[{"href":"https:\/\/mamajula.com.br\/index.php\/wp-json\/wp\/v2\/media?parent=1404"}],"wp:term":[{"taxonomy":"product_brand","embeddable":true,"href":"https:\/\/mamajula.com.br\/index.php\/wp-json\/wp\/v2\/product_brand?post=1404"},{"taxonomy":"product_cat","embeddable":true,"href":"https:\/\/mamajula.com.br\/index.php\/wp-json\/wp\/v2\/product_cat?post=1404"},{"taxonomy":"product_tag","embeddable":true,"href":"https:\/\/mamajula.com.br\/index.php\/wp-json\/wp\/v2\/product_tag?post=1404"}],"curies":[{"name":"wp","href":"https:\/\/api.w.org\/{rel}","templated":true}]}}