{"id":652,"date":"2024-05-16T23:21:15","date_gmt":"2024-05-17T02:21:15","guid":{"rendered":"https:\/\/mamajula.com.br\/?post_type=product&#038;p=652"},"modified":"2024-05-27T22:08:02","modified_gmt":"2024-05-28T01:08:02","slug":"brand-collection-043-alien-mugler","status":"publish","type":"product","link":"https:\/\/mamajula.com.br\/index.php\/produto\/brand-collection-043-alien-mugler\/","title":{"rendered":"Brand Collection 043 &#8211; Alien Mugler"},"content":{"rendered":"<p>Descubra mais sobre:<br \/><strong>Perfume Feminino Beauty Brand 043 Eau de Parfum &#8211;<em>\u00a0Jasmine<\/em><\/strong><br \/>O Perfume\u00a0Feminino Beauty Brand 043 \u00e9\u00a0muito diferenciado, a come\u00e7ar pelo frasco que \u00e9 de outro mundo!\u00a0Esta inspira\u00e7\u00e3o do\u00a0<strong>Alien Tradicional<\/strong>, de\u00a0<strong>Thierry Mugler<\/strong>, inicia exalando\u00a0flores brancas. Na sequ\u00eancia, desabrocha um toque de \u00e2mbar e\u00a0amadeirado. \u00c9 como uma sinfonia de aromas suaves, cheios de feminilidade e paix\u00e3o!<br \/>\u00c9 um perfume delicado e sofisticado,\u00a0deriva de um mundo no limite entre o real e o extraordin\u00e1rio.\u00a0Foi criado sob a inspira\u00e7\u00e3o da energia de uma deusa solar Alien. Uma assinatura, um selo, derivado de uma linguagem de inspira\u00e7\u00e3o ancestral ou futura, se tornando eternamente universal.<br \/>\u00a0<\/p>\n<p>Como usar:<br \/><strong>Conselho de aplica\u00e7\u00e3o<\/strong><br \/>Aplique utilizando o borrifador spray, concentrando o perfume sobre \u00e1reas que\u00a0<strong>fixem melhor a perfuma\u00e7\u00e3o<\/strong>, como regi\u00f5es onde a circula\u00e7\u00e3o de sangue \u00e9 maior:\u00a0<strong>como pulsos, nuca, atr\u00e1s das orelhas e dobras<\/strong>.\u00a0Para melhor conserva\u00e7\u00e3o do produto, mantenha-o em locais secos, longe do calor excessivo e da luz solar direta.<br \/>Cuide para\u00a0<strong>n\u00e3o\u00a0<\/strong>aplicar sobre os olhos, pois pode causar irrita\u00e7\u00f5es.<br \/>\u00a0<br \/>Os\u00a0<strong>Eau de Parfum<\/strong>\u00a0da\u00a0<strong>Beauty Brand<\/strong>\u00a0possuem uma concentra\u00e7\u00e3o de fragr\u00e2ncia (ess\u00eancia) que corresponde at\u00e9\u00a0<strong>25% de sua composi\u00e7\u00e3o<\/strong>;\u00a0tornando sua fixa\u00e7\u00e3o<strong>\u00a0mais potente<\/strong>. A marca promete\u00a0<strong>fixa\u00e7\u00e3o m\u00e9dia de 8h a 12h<\/strong>\u00a0(podendo variar de acordo com o clima local,\u00a0tipo de pele, notas olfativas, entre outros fatores).<br \/>\u00a0<\/p>\n<p>Pir\u00e2mide olfativa:<br \/><strong>Topo:\u00a0<\/strong>Jasmim.<br \/>\u00a0<br \/><strong>Corpo:\u00a0<\/strong>Notas Amadeiradas.<br \/>\u00a0<br \/><strong>Fundo:\u00a0<\/strong>\u00c2mbar.<br \/>\u00a0<\/p>\n<p>Ocasi\u00e3o:<br \/>Leve e profundamente feminino, ele pode ser usado tanto de dia quanto \u00e0 noite no trabalho, em eventos sociais, ou ocasi\u00f5es especiais.\u00a0Ideal para climas frios, seja de dia ou de noite.<br \/>\u00a0<\/p>\n<p>O que \u00e9\u00a0<strong>Brand Collection<\/strong>\u00a0e\u00a0<strong>Beauty Brand<\/strong>?<br \/><strong>Marcas que revolucionaram o mundo das inspira\u00e7\u00f5es<\/strong><br \/>Estas s\u00e3o as marcas que disputam\u00a0o\u00a0<strong>1\u00ba lugar no mundo<\/strong>\u00a0quando se tratam de\u00a0<strong>perfumes inspirados<\/strong>! Especialistas se reuniram para desenvolver estas linhas, que produzem miniaturas, quase que\u00a0<strong>&#8220;irm\u00e3os g\u00eameos&#8221;<\/strong>\u00a0dos perfumes de grifes.<br \/>Os frascos s\u00e3o feitos em\u00a0<strong>vidro<\/strong>, com\u00a0<strong>detalhes delicados<\/strong>, totalmente\u00a0<strong>inspirados nos \u00edcones da perfumaria importada<\/strong>. Todos possuem borrifador tipo\u00a0<em><strong>spray<\/strong><\/em>.\u00a0E\u00a0as fragr\u00e2ncias, desenvolvidas com\u00a0<strong>mat\u00e9ria-prima refinada<\/strong>\u00a0e\u00a0<strong>tecnologia de \u00faltima gera\u00e7\u00e3o<\/strong>, s\u00e3o\u00a0<strong>id\u00eanticas\u00a0<\/strong>aos famosos perfumes em que s\u00e3o inspirados.<br \/>Estas s\u00e3o as\u00a0<strong>linhas de luxo<\/strong>\u00a0no mundo das inspira\u00e7\u00f5es, pois revelam\u00a0perfumes car\u00edssimos em pequenos frascos, com o\u00a0<strong>pre\u00e7o acessivelmente correto<\/strong>.<br \/>Sim!\u00a0<strong>Os frascos s\u00e3o exatamente como voc\u00ea v\u00ea nas imagens<\/strong>. Estas linhas da\u00a0perfumaria foram\u00a0<strong>feitas para serem colecionadas<\/strong>, pois al\u00e9m de\u00a0<strong>fixarem por 8h (em m\u00e9dia)<\/strong>, os recipientes ir\u00e3o embelezar a sua prateleira!<br \/>\u00a0<br \/>Citamos os nomes dos perfumes de grifes como Propaganda Comparativa (Legalizado pelo CONAR) para que voc\u00ea possua uma refer\u00eancia j\u00e1 conhecida do produto que est\u00e1 adquirindo.<\/p>\n<p>\u00a0<\/p>\n<p>O que chega pra voc\u00ea:<br \/><strong>Perfume\u00a0Feminino Beauty Brand\u00a0043 Eau de Parfum de 25ml\u00a0(na quantidade\u00a0que voc\u00ea\u00a0selecionar).<\/strong><br \/>O produto chegar\u00e1 em suas m\u00e3os na caixa original do pr\u00f3prio perfume, lacrado\u00a0e inviolado.<br \/>Estar\u00e1 protegido;\u00a0totalmente envolto\u00a0em pl\u00e1stico bolha, com qualidade &#8220;<strong>A<\/strong>&#8221; em prote\u00e7\u00e3o. Seu pedido\u00a0<strong>ser\u00e1 entregue em seu endere\u00e7o<\/strong>,\u00a0dentro da caixa de envio\u00a0totalmente lacrada, acompanhado da nota de produto e do cart\u00e3o informativo da loja.<br \/>\u00a0<\/p>\n<p>Garantia:<br \/>Sim! Voc\u00ea possui a garantia da loja para o seu produto! Ent\u00e3o pode ficar tranquilo, que a qualquer momento voc\u00ea poder\u00e1 entrar em contato com a nossa equipe para falar de qualquer assunto sobre seu pedido ou tirar d\u00favidas.<br \/>Em caso de troca, problemas na entrega ou\u00a0desist\u00eancia, voc\u00ea pode acessar a aba de\u00a0<a href=\"https:\/\/www.cheromeuperfumaria.com\/troca-devolucao-garantia\">Garantia<\/a>, onde explicamos exatamente o procedimento que voc\u00ea precisar\u00e1 fazer, e n\u00f3s o ajudaremos em todas as etapas.<br \/>\u00a0<\/p>\n<p>Envio \/ Rastreio:<br \/>O envio \u00e9 feito em at\u00e9\u00a0<strong>2 dias \u00fateis<\/strong>\u00a0ap\u00f3s a confirma\u00e7\u00e3o do pagamento do pedido.<br \/>Voc\u00ea ser\u00e1\u00a0<strong>avisado de<\/strong>\u00a0<strong>todas as etapas<\/strong>\u00a0de sua compra\u00a0<strong>atrav\u00e9s do seu e-mail<\/strong>\u00a0de cadastro. L\u00e1 voc\u00ea saber\u00e1 quando sua compra for confirmada, quando estiver em prepara\u00e7\u00e3o, quando for enviada e qual ser\u00e1 seu c\u00f3digo de rastreio e prazo de entrega.<\/p>\n<p>\u00a0<br \/>O\u00a0<strong>pagamento \u00e9 aprovado de imediato<\/strong>\u00a0(com prazo de at\u00e9 2h), e em seguida\u00a0<strong>iniciamos o empacotamento de seu pedido<\/strong>\u00a0para envio!<br \/>MAIS DETALHES<br \/>C\u00f3digo<br \/>Alien Tradicional &#8211; Beauty Brand<br \/>Modelo<br \/>043<br \/>Marca<br \/>Beauty Brand Collection\u00ae<br \/>Itens Inclusos<br \/>Perfume feminino Beauty Brand 029 Eau de Parfum de 25ml, na caixa, lacrado.<br \/>Garantia<br \/>Garantimos a entrega de seus produtos em perfeitas condi\u00e7\u00f5es! Em casos de avarias, entre em contato conosco imediatamente.<br \/>CARACTER\u00cdSTICAS<br \/>Marcas: Beauty Brand<br \/>Inspirado em: Thierry Mugler<br \/>G\u00eanero: Feminino<br \/>Fam\u00edlia Olfativa: Flores brancas<br \/>Ocasi\u00e3o indicada: Climas frios, dia e noite<br \/>Volumetria: 25ml<\/p>\n","protected":false},"excerpt":{"rendered":"<p><strong>Perfume Feminino Beauty Brand 043 Eau de Parfum &#8211;<em>\u00a0Jasmine<\/em><\/strong><br \/>O Perfume\u00a0Feminino Beauty Brand 043 \u00e9\u00a0muito diferenciado, a come\u00e7ar pelo frasco que \u00e9 de outro mundo!\u00a0Esta inspira\u00e7\u00e3o do\u00a0<strong>Alien Tradicional<\/strong>, de\u00a0<strong>Thierry Mugler<\/strong>, inicia exalando\u00a0flores brancas. Na sequ\u00eancia, desabrocha um toque de \u00e2mbar e\u00a0amadeirado. \u00c9 como uma sinfonia de aromas suaves, cheios de feminilidade e paix\u00e3o!<\/p>\n","protected":false},"featured_media":563,"comment_status":"open","ping_status":"closed","template":"","meta":[],"product_brand":[],"product_cat":[46,43],"product_tag":[],"class_list":{"0":"post-652","1":"product","2":"type-product","3":"status-publish","4":"has-post-thumbnail","6":"product_cat-geral","7":"product_cat-perfumes","9":"first","10":"instock","11":"shipping-taxable","12":"purchasable","13":"product-type-simple"},"_links":{"self":[{"href":"https:\/\/mamajula.com.br\/index.php\/wp-json\/wp\/v2\/product\/652","targetHints":{"allow":["GET"]}}],"collection":[{"href":"https:\/\/mamajula.com.br\/index.php\/wp-json\/wp\/v2\/product"}],"about":[{"href":"https:\/\/mamajula.com.br\/index.php\/wp-json\/wp\/v2\/types\/product"}],"replies":[{"embeddable":true,"href":"https:\/\/mamajula.com.br\/index.php\/wp-json\/wp\/v2\/comments?post=652"}],"wp:featuredmedia":[{"embeddable":true,"href":"https:\/\/mamajula.com.br\/index.php\/wp-json\/wp\/v2\/media\/563"}],"wp:attachment":[{"href":"https:\/\/mamajula.com.br\/index.php\/wp-json\/wp\/v2\/media?parent=652"}],"wp:term":[{"taxonomy":"product_brand","embeddable":true,"href":"https:\/\/mamajula.com.br\/index.php\/wp-json\/wp\/v2\/product_brand?post=652"},{"taxonomy":"product_cat","embeddable":true,"href":"https:\/\/mamajula.com.br\/index.php\/wp-json\/wp\/v2\/product_cat?post=652"},{"taxonomy":"product_tag","embeddable":true,"href":"https:\/\/mamajula.com.br\/index.php\/wp-json\/wp\/v2\/product_tag?post=652"}],"curies":[{"name":"wp","href":"https:\/\/api.w.org\/{rel}","templated":true}]}}