{"id":654,"date":"2024-05-16T23:21:15","date_gmt":"2024-05-17T02:21:15","guid":{"rendered":"https:\/\/mamajula.com.br\/?post_type=product&#038;p=654"},"modified":"2024-05-27T22:12:54","modified_gmt":"2024-05-28T01:12:54","slug":"brand-collection-087-olympea","status":"publish","type":"product","link":"https:\/\/mamajula.com.br\/index.php\/produto\/brand-collection-087-olympea\/","title":{"rendered":"Brand Collection 087 &#8211; Olympea"},"content":{"rendered":"<p>Descubra mais sobre:<br \/><strong>Perfume Feminino Beauty Brand 087\u00a0Eau de Parfum &#8211;\u00a0<em>Olympos<\/em><\/strong><br \/>O Perfume\u00a0Feminino Beauty Brand 087 \u00e9 a inspira\u00e7\u00e3o sensacional, invej\u00e1vel e perfeita do\u00a0<strong>Olymp\u00e9a<\/strong>, de<strong>\u00a0Paco Rabanne<\/strong>.\u00a0Uma fragr\u00e2ncia \u00e2mbar floral feminina com\u00a0cheirinho adocicado.\u00a0Possui particularidade oriental fresco intrigante. Traz uma fragr\u00e2ncia que invoca a for\u00e7a de Ol\u00edmpia, deusa grega mitol\u00f3gica.<br \/>Apresenta um aroma inesquec\u00edvel, que traz \u00e0 tona a feminilidade e determina\u00e7\u00e3o da mulher que o usa. Conta com notas de Tangerina Verde, Flor de Gengibre e Jasmim Aqu\u00e1tico combinadas com notas de cora\u00e7\u00e3o de Baunilha Salgada e notas de fundo de Ambergris, Caxemira e S\u00e2ndalo.\u00a0O frasco remete a todos os s\u00edmbolos da gl\u00f3ria: o tom rosado da fragr\u00e2ncia orna harmoniosamente com o vidro em formato de \u00e2nfora, em alus\u00e3o perfeita aos vasos de cer\u00e2mica onde os deuses guardavam as bebidas e as folhas de louro, \u00e0s coroas da vit\u00f3ria.<br \/>Agora existente em duas vers\u00f5es:\u00a0<strong>Beauty Brand B-0<\/strong>87\u00a0com\u00a0<strong>75ml<\/strong>; ou\u00a0<strong>Beauty Brand 0<\/strong>87\u00a0com\u00a0<strong>25ml<\/strong>.<br \/>\u00a0<\/p>\n<p>Como usar:<br \/><strong>Conselho de aplica\u00e7\u00e3o<\/strong><br \/>Aplique utilizando o borrifador spray, concentrando o perfume sobre \u00e1reas que\u00a0<strong>fixem melhor a perfuma\u00e7\u00e3o<\/strong>, como regi\u00f5es onde a circula\u00e7\u00e3o de sangue \u00e9 maior:\u00a0<strong>como pulsos, nuca, atr\u00e1s das orelhas e dobras<\/strong>.\u00a0Para melhor conserva\u00e7\u00e3o do produto, mantenha-o em locais secos, longe do calor excessivo e da luz solar direta.<br \/>Cuide para\u00a0<strong>n\u00e3o\u00a0<\/strong>aplicar sobre os olhos, pois pode causar irrita\u00e7\u00f5es.<br \/>\u00a0<br \/>Os\u00a0<strong>Eau de Parfum<\/strong>\u00a0da\u00a0<strong>Beauty Brand<\/strong>\u00a0possuem uma concentra\u00e7\u00e3o de fragr\u00e2ncia (ess\u00eancia) que corresponde at\u00e9\u00a0<strong>25% de sua composi\u00e7\u00e3o<\/strong>;\u00a0tornando sua fixa\u00e7\u00e3o<strong>\u00a0mais potente<\/strong>. A marca promete\u00a0<strong>fixa\u00e7\u00e3o m\u00e9dia de 8h a 12h<\/strong>\u00a0(podendo variar de acordo com o clima local,\u00a0tipo de pele, notas olfativas, entre outros fatores).<br \/>\u00a0<\/p>\n<p>Pir\u00e2mide olfativa:<br \/><strong>Topo:\u00a0<\/strong>Jasmim Aqu\u00e1tico, Flor de Gengibre e Mandarina Verde.<br \/>\u00a0<br \/><strong>Corpo:<\/strong>\u00a0Baunilha e Sal.<br \/>\u00a0<br \/><strong>Fundo:<\/strong>\u00a0\u00c2mbar Cinzento, Madeira de Cashmere e S\u00e2ndalo.<br \/>\u00a0<\/p>\n<p>Ocasi\u00e3o:<br \/>Super indicado para climas frios, tanto de dia quanto de noite. Sua fixa\u00e7\u00e3o e sua proje\u00e7\u00e3o s\u00e3o muito elogiadas, ent\u00e3o cuide com as borrifadas para n\u00e3o exagerar.<br \/>Sua perfuma\u00e7\u00e3o \u00e9 alegre e delicada.\u00a0Com ele, voc\u00ea traz delicadeza e feminilidade tanto no trabalho quanto num jantar especial, sem nunca perder a eleg\u00e2ncia.<br \/>\u00a0<\/p>\n<p>O que \u00e9\u00a0<strong>Brand Collection<\/strong>\u00a0e\u00a0<strong>Beauty Brand<\/strong>?<br \/><strong>Marcas que revolucionaram o mundo das inspira\u00e7\u00f5es<\/strong><br \/>Estas s\u00e3o as marcas que disputam\u00a0o\u00a0<strong>1\u00ba lugar no mundo<\/strong>\u00a0quando se tratam de\u00a0<strong>perfumes inspirados<\/strong>! Especialistas se reuniram para desenvolver estas linhas, que produzem miniaturas, quase que\u00a0<strong>&#8220;irm\u00e3os g\u00eameos&#8221;<\/strong>\u00a0dos perfumes de grifes.<br \/>Os frascos s\u00e3o feitos em\u00a0<strong>vidro<\/strong>, com\u00a0<strong>detalhes delicados<\/strong>, totalmente\u00a0<strong>inspirados nos \u00edcones da perfumaria importada<\/strong>. Todos possuem borrifador tipo\u00a0<em><strong>spray<\/strong><\/em>.\u00a0E\u00a0as fragr\u00e2ncias, desenvolvidas com\u00a0<strong>mat\u00e9ria-prima refinada<\/strong>\u00a0e\u00a0<strong>tecnologia de \u00faltima gera\u00e7\u00e3o<\/strong>, s\u00e3o\u00a0<strong>id\u00eanticas\u00a0<\/strong>aos famosos perfumes em que s\u00e3o inspirados.<br \/>Estas s\u00e3o as\u00a0<strong>linhas de luxo<\/strong>\u00a0no mundo das inspira\u00e7\u00f5es, pois revelam\u00a0perfumes car\u00edssimos em pequenos frascos, com o\u00a0<strong>pre\u00e7o acessivelmente correto<\/strong>.<br \/>Sim!\u00a0<strong>Os frascos s\u00e3o exatamente como voc\u00ea v\u00ea nas imagens<\/strong>. Estas linhas da\u00a0perfumaria foram\u00a0<strong>feitas para serem colecionadas<\/strong>, pois al\u00e9m de\u00a0<strong>fixarem por 8h (em m\u00e9dia)<\/strong>, os recipientes ir\u00e3o embelezar a sua prateleira!<br \/>\u00a0<br \/>Citamos os nomes dos perfumes de grifes como Propaganda Comparativa (Legalizado pelo CONAR) para que voc\u00ea possua uma refer\u00eancia j\u00e1 conhecida do produto que est\u00e1 adquirindo.<br \/>\u00a0<\/p>\n<p>O que chega pra voc\u00ea:<br \/><strong>Perfume\u00a0Feminino Beauty Brand\u00a0087\u00a0Eau de Parfum de 25ml\u00a0ou 75ml (na quantidade e volumetria que voc\u00ea\u00a0selecionar).<\/strong><br \/>O produto chegar\u00e1 em suas m\u00e3os na caixa original do pr\u00f3prio perfume, lacrado\u00a0e inviolado.<br \/>Estar\u00e1 protegido;\u00a0totalmente envolto\u00a0em pl\u00e1stico bolha, com qualidade &#8220;<strong>A<\/strong>&#8221; em prote\u00e7\u00e3o. Seu pedido\u00a0<strong>ser\u00e1 entregue em seu endere\u00e7o<\/strong>,\u00a0dentro da caixa de envio\u00a0totalmente lacrada, acompanhado da nota de produto e do cart\u00e3o informativo da loja.<br \/>\u00a0<\/p>\n<p>Garantia:<br \/>Sim! Voc\u00ea possui a garantia da loja para o seu produto! Ent\u00e3o pode ficar tranquilo, que a qualquer momento voc\u00ea poder\u00e1 entrar em contato com a nossa equipe para falar de qualquer assunto sobre seu pedido ou tirar d\u00favidas.<br \/>Em caso de troca, problemas na entrega ou\u00a0desist\u00eancia, voc\u00ea pode acessar a aba de\u00a0<a href=\"https:\/\/www.cheromeuperfumaria.com\/troca-devolucao-garantia\">Garantia<\/a>, onde explicamos exatamente o procedimento que voc\u00ea precisar\u00e1 fazer, e n\u00f3s o ajudaremos em todas as etapas.<br \/>\u00a0<\/p>\n<p>Envio \/ Rastreio:<br \/>O envio \u00e9 feito em at\u00e9\u00a0<strong>2 dias \u00fateis<\/strong>\u00a0ap\u00f3s a confirma\u00e7\u00e3o do pagamento do pedido.<br \/>Voc\u00ea ser\u00e1\u00a0<strong>avisado de<\/strong>\u00a0<strong>todas as etapas<\/strong>\u00a0de sua compra\u00a0<strong>atrav\u00e9s do seu e-mail<\/strong>\u00a0de cadastro. L\u00e1 voc\u00ea saber\u00e1 quando sua compra for confirmada, quando estiver em prepara\u00e7\u00e3o, quando for enviada e qual ser\u00e1 seu c\u00f3digo de rastreio e prazo de entrega.<br \/>\u00a0<\/p>\n<p>O\u00a0<strong>pagamento \u00e9 aprovado de imediato<\/strong>\u00a0(com prazo de at\u00e9 2h), e em seguida\u00a0<strong>iniciamos o empacotamento de seu pedido<\/strong>\u00a0para envio!<br \/>MAIS DETALHES<br \/>C\u00f3digo<br \/>Olymp\u00e9a &#8211; Beauty Brand<br \/>Modelo<br \/>087<br \/>Marca<br \/>Beauty Brand Collection\u00ae<br \/>Itens Inclusos<br \/>Perfume feminino Beauty Brand 087 Eau de Parfum de 25ml ou 75ml (na quantidade e volumetria que voc\u00ea selecionar), na caixa, lacrado.<br \/>Garantia<br \/>Garantimos a entrega de seus produtos em perfeitas condi\u00e7\u00f5es! Em casos de avarias, entre em contato conosco imediatamente.<br \/>CARACTER\u00cdSTICAS<br \/>Marcas: Beauty Brand<br \/>Inspirado em: Paco Rabanne<br \/>G\u00eanero: Feminino<br \/>Fam\u00edlia Olfativa: \u00c2mbares, musk, anim\u00e1licas<br \/>Ocasi\u00e3o indicada: Climas frios, dia e noite<br \/>Volumetria: 25ml<\/p>\n","protected":false},"excerpt":{"rendered":"<p><strong>Perfume Feminino Beauty Brand 087\u00a0Eau de Parfum &#8211;\u00a0<em>Olympos<\/em><\/strong><br \/>O Perfume\u00a0Feminino Beauty Brand 087 \u00e9 a inspira\u00e7\u00e3o sensacional, invej\u00e1vel e perfeita do\u00a0<strong>Olymp\u00e9a<\/strong>, de<strong>\u00a0Paco Rabanne<\/strong>.\u00a0Uma fragr\u00e2ncia \u00e2mbar floral feminina com\u00a0cheirinho adocicado.\u00a0Possui particularidade oriental fresco intrigante. Traz uma fragr\u00e2ncia que invoca a for\u00e7a de Ol\u00edmpia, deusa grega mitol\u00f3gica.<\/p>\n","protected":false},"featured_media":565,"comment_status":"open","ping_status":"closed","template":"","meta":[],"product_brand":[],"product_cat":[46,43],"product_tag":[],"class_list":{"0":"post-654","1":"product","2":"type-product","3":"status-publish","4":"has-post-thumbnail","6":"product_cat-geral","7":"product_cat-perfumes","9":"first","10":"instock","11":"shipping-taxable","12":"purchasable","13":"product-type-simple"},"_links":{"self":[{"href":"https:\/\/mamajula.com.br\/index.php\/wp-json\/wp\/v2\/product\/654","targetHints":{"allow":["GET"]}}],"collection":[{"href":"https:\/\/mamajula.com.br\/index.php\/wp-json\/wp\/v2\/product"}],"about":[{"href":"https:\/\/mamajula.com.br\/index.php\/wp-json\/wp\/v2\/types\/product"}],"replies":[{"embeddable":true,"href":"https:\/\/mamajula.com.br\/index.php\/wp-json\/wp\/v2\/comments?post=654"}],"wp:featuredmedia":[{"embeddable":true,"href":"https:\/\/mamajula.com.br\/index.php\/wp-json\/wp\/v2\/media\/565"}],"wp:attachment":[{"href":"https:\/\/mamajula.com.br\/index.php\/wp-json\/wp\/v2\/media?parent=654"}],"wp:term":[{"taxonomy":"product_brand","embeddable":true,"href":"https:\/\/mamajula.com.br\/index.php\/wp-json\/wp\/v2\/product_brand?post=654"},{"taxonomy":"product_cat","embeddable":true,"href":"https:\/\/mamajula.com.br\/index.php\/wp-json\/wp\/v2\/product_cat?post=654"},{"taxonomy":"product_tag","embeddable":true,"href":"https:\/\/mamajula.com.br\/index.php\/wp-json\/wp\/v2\/product_tag?post=654"}],"curies":[{"name":"wp","href":"https:\/\/api.w.org\/{rel}","templated":true}]}}