{"id":658,"date":"2024-05-16T23:21:16","date_gmt":"2024-05-17T02:21:16","guid":{"rendered":"https:\/\/mamajula.com.br\/?post_type=product&#038;p=658"},"modified":"2024-05-27T19:16:33","modified_gmt":"2024-05-27T22:16:33","slug":"brand-collection-105-lady-million","status":"publish","type":"product","link":"https:\/\/mamajula.com.br\/index.php\/produto\/brand-collection-105-lady-million\/","title":{"rendered":"Brand Collection 105 &#8211; Lady Million"},"content":{"rendered":"<p><em>Descubra mais sobre:<\/em><br \/><strong>Perfume feminino Brand Collection 105 Eau de Parfum &#8211;<em>\u00a0Billionairess<\/em><\/strong><br \/>O perfume feminino Brand Collection 105 \u00e9 uma inspira\u00e7\u00e3o apaixonante e hipnotizante do\u00a0<strong>Lady Million, de Paco Rabanne<\/strong>. Suas notas s\u00e3o doces, com um toque floral branco, mel e citrinos. Um cheirinho que exala a mulher sensual, charmosa e empoderada. Se voc\u00ea nunca teve uma experi\u00eancia com este perfume, chegou o seu momento!<br \/>\u00a0<br \/>Um perfume feminino floral frutado, feito de pura sofistica\u00e7\u00e3o, para mulher poderosa, confiante e sedutora.\u00a0\u00c9 a express\u00e3o da riqueza e sofistica\u00e7\u00e3o, \u00e9 um perfume sexy e profundamente elaborado, criado para a mulher poderosa, que tem o mundo aos seus p\u00e9s.<br \/>Para\u00a0este perfume, foi selecionado um buqu\u00ea de Flores Brancas sofisticadas e muito femininas, com frutas e um fundo doce bem marcante, com um toque de Mel. O frasco \u00e9 inspirado no diamante Regente &#8211; famosa pedra, em exposi\u00e7\u00e3o no museu do Louvre, em Paris &#8211; multifacetado, dourado, revelando todo o luxo do ouro e das joias.<br \/>\u00a0<br \/>Agora existente em duas vers\u00f5es:<strong>\u00a0Brand Collection G-105<\/strong>\u00a0com\u00a0<strong>80ml<\/strong>; ou<strong>\u00a0Brand Collection 105<\/strong>\u00a0com\u00a0<strong>25ml<\/strong>.<br \/>\u00a0<\/p>\n<p>Como usar:<br \/><strong>Conselho de aplica\u00e7\u00e3o<\/strong><br \/>Aplique utilizando o borrifador spray, concentrando o perfume sobre \u00e1reas que\u00a0<strong>fixem melhor a perfuma\u00e7\u00e3o<\/strong>, como regi\u00f5es onde a circula\u00e7\u00e3o de sangue \u00e9 maior:\u00a0<strong>como pulsos, nuca, atr\u00e1s das orelhas e dobras<\/strong>.\u00a0Para melhor conserva\u00e7\u00e3o do produto, mantenha-o em locais secos, longe do calor extremo e da luz solar direta.<br \/>Cuide para\u00a0<strong>n\u00e3o\u00a0<\/strong>aplicar sobre os olhos, pois pode causar irrita\u00e7\u00f5es.<br \/>\u00a0<br \/>Os\u00a0<strong>Eau de Parfum<\/strong>\u00a0possuem uma concentra\u00e7\u00e3o de fragr\u00e2ncia (ess\u00eancia) de at\u00e9 20% de sua composi\u00e7\u00e3o, por isso sua fixa\u00e7\u00e3o\u00a0<strong>pode ser mais potente<\/strong>.<\/p>\n<p>\u00a0<\/p>\n<p>Pir\u00e2mide olfativa:<br \/><strong>Topo:\u00a0<\/strong>Framboesa, N\u00e9roli e Lim\u00e3o de Amalfi.<br \/>\u00a0<br \/><strong>Corpo:\u00a0<\/strong>Jasmim, Flor de Laranjeira Africana e Gard\u00eania.<br \/>\u00a0<br \/><strong>Fundo:\u00a0<\/strong>Mel branco, Patchouli ou Oriza e \u00c2mbar.<br \/>\u00a0<\/p>\n<p>Ocasi\u00e3o:<br \/>Ideal para a mulher que quer destacar a sua presen\u00e7a, mas sem deixar de lado a classe e o encanto feminino. Perfeito para carregar o ar com seu poder em dias e noites com climas frios.<br \/>\u00a0<\/p>\n<p>O que \u00e9\u00a0<strong>Brand Collection<\/strong>\u00a0e\u00a0<strong>Beauty Brand<\/strong>?<br \/><strong>Marcas que revolucionaram o mundo das inspira\u00e7\u00f5es<\/strong><br \/>Estas s\u00e3o as marcas que disputam\u00a0o\u00a0<strong>1\u00ba lugar no mundo<\/strong>\u00a0quando se tratam de\u00a0<strong>perfumes inspirados<\/strong>! Especialistas se reuniram para desenvolver estas linhas, que produzem miniaturas, quase que\u00a0<strong>&#8220;irm\u00e3os g\u00eameos&#8221;<\/strong>\u00a0dos perfumes de grifes.<br \/>Os frascos s\u00e3o feitos em\u00a0<strong>vidro<\/strong>, com\u00a0<strong>detalhes delicados<\/strong>, totalmente\u00a0<strong>inspirados nos \u00edcones da perfumaria importada<\/strong>. Todos possuem borrifador tipo\u00a0<em><strong>spray<\/strong><\/em>.\u00a0E\u00a0as fragr\u00e2ncias, desenvolvidas com\u00a0<strong>mat\u00e9ria-prima refinada<\/strong>\u00a0e\u00a0<strong>tecnologia de \u00faltima gera\u00e7\u00e3o<\/strong>, s\u00e3o\u00a0<strong>id\u00eanticas\u00a0<\/strong>aos famosos perfumes em que s\u00e3o inspirados.<br \/>Estas s\u00e3o as\u00a0<strong>linhas de luxo<\/strong>\u00a0no mundo das inspira\u00e7\u00f5es, pois revelam\u00a0perfumes car\u00edssimos em pequenos frascos, com o\u00a0<strong>pre\u00e7o acessivelmente correto<\/strong>.<br \/>Sim!\u00a0<strong>Os frascos s\u00e3o exatamente como voc\u00ea v\u00ea nas imagens<\/strong>. Estas linhas da\u00a0perfumaria foram\u00a0<strong>feitas para serem colecionadas<\/strong>, pois al\u00e9m de\u00a0<strong>fixarem por 8h (em m\u00e9dia)<\/strong>, os recipientes ir\u00e3o embelezar a sua prateleira!<br \/>\u00a0<br \/>Citamos os nomes dos perfumes de grifes como Propaganda Comparativa (Legalizado pelo CONAR) para que voc\u00ea possua uma refer\u00eancia j\u00e1 conhecida do produto que est\u00e1 adquirindo.<br \/>\u00a0<\/p>\n<p>O que chega pra voc\u00ea:<br \/><strong>Perfume feminino Brand Collection 105 Eau de Parfum de 25ml ou de 80ml (na quantidade e volumetria que voc\u00ea\u00a0selecionar).<\/strong><br \/>O produto chegar\u00e1 em suas m\u00e3os na caixa original do pr\u00f3prio perfume, lacrado\u00a0e inviolado.<br \/>Estar\u00e1 protegido;\u00a0totalmente envolto\u00a0em pl\u00e1stico bolha, com qualidade &#8220;<strong>A<\/strong>&#8221; em prote\u00e7\u00e3o. Seu pedido\u00a0<strong>ser\u00e1 entregue em seu endere\u00e7o<\/strong>,\u00a0dentro da caixa de envio\u00a0totalmente lacrada, acompanhado da nota de produto e do cart\u00e3o informativo da loja.<br \/>\u00a0<\/p>\n<p>Garantia:<br \/>Sim! Voc\u00ea possui a garantia da loja para o seu produto! Ent\u00e3o pode ficar tranquilo, que a qualquer momento voc\u00ea poder\u00e1 entrar em contato com a nossa equipe para falar de qualquer assunto sobre seu pedido ou tirar d\u00favidas.<br \/>Em caso de troca, problemas na entrega ou\u00a0desist\u00eancia, voc\u00ea pode acessar a aba de\u00a0<a href=\"https:\/\/www.cheromeuperfumaria.com\/troca-devolucao-garantia\">Garantia<\/a>, onde explicamos exatamente o procedimento que voc\u00ea precisar\u00e1 fazer, e n\u00f3s o ajudaremos em todas as etapas.<br \/>\u00a0<\/p>\n<p>Envio \/ Rastreio:<br \/>O envio \u00e9 feito em at\u00e9\u00a0<strong>2 dias \u00fateis<\/strong>\u00a0ap\u00f3s a confirma\u00e7\u00e3o do pagamento do pedido.<br \/>Voc\u00ea ser\u00e1\u00a0<strong>avisado de<\/strong>\u00a0<strong>todas as etapas<\/strong>\u00a0de sua compra\u00a0<strong>atrav\u00e9s do seu e-mail<\/strong>\u00a0de cadastro. L\u00e1 voc\u00ea saber\u00e1 quando sua compra for confirmada, quando estiver em prepara\u00e7\u00e3o, quando for enviada e qual ser\u00e1 seu c\u00f3digo de rastreio e prazo de entrega.<\/p>\n<p>\u00a0<\/p>\n<p>O\u00a0<strong>pagamento \u00e9 aprovado de imediato<\/strong>\u00a0(com prazo de at\u00e9 2h), e em seguida\u00a0<strong>iniciamos o empacotamento de seu pedido<\/strong>\u00a0para envio!<br \/>MAIS DETALHES<br \/>C\u00f3digo<br \/>Lady Million &#8211; Brand Collection<br \/>Modelo<br \/>105<br \/>Marca<br \/>Brand Collection\u00ae<br \/>Itens Inclusos<br \/>Perfume feminino Brand Collection 105 Eau de Parfum de 25ml ou de 80ml (na quantidade e volumetria que voc\u00ea selecionar), na caixa, lacrado.<br \/>Garantia<br \/>Garantimos a entrega de seus produtos em perfeitas condi\u00e7\u00f5es! Em casos de avarias, entre em contato conosco imediatamente.<br \/>CARACTER\u00cdSTICAS<br \/>Marcas: Brand Collection<br \/>Inspirado em: Paco Rabanne<br \/>G\u00eanero: Feminino<br \/>Fam\u00edlia Olfativa: Flores brancas<br \/>Ocasi\u00e3o indicada: Climas frios, dia e noite<\/p>\n","protected":false},"excerpt":{"rendered":"<p><strong>Perfume feminino Brand Collection 105 Eau de Parfum &#8211;<em>\u00a0Billionairess<\/em><\/strong><br \/>O perfume feminino Brand Collection 105 \u00e9 uma inspira\u00e7\u00e3o apaixonante e hipnotizante do\u00a0<strong>Lady Million, de Paco Rabanne<\/strong>. Suas notas s\u00e3o doces, com um toque floral branco, mel e citrinos. Um cheirinho que exala a mulher sensual, charmosa e empoderada. Se voc\u00ea nunca teve uma experi\u00eancia com este perfume, chegou o seu momento!<\/p>\n","protected":false},"featured_media":569,"comment_status":"open","ping_status":"closed","template":"","meta":[],"product_brand":[],"product_cat":[46,43],"product_tag":[],"class_list":{"0":"post-658","1":"product","2":"type-product","3":"status-publish","4":"has-post-thumbnail","6":"product_cat-geral","7":"product_cat-perfumes","9":"first","10":"instock","11":"shipping-taxable","12":"purchasable","13":"product-type-simple"},"_links":{"self":[{"href":"https:\/\/mamajula.com.br\/index.php\/wp-json\/wp\/v2\/product\/658","targetHints":{"allow":["GET"]}}],"collection":[{"href":"https:\/\/mamajula.com.br\/index.php\/wp-json\/wp\/v2\/product"}],"about":[{"href":"https:\/\/mamajula.com.br\/index.php\/wp-json\/wp\/v2\/types\/product"}],"replies":[{"embeddable":true,"href":"https:\/\/mamajula.com.br\/index.php\/wp-json\/wp\/v2\/comments?post=658"}],"wp:featuredmedia":[{"embeddable":true,"href":"https:\/\/mamajula.com.br\/index.php\/wp-json\/wp\/v2\/media\/569"}],"wp:attachment":[{"href":"https:\/\/mamajula.com.br\/index.php\/wp-json\/wp\/v2\/media?parent=658"}],"wp:term":[{"taxonomy":"product_brand","embeddable":true,"href":"https:\/\/mamajula.com.br\/index.php\/wp-json\/wp\/v2\/product_brand?post=658"},{"taxonomy":"product_cat","embeddable":true,"href":"https:\/\/mamajula.com.br\/index.php\/wp-json\/wp\/v2\/product_cat?post=658"},{"taxonomy":"product_tag","embeddable":true,"href":"https:\/\/mamajula.com.br\/index.php\/wp-json\/wp\/v2\/product_tag?post=658"}],"curies":[{"name":"wp","href":"https:\/\/api.w.org\/{rel}","templated":true}]}}