{"id":662,"date":"2024-05-16T23:21:16","date_gmt":"2024-05-17T02:21:16","guid":{"rendered":"https:\/\/mamajula.com.br\/?post_type=product&#038;p=662"},"modified":"2024-05-26T19:21:18","modified_gmt":"2024-05-26T22:21:18","slug":"brand-collection-154-212-vip-black","status":"publish","type":"product","link":"https:\/\/mamajula.com.br\/index.php\/produto\/brand-collection-154-212-vip-black\/","title":{"rendered":"Brand Collection 154 &#8211; 212 Vip Black"},"content":{"rendered":"<p>Descubra mais sobre:<br \/><strong>Perfume Masculino Brand Collection 154\u00a0Parfum &#8211;<em>\u00a0Classic Black<\/em><\/strong><br \/>O Perfume Masculino Brand Collection 154 Tubete modelo de bolsa possui sua fragr\u00e2ncia inspirada em\u00a0<strong>212 Vip Black<\/strong>, de\u00a0<strong>Carolina Herrera<\/strong>.\u00a0\u00c9 um perfume\u00a0masculino arom\u00e1tico foug\u00e9re. \u00c9 intenso como um shot de absinto, para homens que sabem viver a noite.<br \/>\u00c9 um perfume jovem e inovador, como homens confiantes que sabem seduzir e se divertir na noite. O topo com notas de absinto e especiarias revela as inten\u00e7\u00f5es desta fragr\u00e2ncia intensa e extrovertida. Aos poucos um corpo arom\u00e1tico de lavanda se revela e o fundo doce de casca de baunilha negra e alm\u00edscar finaliza esta ess\u00eancia urbana e sexy que se torna memor\u00e1vel e viciante para quem experimenta.<br \/>\u00a0<\/p>\n<p>Como usar:<br \/><strong>Conselho de aplica\u00e7\u00e3o<\/strong><br \/>Aplique utilizando o borrifador spray, concentrando o perfume sobre \u00e1reas que\u00a0<strong>fixem melhor a perfuma\u00e7\u00e3o<\/strong>, como regi\u00f5es onde a circula\u00e7\u00e3o de sangue \u00e9 maior:\u00a0<strong>como pulsos, nuca, atr\u00e1s das orelhas e dobras<\/strong>. Para melhor conserva\u00e7\u00e3o do produto, mantenha-o em locais secos, longe de calor e luz solar direta.<br \/>Cuide para\u00a0<strong>n\u00e3o\u00a0<\/strong>aplicar sobre os olhos, pois pode causar irrita\u00e7\u00f5es.<br \/>\u00a0<br \/>Os<strong>\u00a0Parfum<\/strong>\u00a0possuem uma concentra\u00e7\u00e3o de fragr\u00e2ncia (ess\u00eancia) correspondente a aproximadamente\u00a020% de sua composi\u00e7\u00e3o, por isso sua fixa\u00e7\u00e3o\u00a0<strong>deve ser a mais potente\u00a0<\/strong>da classifica\u00e7\u00e3o.<\/p>\n<p>\u00a0<\/p>\n<p>Pir\u00e2mide olfativa:<br \/><strong>Topo:\u00a0<\/strong>Absinto, Anis e Erva-Doce.<br \/>\u00a0<br \/><strong>Corpo:\u00a0<\/strong>Lavanda.<br \/>\u00a0<br \/><strong>Fundo:\u00a0<\/strong>Casca de Baunilha Negra e Alm\u00edscar.<br \/>\u00a0<\/p>\n<p>Ocasi\u00e3o:<br \/>Ideal para esquentar noites e dias frios. Combina com uma balada, encontro rom\u00e2ntico ou para sair com os amigos.<br \/>\u00a0<\/p>\n<p>O que \u00e9\u00a0<strong>Brand Collection<\/strong>\u00a0e\u00a0<strong>Beauty Brand<\/strong>?<br \/><strong>Marcas que revolucionaram o mundo das inspira\u00e7\u00f5es<\/strong><br \/>Estas s\u00e3o as marcas que disputam\u00a0o\u00a0<strong>1\u00ba lugar no mundo<\/strong>\u00a0quando se tratam de\u00a0<strong>perfumes inspirados<\/strong>! Especialistas se reuniram para desenvolver estas linhas, que produzem miniaturas, quase que\u00a0<strong>&#8220;irm\u00e3os g\u00eameos&#8221;<\/strong>\u00a0dos perfumes de grifes.<br \/>Os frascos s\u00e3o feitos em\u00a0<strong>vidro<\/strong>, com\u00a0<strong>detalhes delicados<\/strong>, totalmente\u00a0<strong>inspirados nos \u00edcones da perfumaria importada<\/strong>. Todos possuem borrifador tipo\u00a0<em><strong>spray<\/strong><\/em>.\u00a0E\u00a0as fragr\u00e2ncias, desenvolvidas com\u00a0<strong>mat\u00e9ria-prima refinada<\/strong>\u00a0e\u00a0<strong>tecnologia de \u00faltima gera\u00e7\u00e3o<\/strong>, s\u00e3o\u00a0<strong>id\u00eanticas\u00a0<\/strong>aos famosos perfumes em que s\u00e3o inspirados.<br \/>Estas s\u00e3o as\u00a0<strong>linhas de luxo<\/strong>\u00a0no mundo das inspira\u00e7\u00f5es, pois revelam\u00a0perfumes car\u00edssimos em pequenos frascos, com o\u00a0<strong>pre\u00e7o acessivelmente correto<\/strong>.<br \/>Sim!\u00a0<strong>Os frascos s\u00e3o exatamente como voc\u00ea v\u00ea nas imagens<\/strong>. Estas linhas da\u00a0perfumaria foram\u00a0<strong>feitas para serem colecionadas<\/strong>, pois al\u00e9m de\u00a0<strong>fixarem por 8h (em m\u00e9dia)<\/strong>, os recipientes ir\u00e3o embelezar a sua prateleira!<br \/>\u00a0<br \/>Citamos os nomes dos perfumes de grifes como Propaganda Comparativa (Legalizado pelo CONAR) para que voc\u00ea possua uma refer\u00eancia j\u00e1 conhecida do produto que est\u00e1 adquirindo.<br \/>\u00a0<\/p>\n<p>O que chega pra voc\u00ea:<br \/><strong>Perfume Masculino Brand Collection 154\u00a0Parfum &#8211; Tubete Modelo de Bolsa de 30ml\u00a0(na quantidade que voc\u00ea\u00a0selecionar).<\/strong><br \/>O produto chegar\u00e1 em suas m\u00e3os na caixa original do pr\u00f3prio perfume.<br \/>Estar\u00e1 protegido;\u00a0totalmente envolto\u00a0em pl\u00e1stico bolha, com qualidade &#8220;<strong>A<\/strong>&#8221; em prote\u00e7\u00e3o. Seu pedido\u00a0<strong>ser\u00e1 entregue em seu endere\u00e7o<\/strong>,\u00a0dentro da caixa de envio\u00a0totalmente lacrada, acompanhado da nota de produto e do cart\u00e3o informativo da loja.<br \/>\u00a0<\/p>\n<p>Garantia:<br \/>Sim! Voc\u00ea possui a garantia da loja para o seu produto! Ent\u00e3o pode ficar tranquilo, que a qualquer momento voc\u00ea poder\u00e1 entrar em contato com a nossa equipe para falar de qualquer assunto sobre seu pedido ou tirar d\u00favidas.<br \/>Em caso de troca, problemas na entrega ou\u00a0desist\u00eancia, voc\u00ea pode acessar a aba de\u00a0<a href=\"https:\/\/www.cheromeuperfumaria.com\/troca-devolucao-garantia\">Garantia<\/a>, onde explicamos exatamente o procedimento que voc\u00ea precisar\u00e1 fazer, e n\u00f3s o ajudaremos em todas as etapas.<br \/>\u00a0<\/p>\n<p>Envio \/ Rastreio:<br \/>O envio \u00e9 feito em at\u00e9\u00a0<strong>2 dias \u00fateis<\/strong>\u00a0ap\u00f3s a confirma\u00e7\u00e3o do pagamento do pedido.<br \/>Voc\u00ea ser\u00e1\u00a0<strong>avisado de<\/strong>\u00a0<strong>todas as etapas<\/strong>\u00a0de sua compra\u00a0<strong>atrav\u00e9s do seu e-mail<\/strong>\u00a0de cadastro. L\u00e1 voc\u00ea saber\u00e1 quando sua compra for confirmada, quando estiver em prepara\u00e7\u00e3o, quando for enviada e qual ser\u00e1 seu c\u00f3digo de rastreio e prazo de entrega.<br \/>\u00a0\u00a0<\/p>\n<p>Isen\u00e7\u00e3o de Responsabilidade de Publicidade Comparativa:<br \/>Esteja ciente de que o item citado acima\u00a0em nosso site em\u00a0compara\u00e7\u00e3o a um perfume famoso \u00e9 apenas dado como um exemplo\u00a0e, em nenhuma circunst\u00e2ncia, deve ser interpretados como representa\u00e7\u00e3o do perfume da grife em si, tal como seu design ou marca.\u00a0Reconhecemos que as marcas registradas e direitos autorais pertencem \u00e0s empresas que as criaram.<br \/>Para ser claro, este produto n\u00e3o deve ser considerado &#8216;exatamente igual&#8217; ou &#8216;id\u00eantico&#8217; ao que est\u00e1 sendo comparado, s\u00e3o apenas inspira\u00e7\u00f5es. Para evitar qualquer mal\u00a0entendido, a Ch\u00earo Meu Perfumaria n\u00e3o representa a marca do produto anunciado e n\u00e3o temos conex\u00e3o com a mesma. \u00c9 responsabilidade dos respectivos propriet\u00e1rios de todas as marcas registradas, sejam elas utilizadas aqui ou n\u00e3o, de garantirem que sejam protegidas.\u00a0Os detentores de marcas registradas citados aqui n\u00e3o s\u00e3o associados, mantidos, autorizados ou patrocinados por n\u00f3s.<\/p>\n<p>MAIS DETALHES<br \/>C\u00f3digo<br \/>Tubete 212 Vip Black &#8211; Brand Collection<br \/>C\u00f3digo de barras<br \/>Modelo<br \/>154<br \/>Marca<br \/>Brand Collection\u00ae<br \/>Itens Inclusos<br \/>Perfume Masculino Brand Collection 154 Parfum &#8211; Tubete Modelo de Bolsa de 30ml (na quantidade que voc\u00ea selecionar), na caixa original do perfume.<br \/>Garantia<br \/>Garantimos a entrega de seus produtos em perfeitas condi\u00e7\u00f5es! Em casos de avarias, entre em contato conosco imediatamente.<br \/>CARACTER\u00cdSTICAS<br \/>Marcas: Brand Collection<br \/>Inspirado em: Carolina Herrera<br \/>G\u00eanero: Feminino<br \/>Fam\u00edlia Olfativa: Arom\u00e1tico Foug\u00e9re<br \/>Ocasi\u00e3o indicada: Climas frios, dia e noite<br \/>Volumetria: 30ml<\/p>\n","protected":false},"excerpt":{"rendered":"<p><strong>Perfume Masculino Brand Collection 154\u00a0Parfum &#8211;<em>\u00a0Classic Black<\/em><\/strong><br \/>O Perfume Masculino Brand Collection 154 Tubete modelo de bolsa possui sua fragr\u00e2ncia inspirada em\u00a0<strong>212 Vip Black<\/strong>, de\u00a0<strong>Carolina Herrera<\/strong>.\u00a0\u00c9 um perfume\u00a0masculino arom\u00e1tico foug\u00e9re. \u00c9 intenso como um shot de absinto, para homens que sabem viver a noite.<\/p>\n","protected":false},"featured_media":574,"comment_status":"open","ping_status":"closed","template":"","meta":[],"product_brand":[],"product_cat":[46,43],"product_tag":[],"class_list":{"0":"post-662","1":"product","2":"type-product","3":"status-publish","4":"has-post-thumbnail","6":"product_cat-geral","7":"product_cat-perfumes","9":"first","10":"instock","11":"shipping-taxable","12":"purchasable","13":"product-type-simple"},"_links":{"self":[{"href":"https:\/\/mamajula.com.br\/index.php\/wp-json\/wp\/v2\/product\/662","targetHints":{"allow":["GET"]}}],"collection":[{"href":"https:\/\/mamajula.com.br\/index.php\/wp-json\/wp\/v2\/product"}],"about":[{"href":"https:\/\/mamajula.com.br\/index.php\/wp-json\/wp\/v2\/types\/product"}],"replies":[{"embeddable":true,"href":"https:\/\/mamajula.com.br\/index.php\/wp-json\/wp\/v2\/comments?post=662"}],"wp:featuredmedia":[{"embeddable":true,"href":"https:\/\/mamajula.com.br\/index.php\/wp-json\/wp\/v2\/media\/574"}],"wp:attachment":[{"href":"https:\/\/mamajula.com.br\/index.php\/wp-json\/wp\/v2\/media?parent=662"}],"wp:term":[{"taxonomy":"product_brand","embeddable":true,"href":"https:\/\/mamajula.com.br\/index.php\/wp-json\/wp\/v2\/product_brand?post=662"},{"taxonomy":"product_cat","embeddable":true,"href":"https:\/\/mamajula.com.br\/index.php\/wp-json\/wp\/v2\/product_cat?post=662"},{"taxonomy":"product_tag","embeddable":true,"href":"https:\/\/mamajula.com.br\/index.php\/wp-json\/wp\/v2\/product_tag?post=662"}],"curies":[{"name":"wp","href":"https:\/\/api.w.org\/{rel}","templated":true}]}}