{"id":666,"date":"2024-05-16T23:21:16","date_gmt":"2024-05-17T02:21:16","guid":{"rendered":"https:\/\/mamajula.com.br\/?post_type=product&#038;p=666"},"modified":"2024-05-26T19:11:58","modified_gmt":"2024-05-26T22:11:58","slug":"brand-collection-022-decadence","status":"publish","type":"product","link":"https:\/\/mamajula.com.br\/index.php\/produto\/brand-collection-022-decadence\/","title":{"rendered":"Brand Collection 022 &#8211; Decadence"},"content":{"rendered":"<p>Descubra mais sobre:<br \/><strong>Perfume Feminino Beauty Brand 028\u00a0Eau de Parfum &#8211;\u00a0<em>Decadency<\/em><\/strong><br \/>O Perfume\u00a0Feminino Beauty Brand 028\u00a0\u00e9 uma inspira\u00e7\u00e3o maravilhosa de\u00a0<strong>Decadence<\/strong>, um perfume de\u00a0<strong>Marc Jacobs<\/strong>. Um perfume amadeirado, com notas orientais e florais. \u00c9 uma fragr\u00e2ncia cheia de luxo e sensualidade.<br \/>Vem em um frasco que retrata todo o glamour irreverente da ess\u00eancia, que possui notas de sa\u00edda envolventes e sedutoras como a ameixa e o a\u00e7afr\u00e3o, um acorde floral requintado no corpo e o misterioso fundo amadeirado.<br \/>\u00a0<\/p>\n<p>Como usar:<br \/><strong>Conselho de aplica\u00e7\u00e3o<\/strong><br \/>Aplique utilizando o borrifador spray, concentrando o perfume sobre \u00e1reas que\u00a0<strong>fixem melhor a perfuma\u00e7\u00e3o<\/strong>, como regi\u00f5es onde a circula\u00e7\u00e3o de sangue \u00e9 maior:\u00a0<strong>como pulsos, nuca, atr\u00e1s das orelhas e dobras<\/strong>.\u00a0Para melhor conserva\u00e7\u00e3o do produto, mantenha-o em locais secos, longe do calor excessivo e da luz solar direta.<br \/>Cuide para\u00a0<strong>n\u00e3o\u00a0<\/strong>aplicar sobre os olhos, pois pode causar irrita\u00e7\u00f5es.<br \/>\u00a0<br \/>Os\u00a0<strong>Eau de Parfum<\/strong>\u00a0da\u00a0<strong>Beauty Brand<\/strong>\u00a0possuem uma concentra\u00e7\u00e3o de fragr\u00e2ncia (ess\u00eancia) que corresponde at\u00e9\u00a0<strong>25% de sua composi\u00e7\u00e3o<\/strong>;\u00a0tornando sua fixa\u00e7\u00e3o<strong>\u00a0mais potente<\/strong>. A marca promete\u00a0<strong>fixa\u00e7\u00e3o m\u00e9dia de 8h a 12h<\/strong>\u00a0(podendo variar de acordo com o clima local,\u00a0tipo de pele, notas olfativas, entre outros fatores).<br \/>\u00a0<\/p>\n<p>Pir\u00e2mide olfativa:<br \/><strong>Topo:\u00a0<\/strong>Ameixa, A\u00e7afr\u00e3o e \u00cdris.<br \/>\u00a0<br \/><strong>Corpo:\u00a0<\/strong>Ra\u00edz de Orris ou L\u00edrio Florentino, Rosa B\u00falgara e Jasmim Sambac.<br \/>\u00a0<br \/><strong>Fundo:\u00a0<\/strong>Vetiver, Papiro e Liquid\u00e2mbar.<br \/>\u00a0<\/p>\n<p>Ocasi\u00e3o:<br \/>Muito indicado para climas frios, especialmente a noite.\u00a0Perfume extremamente sofisticado, ideal para ocasi\u00f5es especiais, jantares, encontros\u00a0e\u00a0festas.<br \/>\u00a0<\/p>\n<p>O que \u00e9\u00a0<strong>Brand Collection<\/strong>\u00a0e\u00a0<strong>Beauty Brand<\/strong>?<br \/><strong>Marcas que revolucionaram o mundo das inspira\u00e7\u00f5es<\/strong><br \/>Estas s\u00e3o as marcas que disputam\u00a0o\u00a0<strong>1\u00ba lugar no mundo<\/strong>\u00a0quando se tratam de\u00a0<strong>perfumes inspirados<\/strong>! Especialistas se reuniram para desenvolver estas linhas, que produzem miniaturas, quase que\u00a0<strong>&#8220;irm\u00e3os g\u00eameos&#8221;<\/strong>\u00a0dos perfumes de grifes.<br \/>Os frascos s\u00e3o feitos em\u00a0<strong>vidro<\/strong>, com\u00a0<strong>detalhes delicados<\/strong>, totalmente\u00a0<strong>inspirados nos \u00edcones da perfumaria importada<\/strong>. Todos possuem borrifador tipo\u00a0<em><strong>spray<\/strong><\/em>.\u00a0E\u00a0as fragr\u00e2ncias, desenvolvidas com\u00a0<strong>mat\u00e9ria-prima refinada<\/strong>\u00a0e\u00a0<strong>tecnologia de \u00faltima gera\u00e7\u00e3o<\/strong>, s\u00e3o\u00a0<strong>id\u00eanticas\u00a0<\/strong>aos famosos perfumes em que s\u00e3o inspirados.<br \/>Estas s\u00e3o as\u00a0<strong>linhas de luxo<\/strong>\u00a0no mundo das inspira\u00e7\u00f5es, pois revelam\u00a0perfumes car\u00edssimos em pequenos frascos, com o\u00a0<strong>pre\u00e7o acessivelmente correto<\/strong>.<br \/>Sim!\u00a0<strong>Os frascos s\u00e3o exatamente como voc\u00ea v\u00ea nas imagens<\/strong>. Estas linhas da\u00a0perfumaria foram\u00a0<strong>feitas para serem colecionadas<\/strong>, pois al\u00e9m de\u00a0<strong>fixarem por 8h (em m\u00e9dia)<\/strong>, os recipientes ir\u00e3o embelezar a sua prateleira!<br \/>\u00a0<br \/>Citamos os nomes dos perfumes de grifes como Propaganda Comparativa (Legalizado pelo CONAR) para que voc\u00ea possua uma refer\u00eancia j\u00e1 conhecida do produto que est\u00e1 adquirindo.<br \/>\u00a0<\/p>\n<p>O que chega pra voc\u00ea:<br \/><strong>Perfume\u00a0Feminino Beauty Brand 028\u00a0Eau de Parfum de 25ml (na quantidade que voc\u00ea\u00a0selecionar).<\/strong><br \/>O produto chegar\u00e1 em suas m\u00e3os na caixa original do pr\u00f3prio perfume, lacrado\u00a0e inviolado.<br \/>Estar\u00e1 protegido;\u00a0totalmente envolto\u00a0em pl\u00e1stico bolha, com qualidade &#8220;<strong>A<\/strong>&#8221; em prote\u00e7\u00e3o. Seu pedido\u00a0<strong>ser\u00e1 entregue em seu endere\u00e7o<\/strong>,\u00a0dentro da caixa de envio\u00a0totalmente lacrada, acompanhado da nota de produto e do cart\u00e3o informativo da loja.<br \/>\u00a0<\/p>\n<p>Garantia:<br \/>Sim! Voc\u00ea possui a garantia da loja para o seu produto! Ent\u00e3o pode ficar tranquilo, que a qualquer momento voc\u00ea poder\u00e1 entrar em contato com a nossa equipe para falar de qualquer assunto sobre seu pedido ou tirar d\u00favidas.<br \/>Em caso de troca, problemas na entrega ou\u00a0desist\u00eancia, voc\u00ea pode acessar a aba de\u00a0<a href=\"https:\/\/www.cheromeuperfumaria.com\/troca-devolucao-garantia\">Garantia<\/a>, onde explicamos exatamente o procedimento que voc\u00ea precisar\u00e1 fazer, e n\u00f3s o ajudaremos em todas as etapas.<br \/>\u00a0<\/p>\n<p>Envio \/ Rastreio:<br \/>O envio \u00e9 feito em at\u00e9\u00a0<strong>2 dias \u00fateis<\/strong>\u00a0ap\u00f3s a confirma\u00e7\u00e3o do pagamento do pedido.<br \/>Voc\u00ea ser\u00e1\u00a0<strong>avisado de<\/strong>\u00a0<strong>todas as etapas<\/strong>\u00a0de sua compra\u00a0<strong>atrav\u00e9s do seu e-mail<\/strong>\u00a0de cadastro. L\u00e1 voc\u00ea saber\u00e1 quando sua compra for confirmada, quando estiver em prepara\u00e7\u00e3o, quando for enviada e qual ser\u00e1 seu c\u00f3digo de rastreio e prazo de entrega.<br \/>O\u00a0<strong>tempo de entrega<\/strong>\u00a0\u00e9 calculado pelos Correios ou pelo Melhor Envio, que s\u00e3o os parceiros log\u00edsticos da\u00a0<strong>Ch\u00earo Meu Perfumaria<\/strong>.<br \/>\u00a0<\/p>\n<p>MAIS DETALHES<br \/>C\u00f3digo<br \/>Decadence &#8211; Beauty Brand<br \/>Modelo<br \/>028<br \/>Marca<br \/>Beauty Brand Collection\u00ae<br \/>Itens Inclusos<br \/>Perfume feminino Beauty Brand 028 Eau de Parfum de 25ml, na caixa, lacrado<br \/>Garantia<br \/>Garantimos a entrega de seus produtos em perfeitas condi\u00e7\u00f5es! Em casos de avarias, entre em contato conosco imediatamente.<br \/>CARACTER\u00cdSTICAS<br \/>Marcas: Beauty Brand<br \/>Inspirado em: Marc Jacobs<br \/>G\u00eanero: Feminino<br \/>Fam\u00edlia Olfativa: Madeiras, musgos<br \/>Ocasi\u00e3o indicada: Climas frios, de noite<br \/>Volumetria: 25ml<\/p>\n","protected":false},"excerpt":{"rendered":"<p><strong>Perfume Feminino Beauty Brand 028\u00a0Eau de Parfum &#8211;\u00a0<em>Decadency<\/em><\/strong><br \/>O Perfume\u00a0Feminino Beauty Brand 028\u00a0\u00e9 uma inspira\u00e7\u00e3o maravilhosa de\u00a0<strong>Decadence<\/strong>, um perfume de\u00a0<strong>Marc Jacobs<\/strong>. Um perfume amadeirado, com notas orientais e florais. \u00c9 uma fragr\u00e2ncia cheia de luxo e sensualidade.<br \/>Vem em um frasco que retrata todo o glamour irreverente da ess\u00eancia, que possui notas de sa\u00edda envolventes e sedutoras como a ameixa e o a\u00e7afr\u00e3o, um acorde floral requintado no corpo e o misterioso fundo amadeirado.<\/p>\n","protected":false},"featured_media":580,"comment_status":"open","ping_status":"closed","template":"","meta":[],"product_brand":[],"product_cat":[46,43],"product_tag":[],"class_list":{"0":"post-666","1":"product","2":"type-product","3":"status-publish","4":"has-post-thumbnail","6":"product_cat-geral","7":"product_cat-perfumes","9":"first","10":"instock","11":"shipping-taxable","12":"purchasable","13":"product-type-simple"},"_links":{"self":[{"href":"https:\/\/mamajula.com.br\/index.php\/wp-json\/wp\/v2\/product\/666","targetHints":{"allow":["GET"]}}],"collection":[{"href":"https:\/\/mamajula.com.br\/index.php\/wp-json\/wp\/v2\/product"}],"about":[{"href":"https:\/\/mamajula.com.br\/index.php\/wp-json\/wp\/v2\/types\/product"}],"replies":[{"embeddable":true,"href":"https:\/\/mamajula.com.br\/index.php\/wp-json\/wp\/v2\/comments?post=666"}],"wp:featuredmedia":[{"embeddable":true,"href":"https:\/\/mamajula.com.br\/index.php\/wp-json\/wp\/v2\/media\/580"}],"wp:attachment":[{"href":"https:\/\/mamajula.com.br\/index.php\/wp-json\/wp\/v2\/media?parent=666"}],"wp:term":[{"taxonomy":"product_brand","embeddable":true,"href":"https:\/\/mamajula.com.br\/index.php\/wp-json\/wp\/v2\/product_brand?post=666"},{"taxonomy":"product_cat","embeddable":true,"href":"https:\/\/mamajula.com.br\/index.php\/wp-json\/wp\/v2\/product_cat?post=666"},{"taxonomy":"product_tag","embeddable":true,"href":"https:\/\/mamajula.com.br\/index.php\/wp-json\/wp\/v2\/product_tag?post=666"}],"curies":[{"name":"wp","href":"https:\/\/api.w.org\/{rel}","templated":true}]}}