{"id":742,"date":"2024-05-28T21:59:48","date_gmt":"2024-05-29T00:59:48","guid":{"rendered":"https:\/\/mamajula.com.br\/?post_type=product&#038;p=742"},"modified":"2024-05-30T13:05:16","modified_gmt":"2024-05-30T16:05:16","slug":"brand-collection-116-combo-invictus-creme-hidratante-dia-dos-namorados","status":"publish","type":"product","link":"https:\/\/mamajula.com.br\/index.php\/produto\/brand-collection-116-combo-invictus-creme-hidratante-dia-dos-namorados\/","title":{"rendered":"Brand collection 116 Combo Invictus + Creme hidratante Dia dos Namorados"},"content":{"rendered":"","protected":false},"excerpt":{"rendered":"<p><strong>Perfume Masculino Beauty Brand 007\u00a0Eau de Parfum &#8211;\u00a0<em>Invincible<\/em><\/strong><br \/>O Perfume\u00a0Masculino Beauty Brand 007 \u00e9 a inspira\u00e7\u00e3o do maravilhoso\u00a0<strong>Invictus<\/strong>, de<strong>\u00a0Paco Rabanne<\/strong>. Um dos perfumes mais procurados entre os homens, e atualmente um dos mais famosos. Sua fragr\u00e2ncia \u00e9 uma refer\u00eancia ao clima de ver\u00e3o, pois abre com notas c\u00edtricas, marinhas e arom\u00e1ticas. Muito sofisticado, expressa um homem de presen\u00e7a marcante, sedutor, elegante e vers\u00e1til.<\/p>\n","protected":false},"featured_media":743,"comment_status":"open","ping_status":"closed","template":"","meta":[],"product_brand":[],"product_cat":[108,46,43,91],"product_tag":[],"class_list":{"0":"post-742","1":"product","2":"type-product","3":"status-publish","4":"has-post-thumbnail","6":"product_cat-destaques","7":"product_cat-geral","8":"product_cat-perfumes","9":"product_cat-promocoes","11":"first","12":"instock","13":"featured","14":"shipping-taxable","15":"purchasable","16":"product-type-simple"},"_links":{"self":[{"href":"https:\/\/mamajula.com.br\/index.php\/wp-json\/wp\/v2\/product\/742","targetHints":{"allow":["GET"]}}],"collection":[{"href":"https:\/\/mamajula.com.br\/index.php\/wp-json\/wp\/v2\/product"}],"about":[{"href":"https:\/\/mamajula.com.br\/index.php\/wp-json\/wp\/v2\/types\/product"}],"replies":[{"embeddable":true,"href":"https:\/\/mamajula.com.br\/index.php\/wp-json\/wp\/v2\/comments?post=742"}],"wp:featuredmedia":[{"embeddable":true,"href":"https:\/\/mamajula.com.br\/index.php\/wp-json\/wp\/v2\/media\/743"}],"wp:attachment":[{"href":"https:\/\/mamajula.com.br\/index.php\/wp-json\/wp\/v2\/media?parent=742"}],"wp:term":[{"taxonomy":"product_brand","embeddable":true,"href":"https:\/\/mamajula.com.br\/index.php\/wp-json\/wp\/v2\/product_brand?post=742"},{"taxonomy":"product_cat","embeddable":true,"href":"https:\/\/mamajula.com.br\/index.php\/wp-json\/wp\/v2\/product_cat?post=742"},{"taxonomy":"product_tag","embeddable":true,"href":"https:\/\/mamajula.com.br\/index.php\/wp-json\/wp\/v2\/product_tag?post=742"}],"curies":[{"name":"wp","href":"https:\/\/api.w.org\/{rel}","templated":true}]}}