{"id":745,"date":"2024-05-28T22:09:16","date_gmt":"2024-05-29T01:09:16","guid":{"rendered":"https:\/\/mamajula.com.br\/?post_type=product&#038;p=745"},"modified":"2025-08-30T10:45:05","modified_gmt":"2025-08-30T13:45:05","slug":"brand-collection-007-combo-jadore-creme-hidratante-dia-dos-namorados-copia","status":"publish","type":"product","link":"https:\/\/mamajula.com.br\/index.php\/produto\/brand-collection-007-combo-jadore-creme-hidratante-dia-dos-namorados-copia\/","title":{"rendered":"Brand collection 007 Combo J&#8217;Adore + Creme hidratante Dia dos Namorados"},"content":{"rendered":"","protected":false},"excerpt":{"rendered":"<p><strong>Perfume Feminino Brand Collection 007\u00a0Eau de Parfum &#8211;\u00a0<em>Eu Adoro<\/em><\/strong><br \/>O Perfume Feminino Brand Collection 007\u00a0\u00e9 todinho inspirado em<strong>\u00a0J&#8217;adore<\/strong>\u00a0de\u00a0<strong>Dior<\/strong>, com aromas que expressam sedu\u00e7\u00e3o e sensualidade com uma delicadeza indescrit\u00edvel.\u00a0Simplesmente luxuoso e com cheirinho de deusa!<br \/>\u00c9 um perfume feminino floral. Um verdadeiro buqu\u00ea de flores, desenvolvido a partir de finas ess\u00eancias para expressar sensualidade e frescor.<\/p>\n","protected":false},"featured_media":744,"comment_status":"open","ping_status":"closed","template":"","meta":[],"product_brand":[],"product_cat":[108,46,43,123,91],"product_tag":[],"class_list":{"0":"post-745","1":"product","2":"type-product","3":"status-publish","4":"has-post-thumbnail","6":"product_cat-destaques","7":"product_cat-geral","8":"product_cat-perfumes","9":"product_cat-perfumes-brand-collection","10":"product_cat-promocoes","12":"first","13":"instock","14":"featured","15":"shipping-taxable","16":"purchasable","17":"product-type-simple"},"_links":{"self":[{"href":"https:\/\/mamajula.com.br\/index.php\/wp-json\/wp\/v2\/product\/745","targetHints":{"allow":["GET"]}}],"collection":[{"href":"https:\/\/mamajula.com.br\/index.php\/wp-json\/wp\/v2\/product"}],"about":[{"href":"https:\/\/mamajula.com.br\/index.php\/wp-json\/wp\/v2\/types\/product"}],"replies":[{"embeddable":true,"href":"https:\/\/mamajula.com.br\/index.php\/wp-json\/wp\/v2\/comments?post=745"}],"wp:featuredmedia":[{"embeddable":true,"href":"https:\/\/mamajula.com.br\/index.php\/wp-json\/wp\/v2\/media\/744"}],"wp:attachment":[{"href":"https:\/\/mamajula.com.br\/index.php\/wp-json\/wp\/v2\/media?parent=745"}],"wp:term":[{"taxonomy":"product_brand","embeddable":true,"href":"https:\/\/mamajula.com.br\/index.php\/wp-json\/wp\/v2\/product_brand?post=745"},{"taxonomy":"product_cat","embeddable":true,"href":"https:\/\/mamajula.com.br\/index.php\/wp-json\/wp\/v2\/product_cat?post=745"},{"taxonomy":"product_tag","embeddable":true,"href":"https:\/\/mamajula.com.br\/index.php\/wp-json\/wp\/v2\/product_tag?post=745"}],"curies":[{"name":"wp","href":"https:\/\/api.w.org\/{rel}","templated":true}]}}