{"id":790,"date":"2024-05-30T12:03:08","date_gmt":"2024-05-30T15:03:08","guid":{"rendered":"https:\/\/mamajula.com.br\/?post_type=product&#038;p=790"},"modified":"2024-05-30T13:04:29","modified_gmt":"2024-05-30T16:04:29","slug":"creme-hidratante-corporal-ref-victorias-secret-250ml","status":"publish","type":"product","link":"https:\/\/mamajula.com.br\/index.php\/produto\/creme-hidratante-corporal-ref-victorias-secret-250ml\/","title":{"rendered":"Creme Hidratante Corporal Ref Victoria&#8217;s Secret 250ml"},"content":{"rendered":"","protected":false},"excerpt":{"rendered":"<p><img decoding=\"async\" role=\"img\" class=\"emoji\" src=\"https:\/\/s.w.org\/images\/core\/emoji\/15.0.3\/svg\/1f6a8.svg\" alt=\"\ud83d\udea8\"> Oportunidade de voc\u00ea manter a pele sempre hidratada e com um aroma irresist\u00edvel ! <img decoding=\"async\" role=\"img\" class=\"emoji\" src=\"https:\/\/s.w.org\/images\/core\/emoji\/15.0.3\/svg\/1f6a8.svg\" alt=\"\ud83d\udea8\"><br \/>Por um valor que cabe no seu bolso ou quem sabe ainda para ganhar uma renda extra. <img decoding=\"async\" role=\"img\" class=\"emoji\" src=\"https:\/\/s.w.org\/images\/core\/emoji\/15.0.3\/svg\/1f4b0.svg\" alt=\"\ud83d\udcb0\"><img decoding=\"async\" role=\"img\" class=\"emoji\" src=\"https:\/\/s.w.org\/images\/core\/emoji\/15.0.3\/svg\/1f911.svg\" alt=\"\ud83e\udd11\"><\/p>\n<p>Ideal para o dia a dia. <img decoding=\"async\" role=\"img\" class=\"emoji\" src=\"https:\/\/s.w.org\/images\/core\/emoji\/15.0.3\/svg\/2705.svg\" alt=\"\u2705\"><br \/>R\u00e1pida absor\u00e7\u00e3o. <img decoding=\"async\" role=\"img\" class=\"emoji\" src=\"https:\/\/s.w.org\/images\/core\/emoji\/15.0.3\/svg\/2705.svg\" alt=\"\u2705\"><br \/>Aroma irresist\u00edvel. <img decoding=\"async\" role=\"img\" class=\"emoji\" src=\"https:\/\/s.w.org\/images\/core\/emoji\/15.0.3\/svg\/2705.svg\" alt=\"\u2705\"><br \/>Produto de alta qualidade. <img decoding=\"async\" role=\"img\" class=\"emoji\" src=\"https:\/\/s.w.org\/images\/core\/emoji\/15.0.3\/svg\/2705.svg\" alt=\"\u2705\"><\/p>\n<p>Amber Romance<br \/>Coconut Passion<br \/>Love Spell<br \/>Pure Segution<br \/>Strawberries e Champagne<\/p>\n<p>Todas em estoque e com envio imediato! <img decoding=\"async\" role=\"img\" class=\"emoji\" src=\"https:\/\/s.w.org\/images\/core\/emoji\/15.0.3\/svg\/1f680.svg\" alt=\"\ud83d\ude80\"><br \/>Se desejar montar o kit de sua prefer\u00eancia,<br \/>\u00e9 s\u00f3 mandar mensagem no chat ap\u00f3s efetuar a compra.<br \/>Caso contr\u00e1rio enviaremos uma unidade de cada.<br \/>Enviamos para todo o Brasil.<\/p>\n","protected":false},"featured_media":791,"comment_status":"open","ping_status":"closed","template":"","meta":[],"product_brand":[],"product_cat":[101,108,46],"product_tag":[],"class_list":{"0":"post-790","1":"product","2":"type-product","3":"status-publish","4":"has-post-thumbnail","6":"product_cat-cremes","7":"product_cat-destaques","8":"product_cat-geral","10":"first","11":"instock","12":"featured","13":"shipping-taxable","14":"purchasable","15":"product-type-variable","16":"has-default-attributes"},"_links":{"self":[{"href":"https:\/\/mamajula.com.br\/index.php\/wp-json\/wp\/v2\/product\/790","targetHints":{"allow":["GET"]}}],"collection":[{"href":"https:\/\/mamajula.com.br\/index.php\/wp-json\/wp\/v2\/product"}],"about":[{"href":"https:\/\/mamajula.com.br\/index.php\/wp-json\/wp\/v2\/types\/product"}],"replies":[{"embeddable":true,"href":"https:\/\/mamajula.com.br\/index.php\/wp-json\/wp\/v2\/comments?post=790"}],"wp:featuredmedia":[{"embeddable":true,"href":"https:\/\/mamajula.com.br\/index.php\/wp-json\/wp\/v2\/media\/791"}],"wp:attachment":[{"href":"https:\/\/mamajula.com.br\/index.php\/wp-json\/wp\/v2\/media?parent=790"}],"wp:term":[{"taxonomy":"product_brand","embeddable":true,"href":"https:\/\/mamajula.com.br\/index.php\/wp-json\/wp\/v2\/product_brand?post=790"},{"taxonomy":"product_cat","embeddable":true,"href":"https:\/\/mamajula.com.br\/index.php\/wp-json\/wp\/v2\/product_cat?post=790"},{"taxonomy":"product_tag","embeddable":true,"href":"https:\/\/mamajula.com.br\/index.php\/wp-json\/wp\/v2\/product_tag?post=790"}],"curies":[{"name":"wp","href":"https:\/\/api.w.org\/{rel}","templated":true}]}}