{"id":861,"date":"2024-05-30T17:31:45","date_gmt":"2024-05-30T20:31:45","guid":{"rendered":"https:\/\/mamajula.com.br\/?post_type=product&#038;p=861"},"modified":"2025-08-30T10:45:05","modified_gmt":"2025-08-30T13:45:05","slug":"brand-collection-007-tubete-de-bolsa-inspirado-em-jadore-30ml","status":"publish","type":"product","link":"https:\/\/mamajula.com.br\/index.php\/produto\/brand-collection-007-tubete-de-bolsa-inspirado-em-jadore-30ml\/","title":{"rendered":"Brand Collection 007 &#8211; Tubete de Bolsa Inspirado em J&#8217;adore &#8211; 30ml"},"content":{"rendered":"","protected":false},"excerpt":{"rendered":"<p><strong>Perfume Feminino Brand Collection 007 Parfum &#8211;<em>\u00a0Eu Adoro<\/em><\/strong><br \/>O\u00a0Perfume Feminino\u00a0Brand Collection 007\u00a0\u00e9 todinho inspirado em<strong>\u00a0J&#8217;adore<\/strong>\u00a0de\u00a0<strong>Dior<\/strong>, com aromas que expressam sedu\u00e7\u00e3o e sensualidade com uma delicadeza indescrit\u00edvel.\u00a0Simplesmente luxuoso e com cheirinho de deusa!<br \/>\u00c9 um perfume feminino floral. Um verdadeiro buqu\u00ea de flores, desenvolvido a partir de finas ess\u00eancias para expressar sensualidade e frescor.<\/p>\n","protected":false},"featured_media":857,"comment_status":"open","ping_status":"closed","template":"","meta":[],"product_brand":[],"product_cat":[109,46,43,123],"product_tag":[],"class_list":{"0":"post-861","1":"product","2":"type-product","3":"status-publish","4":"has-post-thumbnail","6":"product_cat-economicos","7":"product_cat-geral","8":"product_cat-perfumes","9":"product_cat-perfumes-brand-collection","11":"first","12":"instock","13":"shipping-taxable","14":"purchasable","15":"product-type-simple"},"_links":{"self":[{"href":"https:\/\/mamajula.com.br\/index.php\/wp-json\/wp\/v2\/product\/861","targetHints":{"allow":["GET"]}}],"collection":[{"href":"https:\/\/mamajula.com.br\/index.php\/wp-json\/wp\/v2\/product"}],"about":[{"href":"https:\/\/mamajula.com.br\/index.php\/wp-json\/wp\/v2\/types\/product"}],"replies":[{"embeddable":true,"href":"https:\/\/mamajula.com.br\/index.php\/wp-json\/wp\/v2\/comments?post=861"}],"wp:featuredmedia":[{"embeddable":true,"href":"https:\/\/mamajula.com.br\/index.php\/wp-json\/wp\/v2\/media\/857"}],"wp:attachment":[{"href":"https:\/\/mamajula.com.br\/index.php\/wp-json\/wp\/v2\/media?parent=861"}],"wp:term":[{"taxonomy":"product_brand","embeddable":true,"href":"https:\/\/mamajula.com.br\/index.php\/wp-json\/wp\/v2\/product_brand?post=861"},{"taxonomy":"product_cat","embeddable":true,"href":"https:\/\/mamajula.com.br\/index.php\/wp-json\/wp\/v2\/product_cat?post=861"},{"taxonomy":"product_tag","embeddable":true,"href":"https:\/\/mamajula.com.br\/index.php\/wp-json\/wp\/v2\/product_tag?post=861"}],"curies":[{"name":"wp","href":"https:\/\/api.w.org\/{rel}","templated":true}]}}