{"id":862,"date":"2024-05-30T17:33:49","date_gmt":"2024-05-30T20:33:49","guid":{"rendered":"https:\/\/mamajula.com.br\/?post_type=product&#038;p=862"},"modified":"2025-08-30T10:45:05","modified_gmt":"2025-08-30T13:45:05","slug":"brand-collection-151-tubete-de-bolsa-inspirado-em-delina-30ml","status":"publish","type":"product","link":"https:\/\/mamajula.com.br\/index.php\/produto\/brand-collection-151-tubete-de-bolsa-inspirado-em-delina-30ml\/","title":{"rendered":"Brand Collection 151 &#8211; Tubete de Bolsa Inspirado em Delina &#8211; 30ml"},"content":{"rendered":"","protected":false},"excerpt":{"rendered":"<p><strong>Perfume Feminino Brand Collection 151 Parfum &#8211;<em>\u00a0Diana<\/em><\/strong><br \/>O Perfume Feminino Brand Collection 151 Tubete modelo de bolsa possui sua fragr\u00e2ncia inspirada em\u00a0<strong>Delina<\/strong>, de<strong>\u00a0Parfums de Marly<\/strong>. Uma fragr\u00e2ncia para um p\u00fablico muito seleto, pois no mercado de grifes \u00e9 um produto encontrado facilmente por R$\u00a03.000,00.\u00a0Por\u00e9m aqui em nossa loja, voc\u00ea ter\u00e1 a mesma fragr\u00e2ncia e o mesmo frasco por muito menos, e poder\u00e1 sair de casa com cheirinho de milion\u00e1ria!<\/p>\n","protected":false},"featured_media":859,"comment_status":"open","ping_status":"closed","template":"","meta":[],"product_brand":[],"product_cat":[109,46,43,123],"product_tag":[],"class_list":{"0":"post-862","1":"product","2":"type-product","3":"status-publish","4":"has-post-thumbnail","6":"product_cat-economicos","7":"product_cat-geral","8":"product_cat-perfumes","9":"product_cat-perfumes-brand-collection","11":"first","12":"instock","13":"shipping-taxable","14":"purchasable","15":"product-type-simple"},"_links":{"self":[{"href":"https:\/\/mamajula.com.br\/index.php\/wp-json\/wp\/v2\/product\/862","targetHints":{"allow":["GET"]}}],"collection":[{"href":"https:\/\/mamajula.com.br\/index.php\/wp-json\/wp\/v2\/product"}],"about":[{"href":"https:\/\/mamajula.com.br\/index.php\/wp-json\/wp\/v2\/types\/product"}],"replies":[{"embeddable":true,"href":"https:\/\/mamajula.com.br\/index.php\/wp-json\/wp\/v2\/comments?post=862"}],"wp:featuredmedia":[{"embeddable":true,"href":"https:\/\/mamajula.com.br\/index.php\/wp-json\/wp\/v2\/media\/859"}],"wp:attachment":[{"href":"https:\/\/mamajula.com.br\/index.php\/wp-json\/wp\/v2\/media?parent=862"}],"wp:term":[{"taxonomy":"product_brand","embeddable":true,"href":"https:\/\/mamajula.com.br\/index.php\/wp-json\/wp\/v2\/product_brand?post=862"},{"taxonomy":"product_cat","embeddable":true,"href":"https:\/\/mamajula.com.br\/index.php\/wp-json\/wp\/v2\/product_cat?post=862"},{"taxonomy":"product_tag","embeddable":true,"href":"https:\/\/mamajula.com.br\/index.php\/wp-json\/wp\/v2\/product_tag?post=862"}],"curies":[{"name":"wp","href":"https:\/\/api.w.org\/{rel}","templated":true}]}}