{"id":863,"date":"2024-05-30T17:58:00","date_gmt":"2024-05-30T20:58:00","guid":{"rendered":"https:\/\/mamajula.com.br\/?post_type=product&#038;p=863"},"modified":"2025-08-30T10:45:05","modified_gmt":"2025-08-30T13:45:05","slug":"brand-collection-116-tubete-de-bolsa-inspirado-em-invictus-30ml","status":"publish","type":"product","link":"https:\/\/mamajula.com.br\/index.php\/produto\/brand-collection-116-tubete-de-bolsa-inspirado-em-invictus-30ml\/","title":{"rendered":"Brand Collection 116 &#8211; Tubete de Bolsa Inspirado em Invictus &#8211; 30ml"},"content":{"rendered":"","protected":false},"excerpt":{"rendered":"<p><strong>Perfume Masculino Brand Collection 116 Parfum &#8211;<em>\u00a0Winner Inv<\/em><\/strong><br \/>O Perfume Masculino Brand Collection 116 Tubete modelo de bolsa possui sua fragr\u00e2ncia inspirada em\u00a0<strong>Invictus<\/strong>, de<strong>\u00a0Paco Rabanne<\/strong>. Um dos perfumes mais procurados entre os homens, e atualmente um dos mais famosos. Sua fragr\u00e2ncia \u00e9 uma refer\u00eancia ao clima de ver\u00e3o, pois abre com notas c\u00edtricas, marinhas e arom\u00e1ticas. Muito sofisticado, expressa um homem de presen\u00e7a marcante, sedutor, elegante e vers\u00e1til.<br \/>\u00c9 um perfume\u00a0masculino amadeirado aqu\u00e1tico. Celebra a vit\u00f3ria do homem que possui esp\u00edrito selvagem, incans\u00e1vel e sensual.<\/p>\n","protected":false},"featured_media":864,"comment_status":"open","ping_status":"closed","template":"","meta":[],"product_brand":[],"product_cat":[109,46,43,123],"product_tag":[],"class_list":{"0":"post-863","1":"product","2":"type-product","3":"status-publish","4":"has-post-thumbnail","6":"product_cat-economicos","7":"product_cat-geral","8":"product_cat-perfumes","9":"product_cat-perfumes-brand-collection","11":"first","12":"instock","13":"shipping-taxable","14":"purchasable","15":"product-type-simple"},"_links":{"self":[{"href":"https:\/\/mamajula.com.br\/index.php\/wp-json\/wp\/v2\/product\/863","targetHints":{"allow":["GET"]}}],"collection":[{"href":"https:\/\/mamajula.com.br\/index.php\/wp-json\/wp\/v2\/product"}],"about":[{"href":"https:\/\/mamajula.com.br\/index.php\/wp-json\/wp\/v2\/types\/product"}],"replies":[{"embeddable":true,"href":"https:\/\/mamajula.com.br\/index.php\/wp-json\/wp\/v2\/comments?post=863"}],"wp:featuredmedia":[{"embeddable":true,"href":"https:\/\/mamajula.com.br\/index.php\/wp-json\/wp\/v2\/media\/864"}],"wp:attachment":[{"href":"https:\/\/mamajula.com.br\/index.php\/wp-json\/wp\/v2\/media?parent=863"}],"wp:term":[{"taxonomy":"product_brand","embeddable":true,"href":"https:\/\/mamajula.com.br\/index.php\/wp-json\/wp\/v2\/product_brand?post=863"},{"taxonomy":"product_cat","embeddable":true,"href":"https:\/\/mamajula.com.br\/index.php\/wp-json\/wp\/v2\/product_cat?post=863"},{"taxonomy":"product_tag","embeddable":true,"href":"https:\/\/mamajula.com.br\/index.php\/wp-json\/wp\/v2\/product_tag?post=863"}],"curies":[{"name":"wp","href":"https:\/\/api.w.org\/{rel}","templated":true}]}}