{"id":916,"date":"2024-06-05T23:03:23","date_gmt":"2024-06-06T02:03:23","guid":{"rendered":"https:\/\/mamajula.com.br\/?post_type=product&#038;p=916"},"modified":"2025-08-30T10:45:05","modified_gmt":"2025-08-30T13:45:05","slug":"brand-collection-380-tubete-de-bolsa-inspirado-em-baccarat-rouge-540-extrait-30ml","status":"publish","type":"product","link":"https:\/\/mamajula.com.br\/index.php\/produto\/brand-collection-380-tubete-de-bolsa-inspirado-em-baccarat-rouge-540-extrait-30ml\/","title":{"rendered":"Brand Collection 380 &#8211; Tubete de Bolsa Inspirado em Baccarat Rouge 540 Extrait &#8211; 30ml"},"content":{"rendered":"","protected":false},"excerpt":{"rendered":"<p><strong>Perfume\u00a0Compartilh\u00e1vel Brand Collection 380\u00a0Parfum &#8211;<em>\u00a0Rouge Extrait<\/em><\/strong><br \/>O\u00a0Perfume Compartilh\u00e1vel Brand Collection 380\u00a0\u00e9 uma inspira\u00e7\u00e3o maravilhosa de\u00a0<strong>Baccarat Rouge 540 Extrait de Parfum<\/strong>\u00a0da casa de nicho\u00a0<strong>Maison Francis Kurkdjian<\/strong>, um dos perfumes mais famosos do mundo na atualidade!<br \/>Um perfume \u00e2mbar floral compartilh\u00e1vel, o que o torna incr\u00edvel tanto para homens como para mulheres.\u00a0Sua fragr\u00e2ncia intensifica o brilho das tr\u00eas auras encontradas em sua Refer\u00eancia Olfativa (Baccarat Rouge 540 Extrait de Parfum) sem trair a inspira\u00e7\u00e3o original. O of\u00edcio do perfumista e a sabedoria adquirida com o tempo deram origem a este extrato amadeirado de perfume, uma verdadeira obra de arte!<br \/>A nota de topo do jasmim Grandiflorum do Egito ressalta suavemente a voz do artes\u00e3o.\u00a0O toque de fogo \u00e9 aprimorado com facetas epicuristas em p\u00f3 de am\u00eandoa amarga do Marrocos.\u00a0Por fim, a nota mineral constru\u00edda em torno do \u00e2mbar cinza \u00e9 domada com um acorde almiscarado e amadeirado.\u00a0Somando-se \u00e0 intensidade do extrato, o frasco do perfume tamb\u00e9m brinca com a luz.\u00a0Sua est\u00e9tica veste um manto vermelho brilhante que lembra o vermelho\u00a0<strong>Baccarat<\/strong>.<\/p>\n","protected":false},"featured_media":914,"comment_status":"open","ping_status":"closed","template":"","meta":[],"product_brand":[],"product_cat":[109,46,43,123],"product_tag":[],"class_list":{"0":"post-916","1":"product","2":"type-product","3":"status-publish","4":"has-post-thumbnail","6":"product_cat-economicos","7":"product_cat-geral","8":"product_cat-perfumes","9":"product_cat-perfumes-brand-collection","11":"first","12":"instock","13":"shipping-taxable","14":"purchasable","15":"product-type-simple"},"_links":{"self":[{"href":"https:\/\/mamajula.com.br\/index.php\/wp-json\/wp\/v2\/product\/916","targetHints":{"allow":["GET"]}}],"collection":[{"href":"https:\/\/mamajula.com.br\/index.php\/wp-json\/wp\/v2\/product"}],"about":[{"href":"https:\/\/mamajula.com.br\/index.php\/wp-json\/wp\/v2\/types\/product"}],"replies":[{"embeddable":true,"href":"https:\/\/mamajula.com.br\/index.php\/wp-json\/wp\/v2\/comments?post=916"}],"wp:featuredmedia":[{"embeddable":true,"href":"https:\/\/mamajula.com.br\/index.php\/wp-json\/wp\/v2\/media\/914"}],"wp:attachment":[{"href":"https:\/\/mamajula.com.br\/index.php\/wp-json\/wp\/v2\/media?parent=916"}],"wp:term":[{"taxonomy":"product_brand","embeddable":true,"href":"https:\/\/mamajula.com.br\/index.php\/wp-json\/wp\/v2\/product_brand?post=916"},{"taxonomy":"product_cat","embeddable":true,"href":"https:\/\/mamajula.com.br\/index.php\/wp-json\/wp\/v2\/product_cat?post=916"},{"taxonomy":"product_tag","embeddable":true,"href":"https:\/\/mamajula.com.br\/index.php\/wp-json\/wp\/v2\/product_tag?post=916"}],"curies":[{"name":"wp","href":"https:\/\/api.w.org\/{rel}","templated":true}]}}