{"id":917,"date":"2024-06-05T23:05:44","date_gmt":"2024-06-06T02:05:44","guid":{"rendered":"https:\/\/mamajula.com.br\/?post_type=product&#038;p=917"},"modified":"2025-08-30T10:45:05","modified_gmt":"2025-08-30T13:45:05","slug":"brand-collection-034-tubete-de-bolsa-inspirado-em-212-vip-rose-30ml","status":"publish","type":"product","link":"https:\/\/mamajula.com.br\/index.php\/produto\/brand-collection-034-tubete-de-bolsa-inspirado-em-212-vip-rose-30ml\/","title":{"rendered":"Brand Collection 034 &#8211; Tubete de Bolsa Inspirado em 212 Vip Ros\u00e9 &#8211; 30ml"},"content":{"rendered":"","protected":false},"excerpt":{"rendered":"<p><strong>Perfume Feminino Brand Collection 034 Parfum &#8211;<em>\u00a0Rose Lady<\/em><\/strong><br \/>O Perfume Feminino Brand Collection 034 Tubete modelo de bolsa possui sua fragr\u00e2ncia inspirada em\u00a0<strong>212 Vip Ros\u00e9<\/strong>\u00a0de\u00a0<strong>Carolina Herrera<\/strong>. Suas notas de champanhe e frutas revelam o que o nome diz: uma presen\u00e7a vip! Seu cheirinho expressa muita jovialidade e revela a imagem da mulher chique e cheia de beleza.<br \/>\u00c9 um perfume feminino floral musk,\u00a0com toque de frutas, mais suave, homenagem \u00e0 vida e alegria da jovem ousada. Ideal para a mulher moderna e cheia de estilo. Conta com notas frutadas e Champagne no topo. Seguidas por Flor de P\u00eassego no corpo. E fecha com notas amadeiradas, \u00c2mbar e Alm\u00edscar Branco.<br \/>A fragr\u00e2ncia n\u00e3o passa despercebida e a faz se tornar o centro das aten\u00e7\u00f5es, atraindo todos os olhares. A mulher VIP\u00a0\u00e9 atraente e possui uma sensualidade natural e elegante: seu carisma e bom humor a fazem \u00fanica.<\/p>\n","protected":false},"featured_media":915,"comment_status":"open","ping_status":"closed","template":"","meta":[],"product_brand":[],"product_cat":[109,46,43,123],"product_tag":[],"class_list":{"0":"post-917","1":"product","2":"type-product","3":"status-publish","4":"has-post-thumbnail","6":"product_cat-economicos","7":"product_cat-geral","8":"product_cat-perfumes","9":"product_cat-perfumes-brand-collection","11":"first","12":"instock","13":"shipping-taxable","14":"purchasable","15":"product-type-simple"},"_links":{"self":[{"href":"https:\/\/mamajula.com.br\/index.php\/wp-json\/wp\/v2\/product\/917","targetHints":{"allow":["GET"]}}],"collection":[{"href":"https:\/\/mamajula.com.br\/index.php\/wp-json\/wp\/v2\/product"}],"about":[{"href":"https:\/\/mamajula.com.br\/index.php\/wp-json\/wp\/v2\/types\/product"}],"replies":[{"embeddable":true,"href":"https:\/\/mamajula.com.br\/index.php\/wp-json\/wp\/v2\/comments?post=917"}],"wp:featuredmedia":[{"embeddable":true,"href":"https:\/\/mamajula.com.br\/index.php\/wp-json\/wp\/v2\/media\/915"}],"wp:attachment":[{"href":"https:\/\/mamajula.com.br\/index.php\/wp-json\/wp\/v2\/media?parent=917"}],"wp:term":[{"taxonomy":"product_brand","embeddable":true,"href":"https:\/\/mamajula.com.br\/index.php\/wp-json\/wp\/v2\/product_brand?post=917"},{"taxonomy":"product_cat","embeddable":true,"href":"https:\/\/mamajula.com.br\/index.php\/wp-json\/wp\/v2\/product_cat?post=917"},{"taxonomy":"product_tag","embeddable":true,"href":"https:\/\/mamajula.com.br\/index.php\/wp-json\/wp\/v2\/product_tag?post=917"}],"curies":[{"name":"wp","href":"https:\/\/api.w.org\/{rel}","templated":true}]}}