{"id":918,"date":"2024-06-05T23:08:35","date_gmt":"2024-06-06T02:08:35","guid":{"rendered":"https:\/\/mamajula.com.br\/?post_type=product&#038;p=918"},"modified":"2025-08-30T10:45:04","modified_gmt":"2025-08-30T13:45:04","slug":"brand-collection-020-tubete-de-bolsa-inspirado-em-poison-dior-30ml","status":"publish","type":"product","link":"https:\/\/mamajula.com.br\/index.php\/produto\/brand-collection-020-tubete-de-bolsa-inspirado-em-poison-dior-30ml\/","title":{"rendered":"Brand Collection 020 &#8211; Tubete de Bolsa Inspirado em Poison Dior &#8211; 30ml"},"content":{"rendered":"","protected":false},"excerpt":{"rendered":"<p><strong>Perfume Feminino Brand Collection 020 Parfum &#8211;<em>\u00a0Intoxica<\/em><\/strong><br \/>O Perfume\u00a0Feminino Brand Collection\u00a0020 \u00e9 todinho inspirado em<strong>\u00a0Poison<\/strong>, de<strong>\u00a0Dior<\/strong>.\u00a0Um perfume feminino oriental que traz\u00a0notas excepcionalmente ricas,\u00a0uma leg\u00edtima e inesquec\u00edvel arma de sedu\u00e7\u00e3o.<br \/>Faz parte de uma linha de perfumes provocativos e ousados, criados para serem misteriosos e sensuais. Com acordes especiados e frutados, \u00e9 uma fragr\u00e2ncia para mulheres femininas e confiantes.<\/p>\n","protected":false},"featured_media":908,"comment_status":"open","ping_status":"closed","template":"","meta":[],"product_brand":[],"product_cat":[109,46,43,123],"product_tag":[],"class_list":{"0":"post-918","1":"product","2":"type-product","3":"status-publish","4":"has-post-thumbnail","6":"product_cat-economicos","7":"product_cat-geral","8":"product_cat-perfumes","9":"product_cat-perfumes-brand-collection","11":"first","12":"instock","13":"shipping-taxable","14":"purchasable","15":"product-type-simple"},"_links":{"self":[{"href":"https:\/\/mamajula.com.br\/index.php\/wp-json\/wp\/v2\/product\/918","targetHints":{"allow":["GET"]}}],"collection":[{"href":"https:\/\/mamajula.com.br\/index.php\/wp-json\/wp\/v2\/product"}],"about":[{"href":"https:\/\/mamajula.com.br\/index.php\/wp-json\/wp\/v2\/types\/product"}],"replies":[{"embeddable":true,"href":"https:\/\/mamajula.com.br\/index.php\/wp-json\/wp\/v2\/comments?post=918"}],"wp:featuredmedia":[{"embeddable":true,"href":"https:\/\/mamajula.com.br\/index.php\/wp-json\/wp\/v2\/media\/908"}],"wp:attachment":[{"href":"https:\/\/mamajula.com.br\/index.php\/wp-json\/wp\/v2\/media?parent=918"}],"wp:term":[{"taxonomy":"product_brand","embeddable":true,"href":"https:\/\/mamajula.com.br\/index.php\/wp-json\/wp\/v2\/product_brand?post=918"},{"taxonomy":"product_cat","embeddable":true,"href":"https:\/\/mamajula.com.br\/index.php\/wp-json\/wp\/v2\/product_cat?post=918"},{"taxonomy":"product_tag","embeddable":true,"href":"https:\/\/mamajula.com.br\/index.php\/wp-json\/wp\/v2\/product_tag?post=918"}],"curies":[{"name":"wp","href":"https:\/\/api.w.org\/{rel}","templated":true}]}}