{"id":919,"date":"2024-06-05T23:11:50","date_gmt":"2024-06-06T02:11:50","guid":{"rendered":"https:\/\/mamajula.com.br\/?post_type=product&#038;p=919"},"modified":"2025-08-30T10:45:04","modified_gmt":"2025-08-30T13:45:04","slug":"brand-collection-188-tubete-de-bolsa-inspirado-em-my-way-30ml","status":"publish","type":"product","link":"https:\/\/mamajula.com.br\/index.php\/produto\/brand-collection-188-tubete-de-bolsa-inspirado-em-my-way-30ml\/","title":{"rendered":"Brand Collection 188 &#8211; Tubete de Bolsa Inspirado em My Way &#8211; 30ml"},"content":{"rendered":"","protected":false},"excerpt":{"rendered":"<p><strong>Perfume Feminino Brand Collection 188 Parfum &#8211;<em>\u00a0My Way<\/em><\/strong><br \/>O Perfume\u00a0Feminino Brand Collection 188 Tubete modelo de bolsa possui sua fragr\u00e2ncia inspirada em\u00a0<strong>My Way<\/strong>, de<strong>\u00a0Giorgio Armani<\/strong>.\u00a0\u00c9\u00a0o perfume de descobertas e conex\u00f5es para uma mulher de mente aberta, curiosa e aut\u00eantica que est\u00e1 pronta para ampliar seus horizontes e viver encontros significativos em todo o mundo.<br \/>Esta fragr\u00e2ncia, apaixonante, feminina \u00e9 um encontro de ingredientes de origem consciente. A bergamota encontra a flor de laranjeira do Egito em um come\u00e7o luminoso e cintilante, com um buqu\u00ea floral brilhante amplificado de tuberosa e jasmim da \u00cdndia como o cora\u00e7\u00e3o pulsante. Finalmente, um cedro vibrante da Virg\u00ednia encontra uma baunilha sensual de Madagascar e alm\u00edscares brancos para assinar a composi\u00e7\u00e3o.<br \/>A tampa azul e dourada \u00e9 uma met\u00e1fora do mundo!\u00a0O azul \u00e9 a cor universal que nos une a todos. \u00c9 englobado por um anel dourado, estampado com a assinatura de Giorgio Armani, s\u00edmbolo de um caminho \u00fanico que se ilumina a cada encontro ao longo do caminho. Esta fragr\u00e2ncia luxuosa \u00e9 recarreg\u00e1vel.<br \/>\u00c9 um talism\u00e3 que encapsula todos os encontros que importam. EU SOU O QUE EU VIVO.<\/p>\n","protected":false},"featured_media":912,"comment_status":"open","ping_status":"closed","template":"","meta":[],"product_brand":[],"product_cat":[109,46,43,123],"product_tag":[],"class_list":{"0":"post-919","1":"product","2":"type-product","3":"status-publish","4":"has-post-thumbnail","6":"product_cat-economicos","7":"product_cat-geral","8":"product_cat-perfumes","9":"product_cat-perfumes-brand-collection","11":"first","12":"instock","13":"shipping-taxable","14":"purchasable","15":"product-type-simple"},"_links":{"self":[{"href":"https:\/\/mamajula.com.br\/index.php\/wp-json\/wp\/v2\/product\/919","targetHints":{"allow":["GET"]}}],"collection":[{"href":"https:\/\/mamajula.com.br\/index.php\/wp-json\/wp\/v2\/product"}],"about":[{"href":"https:\/\/mamajula.com.br\/index.php\/wp-json\/wp\/v2\/types\/product"}],"replies":[{"embeddable":true,"href":"https:\/\/mamajula.com.br\/index.php\/wp-json\/wp\/v2\/comments?post=919"}],"wp:featuredmedia":[{"embeddable":true,"href":"https:\/\/mamajula.com.br\/index.php\/wp-json\/wp\/v2\/media\/912"}],"wp:attachment":[{"href":"https:\/\/mamajula.com.br\/index.php\/wp-json\/wp\/v2\/media?parent=919"}],"wp:term":[{"taxonomy":"product_brand","embeddable":true,"href":"https:\/\/mamajula.com.br\/index.php\/wp-json\/wp\/v2\/product_brand?post=919"},{"taxonomy":"product_cat","embeddable":true,"href":"https:\/\/mamajula.com.br\/index.php\/wp-json\/wp\/v2\/product_cat?post=919"},{"taxonomy":"product_tag","embeddable":true,"href":"https:\/\/mamajula.com.br\/index.php\/wp-json\/wp\/v2\/product_tag?post=919"}],"curies":[{"name":"wp","href":"https:\/\/api.w.org\/{rel}","templated":true}]}}