{"id":921,"date":"2024-06-05T23:17:40","date_gmt":"2024-06-06T02:17:40","guid":{"rendered":"https:\/\/mamajula.com.br\/?post_type=product&#038;p=921"},"modified":"2025-08-30T10:45:04","modified_gmt":"2025-08-30T13:45:04","slug":"brand-collection-087-tubete-de-bolsa-inspirado-em-olympea-30ml","status":"publish","type":"product","link":"https:\/\/mamajula.com.br\/index.php\/produto\/brand-collection-087-tubete-de-bolsa-inspirado-em-olympea-30ml\/","title":{"rendered":"Brand Collection 087 &#8211; Tubete de Bolsa Inspirado em Olymp\u00e9a &#8211; 30ml"},"content":{"rendered":"","protected":false},"excerpt":{"rendered":"<p><strong>Perfume Feminino Brand Collection 087 Parfum &#8211;<em>\u00a0Only Love<\/em><\/strong><br \/>O Perfume Feminino Brand Collection 087 Tubete modelo de bolsa possui sua fragr\u00e2ncia inspirada em\u00a0<strong>Olymp\u00e9a<\/strong>, de<strong>\u00a0Paco Rabanne<\/strong>. Uma fragr\u00e2ncia \u00e2mbar floral feminina com\u00a0cheirinho adocicado.\u00a0Possui particularidade oriental fresco intrigante. Traz uma fragr\u00e2ncia que invoca a for\u00e7a de Ol\u00edmpia, deusa grega mitol\u00f3gica.<br \/>Apresenta um aroma inesquec\u00edvel, que traz \u00e0 tona a feminilidade e determina\u00e7\u00e3o da mulher que o usa. Conta com notas de Tangerina Verde, Flor de Gengibre e Jasmim Aqu\u00e1tico combinadas com notas de cora\u00e7\u00e3o de Baunilha Salgada e notas de fundo de Ambergris, Caxemira e S\u00e2ndalo.\u00a0O frasco remete a todos os s\u00edmbolos da gl\u00f3ria: o tom rosado da fragr\u00e2ncia orna harmoniosamente com o vidro em formato de \u00e2nfora, em alus\u00e3o perfeita aos vasos de cer\u00e2mica onde os deuses guardavam as bebidas e as folhas de louro, \u00e0s coroas da vit\u00f3ria.<br \/>\u00a0<\/p>\n","protected":false},"featured_media":922,"comment_status":"open","ping_status":"closed","template":"","meta":[],"product_brand":[],"product_cat":[109,46,43,123],"product_tag":[],"class_list":{"0":"post-921","1":"product","2":"type-product","3":"status-publish","4":"has-post-thumbnail","6":"product_cat-economicos","7":"product_cat-geral","8":"product_cat-perfumes","9":"product_cat-perfumes-brand-collection","11":"first","12":"instock","13":"shipping-taxable","14":"purchasable","15":"product-type-simple"},"_links":{"self":[{"href":"https:\/\/mamajula.com.br\/index.php\/wp-json\/wp\/v2\/product\/921","targetHints":{"allow":["GET"]}}],"collection":[{"href":"https:\/\/mamajula.com.br\/index.php\/wp-json\/wp\/v2\/product"}],"about":[{"href":"https:\/\/mamajula.com.br\/index.php\/wp-json\/wp\/v2\/types\/product"}],"replies":[{"embeddable":true,"href":"https:\/\/mamajula.com.br\/index.php\/wp-json\/wp\/v2\/comments?post=921"}],"wp:featuredmedia":[{"embeddable":true,"href":"https:\/\/mamajula.com.br\/index.php\/wp-json\/wp\/v2\/media\/922"}],"wp:attachment":[{"href":"https:\/\/mamajula.com.br\/index.php\/wp-json\/wp\/v2\/media?parent=921"}],"wp:term":[{"taxonomy":"product_brand","embeddable":true,"href":"https:\/\/mamajula.com.br\/index.php\/wp-json\/wp\/v2\/product_brand?post=921"},{"taxonomy":"product_cat","embeddable":true,"href":"https:\/\/mamajula.com.br\/index.php\/wp-json\/wp\/v2\/product_cat?post=921"},{"taxonomy":"product_tag","embeddable":true,"href":"https:\/\/mamajula.com.br\/index.php\/wp-json\/wp\/v2\/product_tag?post=921"}],"curies":[{"name":"wp","href":"https:\/\/api.w.org\/{rel}","templated":true}]}}